{"id":4878,"date":"2022-11-25T13:16:07","date_gmt":"2022-11-25T13:16:07","guid":{"rendered":"https:\/\/canonm5.com\/?post_type=product&#038;p=4878"},"modified":"2022-11-28T14:58:06","modified_gmt":"2022-11-28T14:58:06","slug":"contadora-clasificadora-de-monedas-safescan-1250","status":"publish","type":"product","link":"https:\/\/canonm5.com\/index.php\/producto\/contadora-clasificadora-de-monedas-safescan-1250\/","title":{"rendered":"CONTADORA CLASIFICADORA DE MONEDAS SAFESCAN 1250"},"content":{"rendered":"<p>&#8211; Cuenta y clasifica 220 monedas por minuto.<br \/>\n&#8211; Puede introducir de 300 a 500 monedas en la bandeja<br \/>\n&#8211; Mientras las cuenta y clasifica puede seguir a\u00f1adiendo monedas.<br \/>\n&#8211; Indica el valor total y la cantidad por bandeja.<br \/>\n&#8211; Funci\u00f3n de suma y de fajos.<br \/>\n&#8211; Alimentaci\u00f3n: 220 V.<br \/>\n&#8211; Certificado CE.<br \/>\n&#8211; Dimensiones: 35,5 x 33 x 26,6 cm.<\/p>\n<p>&nbsp;<\/p>\n<p><em>E.O. Madrid Cinco S.L., no se responsabiliza de posibles errores tipogr\u00e1ficos y de precio. Las fotograf\u00edas de los productos pueden sufrir cambios<\/em><\/p>\n","protected":false},"excerpt":{"rendered":"<p>&#8211; Cuenta y clasifica 220 monedas por minuto.<br \/>\n&#8211; Puede introducir de 300 a 500 monedas en la bandeja<br \/>\n&#8211; Mientras las cuenta y clasifica puede seguir a\u00f1adiendo monedas.<br \/>\n&#8211; Indica el valor total y la cantidad por bandeja.<br \/>\n&#8211; Funci\u00f3n de suma y de fajos.<br \/>\n&#8211; Alimentaci\u00f3n: 220 V.<br \/>\n&#8211; Certificado CE.<br \/>\n&#8211; Dimensiones: 35,5 x 33 x 26,6 cm.<\/p>\n","protected":false},"featured_media":4882,"template":"","meta":{"_et_pb_use_builder":"","_et_pb_old_content":"","_et_gb_content_width":"","_joinchat":[]},"product_cat":[954,830],"product_tag":[1543,1541,1540,1542,1525],"class_list":{"0":"post-4878","1":"product","2":"type-product","3":"status-publish","4":"has-post-thumbnail","6":"product_cat-maquinas-contadoras-y-detectora-de-billetes-falsos","7":"product_cat-maquinas-de-oficina","8":"product_tag-1543","9":"product_tag-clasificadora","10":"product_tag-contadora","11":"product_tag-monedas","12":"product_tag-safescan","14":"first","15":"instock","16":"taxable","17":"shipping-taxable","18":"purchasable","19":"product-type-simple"},"yoast_head":"<!-- This site is optimized with the Yoast SEO plugin v27.4 - https:\/\/yoast.com\/product\/yoast-seo-wordpress\/ -->\n<title>CONTADORA CLASIFICADORA DE MONEDAS SAFESCAN 1250 - Canon M5 Madrid | Distribuidor oficial Canon<\/title>\n<meta name=\"description\" content=\"Cuenta y clasifica 220 monedas por minuto. Puede introducir de 300 a 500 monedas en la tolva de alimentaci\u00f3n y mientras las cuenta y clasifica puede seguir a\u00f1adiendo m\u00e1s monedas. Indica el valor total y la cantidad por denominaci\u00f3n. Funci\u00f3n de suma y de fajos. Parada autom\u00e1tica cuando una taza est\u00e1 llena. Alimentaci\u00f3n: 220 V. Certificado CE. Dimensiones: 35,5 x 33 x 26,6 cm.\" \/>\n<meta name=\"robots\" content=\"index, follow, max-snippet:-1, max-image-preview:large, max-video-preview:-1\" \/>\n<link rel=\"canonical\" href=\"https:\/\/canonm5.com\/index.php\/producto\/contadora-clasificadora-de-monedas-safescan-1250\/\" \/>\n<meta property=\"og:locale\" content=\"es_ES\" \/>\n<meta property=\"og:type\" content=\"article\" \/>\n<meta property=\"og:title\" content=\"CONTADORA CLASIFICADORA DE MONEDAS SAFESCAN 1250 - Canon M5 Madrid | Distribuidor oficial Canon\" \/>\n<meta property=\"og:description\" content=\"Cuenta y clasifica 220 monedas por minuto. Puede introducir de 300 a 500 monedas en la tolva de alimentaci\u00f3n y mientras las cuenta y clasifica puede seguir a\u00f1adiendo m\u00e1s monedas. Indica el valor total y la cantidad por denominaci\u00f3n. Funci\u00f3n de suma y de fajos. Parada autom\u00e1tica cuando una taza est\u00e1 llena. Alimentaci\u00f3n: 220 V. Certificado CE. Dimensiones: 35,5 x 33 x 26,6 cm.\" \/>\n<meta property=\"og:url\" content=\"https:\/\/canonm5.com\/index.php\/producto\/contadora-clasificadora-de-monedas-safescan-1250\/\" \/>\n<meta property=\"og:site_name\" content=\"Canon M5 Madrid | Distribuidor oficial Canon\" \/>\n<meta property=\"article:modified_time\" content=\"2022-11-28T14:58:06+00:00\" \/>\n<meta property=\"og:image\" content=\"https:\/\/canonm5.com\/wp-content\/uploads\/2022\/11\/contad-clasif-monedas-safescan-1250-113-0547.jpg\" \/>\n\t<meta property=\"og:image:width\" content=\"239\" \/>\n\t<meta property=\"og:image:height\" content=\"239\" \/>\n\t<meta property=\"og:image:type\" content=\"image\/jpeg\" \/>\n<meta name=\"twitter:card\" content=\"summary_large_image\" \/>\n<script type=\"application\/ld+json\" class=\"yoast-schema-graph\">{\"@context\":\"https:\\\/\\\/schema.org\",\"@graph\":[{\"@type\":\"WebPage\",\"@id\":\"https:\\\/\\\/canonm5.com\\\/index.php\\\/producto\\\/contadora-clasificadora-de-monedas-safescan-1250\\\/\",\"url\":\"https:\\\/\\\/canonm5.com\\\/index.php\\\/producto\\\/contadora-clasificadora-de-monedas-safescan-1250\\\/\",\"name\":\"CONTADORA CLASIFICADORA DE MONEDAS SAFESCAN 1250 - Canon M5 Madrid | Distribuidor oficial Canon\",\"isPartOf\":{\"@id\":\"https:\\\/\\\/canonm5.com\\\/#website\"},\"primaryImageOfPage\":{\"@id\":\"https:\\\/\\\/canonm5.com\\\/index.php\\\/producto\\\/contadora-clasificadora-de-monedas-safescan-1250\\\/#primaryimage\"},\"image\":{\"@id\":\"https:\\\/\\\/canonm5.com\\\/index.php\\\/producto\\\/contadora-clasificadora-de-monedas-safescan-1250\\\/#primaryimage\"},\"thumbnailUrl\":\"https:\\\/\\\/canonm5.com\\\/wp-content\\\/uploads\\\/2022\\\/11\\\/contad-clasif-monedas-safescan-1250-113-0547.jpg\",\"datePublished\":\"2022-11-25T13:16:07+00:00\",\"dateModified\":\"2022-11-28T14:58:06+00:00\",\"description\":\"Cuenta y clasifica 220 monedas por minuto. Puede introducir de 300 a 500 monedas en la tolva de alimentaci\u00f3n y mientras las cuenta y clasifica puede seguir a\u00f1adiendo m\u00e1s monedas. Indica el valor total y la cantidad por denominaci\u00f3n. Funci\u00f3n de suma y de fajos. Parada autom\u00e1tica cuando una taza est\u00e1 llena. Alimentaci\u00f3n: 220 V. Certificado CE. Dimensiones: 35,5 x 33 x 26,6 cm.\",\"breadcrumb\":{\"@id\":\"https:\\\/\\\/canonm5.com\\\/index.php\\\/producto\\\/contadora-clasificadora-de-monedas-safescan-1250\\\/#breadcrumb\"},\"inLanguage\":\"es\",\"potentialAction\":[{\"@type\":\"ReadAction\",\"target\":[\"https:\\\/\\\/canonm5.com\\\/index.php\\\/producto\\\/contadora-clasificadora-de-monedas-safescan-1250\\\/\"]}]},{\"@type\":\"ImageObject\",\"inLanguage\":\"es\",\"@id\":\"https:\\\/\\\/canonm5.com\\\/index.php\\\/producto\\\/contadora-clasificadora-de-monedas-safescan-1250\\\/#primaryimage\",\"url\":\"https:\\\/\\\/canonm5.com\\\/wp-content\\\/uploads\\\/2022\\\/11\\\/contad-clasif-monedas-safescan-1250-113-0547.jpg\",\"contentUrl\":\"https:\\\/\\\/canonm5.com\\\/wp-content\\\/uploads\\\/2022\\\/11\\\/contad-clasif-monedas-safescan-1250-113-0547.jpg\",\"width\":239,\"height\":239},{\"@type\":\"BreadcrumbList\",\"@id\":\"https:\\\/\\\/canonm5.com\\\/index.php\\\/producto\\\/contadora-clasificadora-de-monedas-safescan-1250\\\/#breadcrumb\",\"itemListElement\":[{\"@type\":\"ListItem\",\"position\":1,\"name\":\"Portada\",\"item\":\"https:\\\/\\\/canonm5.com\\\/\"},{\"@type\":\"ListItem\",\"position\":2,\"name\":\"Nuestros productos\",\"item\":\"https:\\\/\\\/canonm5.com\\\/index.php\\\/productos\\\/\"},{\"@type\":\"ListItem\",\"position\":3,\"name\":\"CONTADORA CLASIFICADORA DE MONEDAS SAFESCAN 1250\"}]},{\"@type\":\"WebSite\",\"@id\":\"https:\\\/\\\/canonm5.com\\\/#website\",\"url\":\"https:\\\/\\\/canonm5.com\\\/\",\"name\":\"Canon M5 Madrid | Distribuidor oficial Canon\",\"description\":\"Renting de impresoras para empresas\",\"potentialAction\":[{\"@type\":\"SearchAction\",\"target\":{\"@type\":\"EntryPoint\",\"urlTemplate\":\"https:\\\/\\\/canonm5.com\\\/?s={search_term_string}\"},\"query-input\":{\"@type\":\"PropertyValueSpecification\",\"valueRequired\":true,\"valueName\":\"search_term_string\"}}],\"inLanguage\":\"es\"}]}<\/script>\n<!-- \/ Yoast SEO plugin. -->","yoast_head_json":{"title":"CONTADORA CLASIFICADORA DE MONEDAS SAFESCAN 1250 - Canon M5 Madrid | Distribuidor oficial Canon","description":"Cuenta y clasifica 220 monedas por minuto. Puede introducir de 300 a 500 monedas en la tolva de alimentaci\u00f3n y mientras las cuenta y clasifica puede seguir a\u00f1adiendo m\u00e1s monedas. Indica el valor total y la cantidad por denominaci\u00f3n. Funci\u00f3n de suma y de fajos. Parada autom\u00e1tica cuando una taza est\u00e1 llena. Alimentaci\u00f3n: 220 V. Certificado CE. Dimensiones: 35,5 x 33 x 26,6 cm.","robots":{"index":"index","follow":"follow","max-snippet":"max-snippet:-1","max-image-preview":"max-image-preview:large","max-video-preview":"max-video-preview:-1"},"canonical":"https:\/\/canonm5.com\/index.php\/producto\/contadora-clasificadora-de-monedas-safescan-1250\/","og_locale":"es_ES","og_type":"article","og_title":"CONTADORA CLASIFICADORA DE MONEDAS SAFESCAN 1250 - Canon M5 Madrid | Distribuidor oficial Canon","og_description":"Cuenta y clasifica 220 monedas por minuto. Puede introducir de 300 a 500 monedas en la tolva de alimentaci\u00f3n y mientras las cuenta y clasifica puede seguir a\u00f1adiendo m\u00e1s monedas. Indica el valor total y la cantidad por denominaci\u00f3n. Funci\u00f3n de suma y de fajos. Parada autom\u00e1tica cuando una taza est\u00e1 llena. Alimentaci\u00f3n: 220 V. Certificado CE. Dimensiones: 35,5 x 33 x 26,6 cm.","og_url":"https:\/\/canonm5.com\/index.php\/producto\/contadora-clasificadora-de-monedas-safescan-1250\/","og_site_name":"Canon M5 Madrid | Distribuidor oficial Canon","article_modified_time":"2022-11-28T14:58:06+00:00","og_image":[{"width":239,"height":239,"url":"https:\/\/canonm5.com\/wp-content\/uploads\/2022\/11\/contad-clasif-monedas-safescan-1250-113-0547.jpg","type":"image\/jpeg"}],"twitter_card":"summary_large_image","schema":{"@context":"https:\/\/schema.org","@graph":[{"@type":"WebPage","@id":"https:\/\/canonm5.com\/index.php\/producto\/contadora-clasificadora-de-monedas-safescan-1250\/","url":"https:\/\/canonm5.com\/index.php\/producto\/contadora-clasificadora-de-monedas-safescan-1250\/","name":"CONTADORA CLASIFICADORA DE MONEDAS SAFESCAN 1250 - Canon M5 Madrid | Distribuidor oficial Canon","isPartOf":{"@id":"https:\/\/canonm5.com\/#website"},"primaryImageOfPage":{"@id":"https:\/\/canonm5.com\/index.php\/producto\/contadora-clasificadora-de-monedas-safescan-1250\/#primaryimage"},"image":{"@id":"https:\/\/canonm5.com\/index.php\/producto\/contadora-clasificadora-de-monedas-safescan-1250\/#primaryimage"},"thumbnailUrl":"https:\/\/canonm5.com\/wp-content\/uploads\/2022\/11\/contad-clasif-monedas-safescan-1250-113-0547.jpg","datePublished":"2022-11-25T13:16:07+00:00","dateModified":"2022-11-28T14:58:06+00:00","description":"Cuenta y clasifica 220 monedas por minuto. Puede introducir de 300 a 500 monedas en la tolva de alimentaci\u00f3n y mientras las cuenta y clasifica puede seguir a\u00f1adiendo m\u00e1s monedas. Indica el valor total y la cantidad por denominaci\u00f3n. Funci\u00f3n de suma y de fajos. Parada autom\u00e1tica cuando una taza est\u00e1 llena. Alimentaci\u00f3n: 220 V. Certificado CE. Dimensiones: 35,5 x 33 x 26,6 cm.","breadcrumb":{"@id":"https:\/\/canonm5.com\/index.php\/producto\/contadora-clasificadora-de-monedas-safescan-1250\/#breadcrumb"},"inLanguage":"es","potentialAction":[{"@type":"ReadAction","target":["https:\/\/canonm5.com\/index.php\/producto\/contadora-clasificadora-de-monedas-safescan-1250\/"]}]},{"@type":"ImageObject","inLanguage":"es","@id":"https:\/\/canonm5.com\/index.php\/producto\/contadora-clasificadora-de-monedas-safescan-1250\/#primaryimage","url":"https:\/\/canonm5.com\/wp-content\/uploads\/2022\/11\/contad-clasif-monedas-safescan-1250-113-0547.jpg","contentUrl":"https:\/\/canonm5.com\/wp-content\/uploads\/2022\/11\/contad-clasif-monedas-safescan-1250-113-0547.jpg","width":239,"height":239},{"@type":"BreadcrumbList","@id":"https:\/\/canonm5.com\/index.php\/producto\/contadora-clasificadora-de-monedas-safescan-1250\/#breadcrumb","itemListElement":[{"@type":"ListItem","position":1,"name":"Portada","item":"https:\/\/canonm5.com\/"},{"@type":"ListItem","position":2,"name":"Nuestros productos","item":"https:\/\/canonm5.com\/index.php\/productos\/"},{"@type":"ListItem","position":3,"name":"CONTADORA CLASIFICADORA DE MONEDAS SAFESCAN 1250"}]},{"@type":"WebSite","@id":"https:\/\/canonm5.com\/#website","url":"https:\/\/canonm5.com\/","name":"Canon M5 Madrid | Distribuidor oficial Canon","description":"Renting de impresoras para empresas","potentialAction":[{"@type":"SearchAction","target":{"@type":"EntryPoint","urlTemplate":"https:\/\/canonm5.com\/?s={search_term_string}"},"query-input":{"@type":"PropertyValueSpecification","valueRequired":true,"valueName":"search_term_string"}}],"inLanguage":"es"}]}},"_links":{"self":[{"href":"https:\/\/canonm5.com\/index.php\/wp-json\/wp\/v2\/product\/4878","targetHints":{"allow":["GET"]}}],"collection":[{"href":"https:\/\/canonm5.com\/index.php\/wp-json\/wp\/v2\/product"}],"about":[{"href":"https:\/\/canonm5.com\/index.php\/wp-json\/wp\/v2\/types\/product"}],"wp:featuredmedia":[{"embeddable":true,"href":"https:\/\/canonm5.com\/index.php\/wp-json\/wp\/v2\/media\/4882"}],"wp:attachment":[{"href":"https:\/\/canonm5.com\/index.php\/wp-json\/wp\/v2\/media?parent=4878"}],"wp:term":[{"taxonomy":"product_cat","embeddable":true,"href":"https:\/\/canonm5.com\/index.php\/wp-json\/wp\/v2\/product_cat?post=4878"},{"taxonomy":"product_tag","embeddable":true,"href":"https:\/\/canonm5.com\/index.php\/wp-json\/wp\/v2\/product_tag?post=4878"}],"curies":[{"name":"wp","href":"https:\/\/api.w.org\/{rel}","templated":true}]}}