{"id":4873,"date":"2022-11-25T13:10:30","date_gmt":"2022-11-25T13:10:30","guid":{"rendered":"https:\/\/canonm5.com\/?post_type=product&#038;p=4873"},"modified":"2022-11-28T14:56:11","modified_gmt":"2022-11-28T14:56:11","slug":"contadora-de-billetes-safescan-2210","status":"publish","type":"product","link":"https:\/\/canonm5.com\/index.php\/producto\/contadora-de-billetes-safescan-2210\/","title":{"rendered":"CONTADORA DE BILLETES SAFESCAN 2210"},"content":{"rendered":"<p>Velocidad contadora de 1.000 billetes\/minuto<br \/>\n&#8211; Para todas las divisas<br \/>\n&#8211; Forma de detecci\u00f3n: UV y tama\u00f1o<br \/>\n&#8211; Alarma para billetes sospechosos<br \/>\n&#8211; Adici\u00f3n y funci\u00f3n de fajos<br \/>\n&#8211; Cuenta y verifica los antiguos y nuevos billetes de euro (ES-1\/ES-2)<br \/>\n&#8211; F\u00e1cil de utilizar<br \/>\n&#8211; Inicio autom\u00e1tico y parada autom\u00e1tica<br \/>\n&#8211; Amplia pantalla LCD<br \/>\n&#8211; Amplia tolva para 300 billetes<br \/>\n&#8211; Capacidad del apilador para 200 billetes<\/p>\n<p>&nbsp;<\/p>\n<p><em>E.O. Madrid Cinco S.L., no se responsabiliza de posibles errores tipogr\u00e1ficos y de precio. Las fotograf\u00edas de los productos pueden sufrir cambios<\/em><\/p>\n<p>&nbsp;<\/p>\n","protected":false},"excerpt":{"rendered":"<p>Velocidad contadora de 1.000 billetes\/minuto<br \/>\n&#8211; Para todas las divisas<br \/>\n&#8211; Forma de detecci\u00f3n: UV y tama\u00f1o<br \/>\n&#8211; Alarma para billetes sospechosos<br \/>\n&#8211; Adici\u00f3n y funci\u00f3n de fajos<br \/>\n&#8211; Cuenta y verifica los antiguos y nuevos billetes de euro (ES-1\/ES-2)<br \/>\n&#8211; F\u00e1cil de utilizar<br \/>\n&#8211; Inicio autom\u00e1tico y parada autom\u00e1tica<br \/>\n&#8211; Amplia pantalla LCD<br \/>\n&#8211; Amplia tolva para 300 billetes<br \/>\n&#8211; Capacidad del apilador para 200 billetes<\/p>\n","protected":false},"featured_media":4876,"template":"","meta":{"_et_pb_use_builder":"","_et_pb_old_content":"","_et_gb_content_width":"","_joinchat":[]},"product_cat":[954,830],"product_tag":[1538,1537,1536,1525],"class_list":{"0":"post-4873","1":"product","2":"type-product","3":"status-publish","4":"has-post-thumbnail","6":"product_cat-maquinas-contadoras-y-detectora-de-billetes-falsos","7":"product_cat-maquinas-de-oficina","8":"product_tag-1538","9":"product_tag-billestes","10":"product_tag-contadores","11":"product_tag-safescan","13":"first","14":"instock","15":"taxable","16":"shipping-taxable","17":"purchasable","18":"product-type-simple"},"yoast_head":"<!-- This site is optimized with the Yoast SEO plugin v27.4 - https:\/\/yoast.com\/product\/yoast-seo-wordpress\/ -->\n<title>CONTADORA DE BILLETES SAFESCAN 2210 - Canon M5 Madrid | Distribuidor oficial Canon<\/title>\n<meta name=\"description\" content=\"Ahorra tiempo y elimina la posibilidad de errores. La tolva de carga trasera del Safescan 2210 tiene una capacidad de hasta 300 billetes y puede contar de forma precisa hasta 1.000 billetes por minuto. Pulsa el pr\u00e1ctico bot\u00f3n \u201cadd\u201d (a\u00f1adir) y registrar\u00e1 autom\u00e1ticamente el conteo total de billetes entre los conteos individuales. Las divisas de hoy se imprimen con caracter\u00edsticas de seguridad sofisticadas que dificultan el trabajo a los falsificadores. Revisa autom\u00e1ticamente cada billete con la forma de detecci\u00f3n UV y tama\u00f1o. Se parar\u00e1 y le alertar\u00e1 cuando encuentre un billete sospechoso; simplemente retira el billete y pulsa iniciar para continuar el conteo. El 2210 cuenta con un panel de control intuitivo y una pantalla grande y de alta resoluci\u00f3n. Seis botones identificables le dar\u00e1n f\u00e1cil acceso a las funciones del 2210. La espaciosa pantalla retroiluminada de LCD indica exactamente lo que necesitas saber: la cantidad de billetes contados y los ajustes de conteo seleccionados.\" \/>\n<meta name=\"robots\" content=\"index, follow, max-snippet:-1, max-image-preview:large, max-video-preview:-1\" \/>\n<link rel=\"canonical\" href=\"https:\/\/canonm5.com\/index.php\/producto\/contadora-de-billetes-safescan-2210\/\" \/>\n<meta property=\"og:locale\" content=\"es_ES\" \/>\n<meta property=\"og:type\" content=\"article\" \/>\n<meta property=\"og:title\" content=\"CONTADORA DE BILLETES SAFESCAN 2210 - Canon M5 Madrid | Distribuidor oficial Canon\" \/>\n<meta property=\"og:description\" content=\"Ahorra tiempo y elimina la posibilidad de errores. La tolva de carga trasera del Safescan 2210 tiene una capacidad de hasta 300 billetes y puede contar de forma precisa hasta 1.000 billetes por minuto. Pulsa el pr\u00e1ctico bot\u00f3n \u201cadd\u201d (a\u00f1adir) y registrar\u00e1 autom\u00e1ticamente el conteo total de billetes entre los conteos individuales. Las divisas de hoy se imprimen con caracter\u00edsticas de seguridad sofisticadas que dificultan el trabajo a los falsificadores. Revisa autom\u00e1ticamente cada billete con la forma de detecci\u00f3n UV y tama\u00f1o. Se parar\u00e1 y le alertar\u00e1 cuando encuentre un billete sospechoso; simplemente retira el billete y pulsa iniciar para continuar el conteo. El 2210 cuenta con un panel de control intuitivo y una pantalla grande y de alta resoluci\u00f3n. Seis botones identificables le dar\u00e1n f\u00e1cil acceso a las funciones del 2210. La espaciosa pantalla retroiluminada de LCD indica exactamente lo que necesitas saber: la cantidad de billetes contados y los ajustes de conteo seleccionados.\" \/>\n<meta property=\"og:url\" content=\"https:\/\/canonm5.com\/index.php\/producto\/contadora-de-billetes-safescan-2210\/\" \/>\n<meta property=\"og:site_name\" content=\"Canon M5 Madrid | Distribuidor oficial Canon\" \/>\n<meta property=\"article:modified_time\" content=\"2022-11-28T14:56:11+00:00\" \/>\n<meta property=\"og:image\" content=\"https:\/\/canonm5.com\/wp-content\/uploads\/2022\/11\/contadora-billete-safescan-2210-elect-3.jpg\" \/>\n\t<meta property=\"og:image:width\" content=\"239\" \/>\n\t<meta property=\"og:image:height\" content=\"239\" \/>\n\t<meta property=\"og:image:type\" content=\"image\/jpeg\" \/>\n<meta name=\"twitter:card\" content=\"summary_large_image\" \/>\n<meta name=\"twitter:label1\" content=\"Tiempo de lectura\" \/>\n\t<meta name=\"twitter:data1\" content=\"1 minuto\" \/>\n<script type=\"application\/ld+json\" class=\"yoast-schema-graph\">{\"@context\":\"https:\\\/\\\/schema.org\",\"@graph\":[{\"@type\":\"WebPage\",\"@id\":\"https:\\\/\\\/canonm5.com\\\/index.php\\\/producto\\\/contadora-de-billetes-safescan-2210\\\/\",\"url\":\"https:\\\/\\\/canonm5.com\\\/index.php\\\/producto\\\/contadora-de-billetes-safescan-2210\\\/\",\"name\":\"CONTADORA DE BILLETES SAFESCAN 2210 - Canon M5 Madrid | Distribuidor oficial Canon\",\"isPartOf\":{\"@id\":\"https:\\\/\\\/canonm5.com\\\/#website\"},\"primaryImageOfPage\":{\"@id\":\"https:\\\/\\\/canonm5.com\\\/index.php\\\/producto\\\/contadora-de-billetes-safescan-2210\\\/#primaryimage\"},\"image\":{\"@id\":\"https:\\\/\\\/canonm5.com\\\/index.php\\\/producto\\\/contadora-de-billetes-safescan-2210\\\/#primaryimage\"},\"thumbnailUrl\":\"https:\\\/\\\/canonm5.com\\\/wp-content\\\/uploads\\\/2022\\\/11\\\/contadora-billete-safescan-2210-elect-3.jpg\",\"datePublished\":\"2022-11-25T13:10:30+00:00\",\"dateModified\":\"2022-11-28T14:56:11+00:00\",\"description\":\"Ahorra tiempo y elimina la posibilidad de errores. La tolva de carga trasera del Safescan 2210 tiene una capacidad de hasta 300 billetes y puede contar de forma precisa hasta 1.000 billetes por minuto. Pulsa el pr\u00e1ctico bot\u00f3n \u201cadd\u201d (a\u00f1adir) y registrar\u00e1 autom\u00e1ticamente el conteo total de billetes entre los conteos individuales. Las divisas de hoy se imprimen con caracter\u00edsticas de seguridad sofisticadas que dificultan el trabajo a los falsificadores. Revisa autom\u00e1ticamente cada billete con la forma de detecci\u00f3n UV y tama\u00f1o. Se parar\u00e1 y le alertar\u00e1 cuando encuentre un billete sospechoso; simplemente retira el billete y pulsa iniciar para continuar el conteo. El 2210 cuenta con un panel de control intuitivo y una pantalla grande y de alta resoluci\u00f3n. Seis botones identificables le dar\u00e1n f\u00e1cil acceso a las funciones del 2210. La espaciosa pantalla retroiluminada de LCD indica exactamente lo que necesitas saber: la cantidad de billetes contados y los ajustes de conteo seleccionados.\",\"breadcrumb\":{\"@id\":\"https:\\\/\\\/canonm5.com\\\/index.php\\\/producto\\\/contadora-de-billetes-safescan-2210\\\/#breadcrumb\"},\"inLanguage\":\"es\",\"potentialAction\":[{\"@type\":\"ReadAction\",\"target\":[\"https:\\\/\\\/canonm5.com\\\/index.php\\\/producto\\\/contadora-de-billetes-safescan-2210\\\/\"]}]},{\"@type\":\"ImageObject\",\"inLanguage\":\"es\",\"@id\":\"https:\\\/\\\/canonm5.com\\\/index.php\\\/producto\\\/contadora-de-billetes-safescan-2210\\\/#primaryimage\",\"url\":\"https:\\\/\\\/canonm5.com\\\/wp-content\\\/uploads\\\/2022\\\/11\\\/contadora-billete-safescan-2210-elect-3.jpg\",\"contentUrl\":\"https:\\\/\\\/canonm5.com\\\/wp-content\\\/uploads\\\/2022\\\/11\\\/contadora-billete-safescan-2210-elect-3.jpg\",\"width\":239,\"height\":239},{\"@type\":\"BreadcrumbList\",\"@id\":\"https:\\\/\\\/canonm5.com\\\/index.php\\\/producto\\\/contadora-de-billetes-safescan-2210\\\/#breadcrumb\",\"itemListElement\":[{\"@type\":\"ListItem\",\"position\":1,\"name\":\"Portada\",\"item\":\"https:\\\/\\\/canonm5.com\\\/\"},{\"@type\":\"ListItem\",\"position\":2,\"name\":\"Nuestros productos\",\"item\":\"https:\\\/\\\/canonm5.com\\\/index.php\\\/productos\\\/\"},{\"@type\":\"ListItem\",\"position\":3,\"name\":\"CONTADORA DE BILLETES SAFESCAN 2210\"}]},{\"@type\":\"WebSite\",\"@id\":\"https:\\\/\\\/canonm5.com\\\/#website\",\"url\":\"https:\\\/\\\/canonm5.com\\\/\",\"name\":\"Canon M5 Madrid | Distribuidor oficial Canon\",\"description\":\"Renting de impresoras para empresas\",\"potentialAction\":[{\"@type\":\"SearchAction\",\"target\":{\"@type\":\"EntryPoint\",\"urlTemplate\":\"https:\\\/\\\/canonm5.com\\\/?s={search_term_string}\"},\"query-input\":{\"@type\":\"PropertyValueSpecification\",\"valueRequired\":true,\"valueName\":\"search_term_string\"}}],\"inLanguage\":\"es\"}]}<\/script>\n<!-- \/ Yoast SEO plugin. -->","yoast_head_json":{"title":"CONTADORA DE BILLETES SAFESCAN 2210 - Canon M5 Madrid | Distribuidor oficial Canon","description":"Ahorra tiempo y elimina la posibilidad de errores. La tolva de carga trasera del Safescan 2210 tiene una capacidad de hasta 300 billetes y puede contar de forma precisa hasta 1.000 billetes por minuto. Pulsa el pr\u00e1ctico bot\u00f3n \u201cadd\u201d (a\u00f1adir) y registrar\u00e1 autom\u00e1ticamente el conteo total de billetes entre los conteos individuales. Las divisas de hoy se imprimen con caracter\u00edsticas de seguridad sofisticadas que dificultan el trabajo a los falsificadores. Revisa autom\u00e1ticamente cada billete con la forma de detecci\u00f3n UV y tama\u00f1o. Se parar\u00e1 y le alertar\u00e1 cuando encuentre un billete sospechoso; simplemente retira el billete y pulsa iniciar para continuar el conteo. El 2210 cuenta con un panel de control intuitivo y una pantalla grande y de alta resoluci\u00f3n. Seis botones identificables le dar\u00e1n f\u00e1cil acceso a las funciones del 2210. La espaciosa pantalla retroiluminada de LCD indica exactamente lo que necesitas saber: la cantidad de billetes contados y los ajustes de conteo seleccionados.","robots":{"index":"index","follow":"follow","max-snippet":"max-snippet:-1","max-image-preview":"max-image-preview:large","max-video-preview":"max-video-preview:-1"},"canonical":"https:\/\/canonm5.com\/index.php\/producto\/contadora-de-billetes-safescan-2210\/","og_locale":"es_ES","og_type":"article","og_title":"CONTADORA DE BILLETES SAFESCAN 2210 - Canon M5 Madrid | Distribuidor oficial Canon","og_description":"Ahorra tiempo y elimina la posibilidad de errores. La tolva de carga trasera del Safescan 2210 tiene una capacidad de hasta 300 billetes y puede contar de forma precisa hasta 1.000 billetes por minuto. Pulsa el pr\u00e1ctico bot\u00f3n \u201cadd\u201d (a\u00f1adir) y registrar\u00e1 autom\u00e1ticamente el conteo total de billetes entre los conteos individuales. Las divisas de hoy se imprimen con caracter\u00edsticas de seguridad sofisticadas que dificultan el trabajo a los falsificadores. Revisa autom\u00e1ticamente cada billete con la forma de detecci\u00f3n UV y tama\u00f1o. Se parar\u00e1 y le alertar\u00e1 cuando encuentre un billete sospechoso; simplemente retira el billete y pulsa iniciar para continuar el conteo. El 2210 cuenta con un panel de control intuitivo y una pantalla grande y de alta resoluci\u00f3n. Seis botones identificables le dar\u00e1n f\u00e1cil acceso a las funciones del 2210. La espaciosa pantalla retroiluminada de LCD indica exactamente lo que necesitas saber: la cantidad de billetes contados y los ajustes de conteo seleccionados.","og_url":"https:\/\/canonm5.com\/index.php\/producto\/contadora-de-billetes-safescan-2210\/","og_site_name":"Canon M5 Madrid | Distribuidor oficial Canon","article_modified_time":"2022-11-28T14:56:11+00:00","og_image":[{"width":239,"height":239,"url":"https:\/\/canonm5.com\/wp-content\/uploads\/2022\/11\/contadora-billete-safescan-2210-elect-3.jpg","type":"image\/jpeg"}],"twitter_card":"summary_large_image","twitter_misc":{"Tiempo de lectura":"1 minuto"},"schema":{"@context":"https:\/\/schema.org","@graph":[{"@type":"WebPage","@id":"https:\/\/canonm5.com\/index.php\/producto\/contadora-de-billetes-safescan-2210\/","url":"https:\/\/canonm5.com\/index.php\/producto\/contadora-de-billetes-safescan-2210\/","name":"CONTADORA DE BILLETES SAFESCAN 2210 - Canon M5 Madrid | Distribuidor oficial Canon","isPartOf":{"@id":"https:\/\/canonm5.com\/#website"},"primaryImageOfPage":{"@id":"https:\/\/canonm5.com\/index.php\/producto\/contadora-de-billetes-safescan-2210\/#primaryimage"},"image":{"@id":"https:\/\/canonm5.com\/index.php\/producto\/contadora-de-billetes-safescan-2210\/#primaryimage"},"thumbnailUrl":"https:\/\/canonm5.com\/wp-content\/uploads\/2022\/11\/contadora-billete-safescan-2210-elect-3.jpg","datePublished":"2022-11-25T13:10:30+00:00","dateModified":"2022-11-28T14:56:11+00:00","description":"Ahorra tiempo y elimina la posibilidad de errores. La tolva de carga trasera del Safescan 2210 tiene una capacidad de hasta 300 billetes y puede contar de forma precisa hasta 1.000 billetes por minuto. Pulsa el pr\u00e1ctico bot\u00f3n \u201cadd\u201d (a\u00f1adir) y registrar\u00e1 autom\u00e1ticamente el conteo total de billetes entre los conteos individuales. Las divisas de hoy se imprimen con caracter\u00edsticas de seguridad sofisticadas que dificultan el trabajo a los falsificadores. Revisa autom\u00e1ticamente cada billete con la forma de detecci\u00f3n UV y tama\u00f1o. Se parar\u00e1 y le alertar\u00e1 cuando encuentre un billete sospechoso; simplemente retira el billete y pulsa iniciar para continuar el conteo. El 2210 cuenta con un panel de control intuitivo y una pantalla grande y de alta resoluci\u00f3n. Seis botones identificables le dar\u00e1n f\u00e1cil acceso a las funciones del 2210. La espaciosa pantalla retroiluminada de LCD indica exactamente lo que necesitas saber: la cantidad de billetes contados y los ajustes de conteo seleccionados.","breadcrumb":{"@id":"https:\/\/canonm5.com\/index.php\/producto\/contadora-de-billetes-safescan-2210\/#breadcrumb"},"inLanguage":"es","potentialAction":[{"@type":"ReadAction","target":["https:\/\/canonm5.com\/index.php\/producto\/contadora-de-billetes-safescan-2210\/"]}]},{"@type":"ImageObject","inLanguage":"es","@id":"https:\/\/canonm5.com\/index.php\/producto\/contadora-de-billetes-safescan-2210\/#primaryimage","url":"https:\/\/canonm5.com\/wp-content\/uploads\/2022\/11\/contadora-billete-safescan-2210-elect-3.jpg","contentUrl":"https:\/\/canonm5.com\/wp-content\/uploads\/2022\/11\/contadora-billete-safescan-2210-elect-3.jpg","width":239,"height":239},{"@type":"BreadcrumbList","@id":"https:\/\/canonm5.com\/index.php\/producto\/contadora-de-billetes-safescan-2210\/#breadcrumb","itemListElement":[{"@type":"ListItem","position":1,"name":"Portada","item":"https:\/\/canonm5.com\/"},{"@type":"ListItem","position":2,"name":"Nuestros productos","item":"https:\/\/canonm5.com\/index.php\/productos\/"},{"@type":"ListItem","position":3,"name":"CONTADORA DE BILLETES SAFESCAN 2210"}]},{"@type":"WebSite","@id":"https:\/\/canonm5.com\/#website","url":"https:\/\/canonm5.com\/","name":"Canon M5 Madrid | Distribuidor oficial Canon","description":"Renting de impresoras para empresas","potentialAction":[{"@type":"SearchAction","target":{"@type":"EntryPoint","urlTemplate":"https:\/\/canonm5.com\/?s={search_term_string}"},"query-input":{"@type":"PropertyValueSpecification","valueRequired":true,"valueName":"search_term_string"}}],"inLanguage":"es"}]}},"_links":{"self":[{"href":"https:\/\/canonm5.com\/index.php\/wp-json\/wp\/v2\/product\/4873","targetHints":{"allow":["GET"]}}],"collection":[{"href":"https:\/\/canonm5.com\/index.php\/wp-json\/wp\/v2\/product"}],"about":[{"href":"https:\/\/canonm5.com\/index.php\/wp-json\/wp\/v2\/types\/product"}],"wp:featuredmedia":[{"embeddable":true,"href":"https:\/\/canonm5.com\/index.php\/wp-json\/wp\/v2\/media\/4876"}],"wp:attachment":[{"href":"https:\/\/canonm5.com\/index.php\/wp-json\/wp\/v2\/media?parent=4873"}],"wp:term":[{"taxonomy":"product_cat","embeddable":true,"href":"https:\/\/canonm5.com\/index.php\/wp-json\/wp\/v2\/product_cat?post=4873"},{"taxonomy":"product_tag","embeddable":true,"href":"https:\/\/canonm5.com\/index.php\/wp-json\/wp\/v2\/product_tag?post=4873"}],"curies":[{"name":"wp","href":"https:\/\/api.w.org\/{rel}","templated":true}]}}