{"id":4871,"date":"2022-11-25T13:04:04","date_gmt":"2022-11-25T13:04:04","guid":{"rendered":"https:\/\/canonm5.com\/?post_type=product&#038;p=4871"},"modified":"2022-11-28T14:48:56","modified_gmt":"2022-11-28T14:48:56","slug":"bateria-recargable-safescan-para-detectores-de-billetes-lb-105","status":"publish","type":"product","link":"https:\/\/canonm5.com\/index.php\/producto\/bateria-recargable-safescan-para-detectores-de-billetes-lb-105\/","title":{"rendered":"BATER\u00cdA RECARGABLE SAFESCAN PARA DETECTORES DE BILLETES LB-105"},"content":{"rendered":"<p>&#8211; Para Safescan 155-S, 165-S y 185-S<br \/>\n&#8211; Bater\u00eda de litio recargable<br \/>\n&#8211; Dura hasta 30 horas<br \/>\n&#8211; Potencia 10,8V\/600mA<\/p>\n<p>&nbsp;<\/p>\n<p><em>E.O. Madrid Cinco S.L., no se responsabiliza de posibles errores tipogr\u00e1ficos y de precio. Las fotograf\u00edas de los productos pueden sufrir cambios<\/em><\/p>\n","protected":false},"excerpt":{"rendered":"<p>&#8211; Para Safescan 155-S, 165-S y 185-S<br \/>\n&#8211; Bater\u00eda de litio recargable<br \/>\n&#8211; Dura hasta 30 horas<br \/>\n&#8211; Potencia 10,8V\/600mA<\/p>\n","protected":false},"featured_media":4872,"template":"","meta":{"_et_pb_use_builder":"","_et_pb_old_content":"","_et_gb_content_width":"","_joinchat":[]},"product_cat":[954,830],"product_tag":[1534,1531,1529,1535,1525],"class_list":{"0":"post-4871","1":"product","2":"type-product","3":"status-publish","4":"has-post-thumbnail","6":"product_cat-maquinas-contadoras-y-detectora-de-billetes-falsos","7":"product_cat-maquinas-de-oficina","8":"product_tag-bateria","9":"product_tag-billetes","10":"product_tag-detector","11":"product_tag-recargable","12":"product_tag-safescan","14":"first","15":"instock","16":"taxable","17":"shipping-taxable","18":"purchasable","19":"product-type-simple"},"yoast_head":"<!-- This site is optimized with the Yoast SEO plugin v27.4 - https:\/\/yoast.com\/product\/yoast-seo-wordpress\/ -->\n<title>BATER\u00cdA RECARGABLE SAFESCAN PARA DETECTORES DE BILLETES LB-105 - Canon M5 Madrid | Distribuidor oficial Canon<\/title>\n<meta name=\"description\" content=\"La bater\u00eda recargable LB-105 hace que sea m\u00e1s f\u00e1cil verificar billetes donde quiera que est\u00e9. Con 30 horas de autonom\u00eda, puede aceptar pagos en efectivo en cualquier lugar con toda confianza. Para el uso con los detectores de billetes falsos Safescan 155-S, 165-S y 185-S.\" \/>\n<meta name=\"robots\" content=\"index, follow, max-snippet:-1, max-image-preview:large, max-video-preview:-1\" \/>\n<link rel=\"canonical\" href=\"https:\/\/canonm5.com\/index.php\/producto\/bateria-recargable-safescan-para-detectores-de-billetes-lb-105\/\" \/>\n<meta property=\"og:locale\" content=\"es_ES\" \/>\n<meta property=\"og:type\" content=\"article\" \/>\n<meta property=\"og:title\" content=\"BATER\u00cdA RECARGABLE SAFESCAN PARA DETECTORES DE BILLETES LB-105 - Canon M5 Madrid | Distribuidor oficial Canon\" \/>\n<meta property=\"og:description\" content=\"La bater\u00eda recargable LB-105 hace que sea m\u00e1s f\u00e1cil verificar billetes donde quiera que est\u00e9. Con 30 horas de autonom\u00eda, puede aceptar pagos en efectivo en cualquier lugar con toda confianza. Para el uso con los detectores de billetes falsos Safescan 155-S, 165-S y 185-S.\" \/>\n<meta property=\"og:url\" content=\"https:\/\/canonm5.com\/index.php\/producto\/bateria-recargable-safescan-para-detectores-de-billetes-lb-105\/\" \/>\n<meta property=\"og:site_name\" content=\"Canon M5 Madrid | Distribuidor oficial Canon\" \/>\n<meta property=\"article:modified_time\" content=\"2022-11-28T14:48:56+00:00\" \/>\n<meta property=\"og:image\" content=\"https:\/\/canonm5.com\/wp-content\/uploads\/2022\/11\/bateria-safescan-paradetector-billetes-falsos.jpg\" \/>\n\t<meta property=\"og:image:width\" content=\"239\" \/>\n\t<meta property=\"og:image:height\" content=\"239\" \/>\n\t<meta property=\"og:image:type\" content=\"image\/jpeg\" \/>\n<meta name=\"twitter:card\" content=\"summary_large_image\" \/>\n<script type=\"application\/ld+json\" class=\"yoast-schema-graph\">{\"@context\":\"https:\\\/\\\/schema.org\",\"@graph\":[{\"@type\":\"WebPage\",\"@id\":\"https:\\\/\\\/canonm5.com\\\/index.php\\\/producto\\\/bateria-recargable-safescan-para-detectores-de-billetes-lb-105\\\/\",\"url\":\"https:\\\/\\\/canonm5.com\\\/index.php\\\/producto\\\/bateria-recargable-safescan-para-detectores-de-billetes-lb-105\\\/\",\"name\":\"BATER\u00cdA RECARGABLE SAFESCAN PARA DETECTORES DE BILLETES LB-105 - Canon M5 Madrid | Distribuidor oficial Canon\",\"isPartOf\":{\"@id\":\"https:\\\/\\\/canonm5.com\\\/#website\"},\"primaryImageOfPage\":{\"@id\":\"https:\\\/\\\/canonm5.com\\\/index.php\\\/producto\\\/bateria-recargable-safescan-para-detectores-de-billetes-lb-105\\\/#primaryimage\"},\"image\":{\"@id\":\"https:\\\/\\\/canonm5.com\\\/index.php\\\/producto\\\/bateria-recargable-safescan-para-detectores-de-billetes-lb-105\\\/#primaryimage\"},\"thumbnailUrl\":\"https:\\\/\\\/canonm5.com\\\/wp-content\\\/uploads\\\/2022\\\/11\\\/bateria-safescan-paradetector-billetes-falsos.jpg\",\"datePublished\":\"2022-11-25T13:04:04+00:00\",\"dateModified\":\"2022-11-28T14:48:56+00:00\",\"description\":\"La bater\u00eda recargable LB-105 hace que sea m\u00e1s f\u00e1cil verificar billetes donde quiera que est\u00e9. Con 30 horas de autonom\u00eda, puede aceptar pagos en efectivo en cualquier lugar con toda confianza. Para el uso con los detectores de billetes falsos Safescan 155-S, 165-S y 185-S.\",\"breadcrumb\":{\"@id\":\"https:\\\/\\\/canonm5.com\\\/index.php\\\/producto\\\/bateria-recargable-safescan-para-detectores-de-billetes-lb-105\\\/#breadcrumb\"},\"inLanguage\":\"es\",\"potentialAction\":[{\"@type\":\"ReadAction\",\"target\":[\"https:\\\/\\\/canonm5.com\\\/index.php\\\/producto\\\/bateria-recargable-safescan-para-detectores-de-billetes-lb-105\\\/\"]}]},{\"@type\":\"ImageObject\",\"inLanguage\":\"es\",\"@id\":\"https:\\\/\\\/canonm5.com\\\/index.php\\\/producto\\\/bateria-recargable-safescan-para-detectores-de-billetes-lb-105\\\/#primaryimage\",\"url\":\"https:\\\/\\\/canonm5.com\\\/wp-content\\\/uploads\\\/2022\\\/11\\\/bateria-safescan-paradetector-billetes-falsos.jpg\",\"contentUrl\":\"https:\\\/\\\/canonm5.com\\\/wp-content\\\/uploads\\\/2022\\\/11\\\/bateria-safescan-paradetector-billetes-falsos.jpg\",\"width\":239,\"height\":239},{\"@type\":\"BreadcrumbList\",\"@id\":\"https:\\\/\\\/canonm5.com\\\/index.php\\\/producto\\\/bateria-recargable-safescan-para-detectores-de-billetes-lb-105\\\/#breadcrumb\",\"itemListElement\":[{\"@type\":\"ListItem\",\"position\":1,\"name\":\"Portada\",\"item\":\"https:\\\/\\\/canonm5.com\\\/\"},{\"@type\":\"ListItem\",\"position\":2,\"name\":\"Nuestros productos\",\"item\":\"https:\\\/\\\/canonm5.com\\\/index.php\\\/productos\\\/\"},{\"@type\":\"ListItem\",\"position\":3,\"name\":\"BATER\u00cdA RECARGABLE SAFESCAN PARA DETECTORES DE BILLETES LB-105\"}]},{\"@type\":\"WebSite\",\"@id\":\"https:\\\/\\\/canonm5.com\\\/#website\",\"url\":\"https:\\\/\\\/canonm5.com\\\/\",\"name\":\"Canon M5 Madrid | Distribuidor oficial Canon\",\"description\":\"Renting de impresoras para empresas\",\"potentialAction\":[{\"@type\":\"SearchAction\",\"target\":{\"@type\":\"EntryPoint\",\"urlTemplate\":\"https:\\\/\\\/canonm5.com\\\/?s={search_term_string}\"},\"query-input\":{\"@type\":\"PropertyValueSpecification\",\"valueRequired\":true,\"valueName\":\"search_term_string\"}}],\"inLanguage\":\"es\"}]}<\/script>\n<!-- \/ Yoast SEO plugin. -->","yoast_head_json":{"title":"BATER\u00cdA RECARGABLE SAFESCAN PARA DETECTORES DE BILLETES LB-105 - Canon M5 Madrid | Distribuidor oficial Canon","description":"La bater\u00eda recargable LB-105 hace que sea m\u00e1s f\u00e1cil verificar billetes donde quiera que est\u00e9. Con 30 horas de autonom\u00eda, puede aceptar pagos en efectivo en cualquier lugar con toda confianza. Para el uso con los detectores de billetes falsos Safescan 155-S, 165-S y 185-S.","robots":{"index":"index","follow":"follow","max-snippet":"max-snippet:-1","max-image-preview":"max-image-preview:large","max-video-preview":"max-video-preview:-1"},"canonical":"https:\/\/canonm5.com\/index.php\/producto\/bateria-recargable-safescan-para-detectores-de-billetes-lb-105\/","og_locale":"es_ES","og_type":"article","og_title":"BATER\u00cdA RECARGABLE SAFESCAN PARA DETECTORES DE BILLETES LB-105 - Canon M5 Madrid | Distribuidor oficial Canon","og_description":"La bater\u00eda recargable LB-105 hace que sea m\u00e1s f\u00e1cil verificar billetes donde quiera que est\u00e9. Con 30 horas de autonom\u00eda, puede aceptar pagos en efectivo en cualquier lugar con toda confianza. Para el uso con los detectores de billetes falsos Safescan 155-S, 165-S y 185-S.","og_url":"https:\/\/canonm5.com\/index.php\/producto\/bateria-recargable-safescan-para-detectores-de-billetes-lb-105\/","og_site_name":"Canon M5 Madrid | Distribuidor oficial Canon","article_modified_time":"2022-11-28T14:48:56+00:00","og_image":[{"width":239,"height":239,"url":"https:\/\/canonm5.com\/wp-content\/uploads\/2022\/11\/bateria-safescan-paradetector-billetes-falsos.jpg","type":"image\/jpeg"}],"twitter_card":"summary_large_image","schema":{"@context":"https:\/\/schema.org","@graph":[{"@type":"WebPage","@id":"https:\/\/canonm5.com\/index.php\/producto\/bateria-recargable-safescan-para-detectores-de-billetes-lb-105\/","url":"https:\/\/canonm5.com\/index.php\/producto\/bateria-recargable-safescan-para-detectores-de-billetes-lb-105\/","name":"BATER\u00cdA RECARGABLE SAFESCAN PARA DETECTORES DE BILLETES LB-105 - Canon M5 Madrid | Distribuidor oficial Canon","isPartOf":{"@id":"https:\/\/canonm5.com\/#website"},"primaryImageOfPage":{"@id":"https:\/\/canonm5.com\/index.php\/producto\/bateria-recargable-safescan-para-detectores-de-billetes-lb-105\/#primaryimage"},"image":{"@id":"https:\/\/canonm5.com\/index.php\/producto\/bateria-recargable-safescan-para-detectores-de-billetes-lb-105\/#primaryimage"},"thumbnailUrl":"https:\/\/canonm5.com\/wp-content\/uploads\/2022\/11\/bateria-safescan-paradetector-billetes-falsos.jpg","datePublished":"2022-11-25T13:04:04+00:00","dateModified":"2022-11-28T14:48:56+00:00","description":"La bater\u00eda recargable LB-105 hace que sea m\u00e1s f\u00e1cil verificar billetes donde quiera que est\u00e9. Con 30 horas de autonom\u00eda, puede aceptar pagos en efectivo en cualquier lugar con toda confianza. Para el uso con los detectores de billetes falsos Safescan 155-S, 165-S y 185-S.","breadcrumb":{"@id":"https:\/\/canonm5.com\/index.php\/producto\/bateria-recargable-safescan-para-detectores-de-billetes-lb-105\/#breadcrumb"},"inLanguage":"es","potentialAction":[{"@type":"ReadAction","target":["https:\/\/canonm5.com\/index.php\/producto\/bateria-recargable-safescan-para-detectores-de-billetes-lb-105\/"]}]},{"@type":"ImageObject","inLanguage":"es","@id":"https:\/\/canonm5.com\/index.php\/producto\/bateria-recargable-safescan-para-detectores-de-billetes-lb-105\/#primaryimage","url":"https:\/\/canonm5.com\/wp-content\/uploads\/2022\/11\/bateria-safescan-paradetector-billetes-falsos.jpg","contentUrl":"https:\/\/canonm5.com\/wp-content\/uploads\/2022\/11\/bateria-safescan-paradetector-billetes-falsos.jpg","width":239,"height":239},{"@type":"BreadcrumbList","@id":"https:\/\/canonm5.com\/index.php\/producto\/bateria-recargable-safescan-para-detectores-de-billetes-lb-105\/#breadcrumb","itemListElement":[{"@type":"ListItem","position":1,"name":"Portada","item":"https:\/\/canonm5.com\/"},{"@type":"ListItem","position":2,"name":"Nuestros productos","item":"https:\/\/canonm5.com\/index.php\/productos\/"},{"@type":"ListItem","position":3,"name":"BATER\u00cdA RECARGABLE SAFESCAN PARA DETECTORES DE BILLETES LB-105"}]},{"@type":"WebSite","@id":"https:\/\/canonm5.com\/#website","url":"https:\/\/canonm5.com\/","name":"Canon M5 Madrid | Distribuidor oficial Canon","description":"Renting de impresoras para empresas","potentialAction":[{"@type":"SearchAction","target":{"@type":"EntryPoint","urlTemplate":"https:\/\/canonm5.com\/?s={search_term_string}"},"query-input":{"@type":"PropertyValueSpecification","valueRequired":true,"valueName":"search_term_string"}}],"inLanguage":"es"}]}},"_links":{"self":[{"href":"https:\/\/canonm5.com\/index.php\/wp-json\/wp\/v2\/product\/4871","targetHints":{"allow":["GET"]}}],"collection":[{"href":"https:\/\/canonm5.com\/index.php\/wp-json\/wp\/v2\/product"}],"about":[{"href":"https:\/\/canonm5.com\/index.php\/wp-json\/wp\/v2\/types\/product"}],"wp:featuredmedia":[{"embeddable":true,"href":"https:\/\/canonm5.com\/index.php\/wp-json\/wp\/v2\/media\/4872"}],"wp:attachment":[{"href":"https:\/\/canonm5.com\/index.php\/wp-json\/wp\/v2\/media?parent=4871"}],"wp:term":[{"taxonomy":"product_cat","embeddable":true,"href":"https:\/\/canonm5.com\/index.php\/wp-json\/wp\/v2\/product_cat?post=4871"},{"taxonomy":"product_tag","embeddable":true,"href":"https:\/\/canonm5.com\/index.php\/wp-json\/wp\/v2\/product_tag?post=4871"}],"curies":[{"name":"wp","href":"https:\/\/api.w.org\/{rel}","templated":true}]}}