{"id":4836,"date":"2022-11-24T12:33:12","date_gmt":"2022-11-24T12:33:12","guid":{"rendered":"https:\/\/canonm5.com\/?post_type=product&#038;p=4836"},"modified":"2022-11-24T14:49:13","modified_gmt":"2022-11-24T14:49:13","slug":"tn243-pack-de-4-cartuchos-de-toner-originales-tn243cmyk","status":"publish","type":"product","link":"https:\/\/canonm5.com\/index.php\/producto\/tn243-pack-de-4-cartuchos-de-toner-originales-tn243cmyk\/","title":{"rendered":"TN243 Pack de 4 Cartuchos de Toner Originales &#8211; TN243CMYK"},"content":{"rendered":"<p>Brother tiene en cuenta el impacto medioambiental en todas las etapas del ciclo de vida de un cartucho de t\u00f3ner. Todos nuestros equipos y cartuchos de t\u00f3ner est\u00e1n dise\u00f1ados para minimizar la cantidad de residuos y el impacto en el medio ambiente.<\/p>\n<p>Pack de 4 cartuchos de t\u00f3ner original Brother TN243CMYK, una apuesta segura.<\/p>\n<p>Caracter\u00edsticas:<\/p>\n<p>-Pack de cartuchos de t\u00f3ner TN243CMYK: hasta 1.000 p\u00e1ginas\/negro y 1.000 p\u00e1ginas\/cada color seg\u00fan ISO\/IEC 19798.<br \/>\n-Pack de 4 cartuchos de t\u00f3ner original Brother (negro, cian, magenta y amarillo)<br \/>\n-Dise\u00f1ado para usuarios que buscan un coste de impresi\u00f3n m\u00e1s reducido y una mayor autonom\u00eda y comodidad entre reemplazos<br \/>\n-Los cartuchos de t\u00f3ner original Brother est\u00e1n rigurosamente testados para ofrecer una calidad de impresi\u00f3n \u00f3ptima de la primera a la \u00faltima p\u00e1gina, ahorrando tiempo y dinero<br \/>\n-Protege la garant\u00eda de tu impresora con los cartuchos de t\u00f3ner original Brother TN243.<\/p>\n<p>&nbsp;<\/p>\n<p><em>E.O. Madrid Cinco S.L., no se responsabiliza de posibles errores tipogr\u00e1ficos y de precio. Las fotograf\u00edas de los productos pueden sufrir cambios<\/em><\/p>\n","protected":false},"excerpt":{"rendered":"<p>Brother tiene en cuenta el impacto medioambiental en todas las etapas del ciclo de vida de un cartucho de t\u00f3ner. Todos nuestros equipos y cartuchos de t\u00f3ner est\u00e1n dise\u00f1ados para minimizar la cantidad de residuos y el impacto en el medio ambiente.<\/p>\n<p>Pack de 4 cartuchos de t\u00f3ner original Brother TN243CMYK, una apuesta segura.<\/p>\n<p>Caracter\u00edsticas:<\/p>\n<p>-Pack de cartuchos de t\u00f3ner TN243CMYK: hasta 1.000 p\u00e1ginas\/negro y 1.000 p\u00e1ginas\/cada color seg\u00fan ISO\/IEC 19798.<br \/>\n-Pack de 4 cartuchos de t\u00f3ner original Brother (negro, cian, magenta y amarillo)<br \/>\n-Dise\u00f1ado para usuarios que buscan un coste de impresi\u00f3n m\u00e1s reducido y una mayor autonom\u00eda y comodidad entre reemplazos<br \/>\n-Los cartuchos de t\u00f3ner original Brother est\u00e1n rigurosamente testados para ofrecer una calidad de impresi\u00f3n \u00f3ptima de la primera a la \u00faltima p\u00e1gina, ahorrando tiempo y dinero<br \/>\n-Protege la garant\u00eda de tu impresora con los cartuchos de t\u00f3ner original Brother TN243.<\/p>\n","protected":false},"featured_media":4837,"template":"","meta":{"_et_pb_use_builder":"","_et_pb_old_content":"","_et_gb_content_width":"","_joinchat":[]},"product_cat":[491,16,17],"product_tag":[623,1474,1513,372],"class_list":{"0":"post-4836","1":"product","2":"type-product","3":"status-publish","4":"has-post-thumbnail","6":"product_cat-brother","7":"product_cat-consumibles","8":"product_cat-toner","9":"product_tag-original","10":"product_tag-pack-4","11":"product_tag-tn243cmyk","12":"product_tag-toner","14":"first","15":"instock","16":"sale","17":"taxable","18":"shipping-taxable","19":"purchasable","20":"product-type-simple"},"yoast_head":"<!-- This site is optimized with the Yoast SEO plugin v27.4 - https:\/\/yoast.com\/product\/yoast-seo-wordpress\/ -->\n<title>TN243 Pack de 4 Cartuchos de Toner Originales - TN243CMYK - Canon M5 Madrid | Distribuidor oficial Canon<\/title>\n<meta name=\"description\" content=\"Brother tiene en cuenta el impacto medioambiental en todas las etapas del ciclo de vida de un cartucho de t\u00f3ner. Todos nuestros equipos y cartuchos de t\u00f3ner est\u00e1n dise\u00f1ados para minimizar la cantidad de residuos y el impacto en el medio ambiente.\" \/>\n<meta name=\"robots\" content=\"index, follow, max-snippet:-1, max-image-preview:large, max-video-preview:-1\" \/>\n<link rel=\"canonical\" href=\"https:\/\/canonm5.com\/index.php\/producto\/tn243-pack-de-4-cartuchos-de-toner-originales-tn243cmyk\/\" \/>\n<meta property=\"og:locale\" content=\"es_ES\" \/>\n<meta property=\"og:type\" content=\"article\" \/>\n<meta property=\"og:title\" content=\"TN243 Pack de 4 Cartuchos de Toner Originales - TN243CMYK - Canon M5 Madrid | Distribuidor oficial Canon\" \/>\n<meta property=\"og:description\" content=\"Brother tiene en cuenta el impacto medioambiental en todas las etapas del ciclo de vida de un cartucho de t\u00f3ner. Todos nuestros equipos y cartuchos de t\u00f3ner est\u00e1n dise\u00f1ados para minimizar la cantidad de residuos y el impacto en el medio ambiente.\" \/>\n<meta property=\"og:url\" content=\"https:\/\/canonm5.com\/index.php\/producto\/tn243-pack-de-4-cartuchos-de-toner-originales-tn243cmyk\/\" \/>\n<meta property=\"og:site_name\" content=\"Canon M5 Madrid | Distribuidor oficial Canon\" \/>\n<meta property=\"article:modified_time\" content=\"2022-11-24T14:49:13+00:00\" \/>\n<meta property=\"og:image\" content=\"https:\/\/canonm5.com\/wp-content\/uploads\/2022\/11\/124238_1.webp\" \/>\n\t<meta property=\"og:image:width\" content=\"960\" \/>\n\t<meta property=\"og:image:height\" content=\"960\" \/>\n\t<meta property=\"og:image:type\" content=\"image\/webp\" \/>\n<meta name=\"twitter:card\" content=\"summary_large_image\" \/>\n<meta name=\"twitter:label1\" content=\"Tiempo de lectura\" \/>\n\t<meta name=\"twitter:data1\" content=\"1 minuto\" \/>\n<script type=\"application\/ld+json\" class=\"yoast-schema-graph\">{\"@context\":\"https:\\\/\\\/schema.org\",\"@graph\":[{\"@type\":\"WebPage\",\"@id\":\"https:\\\/\\\/canonm5.com\\\/index.php\\\/producto\\\/tn243-pack-de-4-cartuchos-de-toner-originales-tn243cmyk\\\/\",\"url\":\"https:\\\/\\\/canonm5.com\\\/index.php\\\/producto\\\/tn243-pack-de-4-cartuchos-de-toner-originales-tn243cmyk\\\/\",\"name\":\"TN243 Pack de 4 Cartuchos de Toner Originales - TN243CMYK - Canon M5 Madrid | Distribuidor oficial Canon\",\"isPartOf\":{\"@id\":\"https:\\\/\\\/canonm5.com\\\/#website\"},\"primaryImageOfPage\":{\"@id\":\"https:\\\/\\\/canonm5.com\\\/index.php\\\/producto\\\/tn243-pack-de-4-cartuchos-de-toner-originales-tn243cmyk\\\/#primaryimage\"},\"image\":{\"@id\":\"https:\\\/\\\/canonm5.com\\\/index.php\\\/producto\\\/tn243-pack-de-4-cartuchos-de-toner-originales-tn243cmyk\\\/#primaryimage\"},\"thumbnailUrl\":\"https:\\\/\\\/canonm5.com\\\/wp-content\\\/uploads\\\/2022\\\/11\\\/124238_1.webp\",\"datePublished\":\"2022-11-24T12:33:12+00:00\",\"dateModified\":\"2022-11-24T14:49:13+00:00\",\"description\":\"Brother tiene en cuenta el impacto medioambiental en todas las etapas del ciclo de vida de un cartucho de t\u00f3ner. Todos nuestros equipos y cartuchos de t\u00f3ner est\u00e1n dise\u00f1ados para minimizar la cantidad de residuos y el impacto en el medio ambiente.\",\"breadcrumb\":{\"@id\":\"https:\\\/\\\/canonm5.com\\\/index.php\\\/producto\\\/tn243-pack-de-4-cartuchos-de-toner-originales-tn243cmyk\\\/#breadcrumb\"},\"inLanguage\":\"es\",\"potentialAction\":[{\"@type\":\"ReadAction\",\"target\":[\"https:\\\/\\\/canonm5.com\\\/index.php\\\/producto\\\/tn243-pack-de-4-cartuchos-de-toner-originales-tn243cmyk\\\/\"]}]},{\"@type\":\"ImageObject\",\"inLanguage\":\"es\",\"@id\":\"https:\\\/\\\/canonm5.com\\\/index.php\\\/producto\\\/tn243-pack-de-4-cartuchos-de-toner-originales-tn243cmyk\\\/#primaryimage\",\"url\":\"https:\\\/\\\/canonm5.com\\\/wp-content\\\/uploads\\\/2022\\\/11\\\/124238_1.webp\",\"contentUrl\":\"https:\\\/\\\/canonm5.com\\\/wp-content\\\/uploads\\\/2022\\\/11\\\/124238_1.webp\",\"width\":960,\"height\":960},{\"@type\":\"BreadcrumbList\",\"@id\":\"https:\\\/\\\/canonm5.com\\\/index.php\\\/producto\\\/tn243-pack-de-4-cartuchos-de-toner-originales-tn243cmyk\\\/#breadcrumb\",\"itemListElement\":[{\"@type\":\"ListItem\",\"position\":1,\"name\":\"Portada\",\"item\":\"https:\\\/\\\/canonm5.com\\\/\"},{\"@type\":\"ListItem\",\"position\":2,\"name\":\"Nuestros productos\",\"item\":\"https:\\\/\\\/canonm5.com\\\/index.php\\\/productos\\\/\"},{\"@type\":\"ListItem\",\"position\":3,\"name\":\"TN243 Pack de 4 Cartuchos de Toner Originales &#8211; TN243CMYK\"}]},{\"@type\":\"WebSite\",\"@id\":\"https:\\\/\\\/canonm5.com\\\/#website\",\"url\":\"https:\\\/\\\/canonm5.com\\\/\",\"name\":\"Canon M5 Madrid | Distribuidor oficial Canon\",\"description\":\"Renting de impresoras para empresas\",\"potentialAction\":[{\"@type\":\"SearchAction\",\"target\":{\"@type\":\"EntryPoint\",\"urlTemplate\":\"https:\\\/\\\/canonm5.com\\\/?s={search_term_string}\"},\"query-input\":{\"@type\":\"PropertyValueSpecification\",\"valueRequired\":true,\"valueName\":\"search_term_string\"}}],\"inLanguage\":\"es\"}]}<\/script>\n<!-- \/ Yoast SEO plugin. -->","yoast_head_json":{"title":"TN243 Pack de 4 Cartuchos de Toner Originales - TN243CMYK - Canon M5 Madrid | Distribuidor oficial Canon","description":"Brother tiene en cuenta el impacto medioambiental en todas las etapas del ciclo de vida de un cartucho de t\u00f3ner. Todos nuestros equipos y cartuchos de t\u00f3ner est\u00e1n dise\u00f1ados para minimizar la cantidad de residuos y el impacto en el medio ambiente.","robots":{"index":"index","follow":"follow","max-snippet":"max-snippet:-1","max-image-preview":"max-image-preview:large","max-video-preview":"max-video-preview:-1"},"canonical":"https:\/\/canonm5.com\/index.php\/producto\/tn243-pack-de-4-cartuchos-de-toner-originales-tn243cmyk\/","og_locale":"es_ES","og_type":"article","og_title":"TN243 Pack de 4 Cartuchos de Toner Originales - TN243CMYK - Canon M5 Madrid | Distribuidor oficial Canon","og_description":"Brother tiene en cuenta el impacto medioambiental en todas las etapas del ciclo de vida de un cartucho de t\u00f3ner. Todos nuestros equipos y cartuchos de t\u00f3ner est\u00e1n dise\u00f1ados para minimizar la cantidad de residuos y el impacto en el medio ambiente.","og_url":"https:\/\/canonm5.com\/index.php\/producto\/tn243-pack-de-4-cartuchos-de-toner-originales-tn243cmyk\/","og_site_name":"Canon M5 Madrid | Distribuidor oficial Canon","article_modified_time":"2022-11-24T14:49:13+00:00","og_image":[{"width":960,"height":960,"url":"https:\/\/canonm5.com\/wp-content\/uploads\/2022\/11\/124238_1.webp","type":"image\/webp"}],"twitter_card":"summary_large_image","twitter_misc":{"Tiempo de lectura":"1 minuto"},"schema":{"@context":"https:\/\/schema.org","@graph":[{"@type":"WebPage","@id":"https:\/\/canonm5.com\/index.php\/producto\/tn243-pack-de-4-cartuchos-de-toner-originales-tn243cmyk\/","url":"https:\/\/canonm5.com\/index.php\/producto\/tn243-pack-de-4-cartuchos-de-toner-originales-tn243cmyk\/","name":"TN243 Pack de 4 Cartuchos de Toner Originales - TN243CMYK - Canon M5 Madrid | Distribuidor oficial Canon","isPartOf":{"@id":"https:\/\/canonm5.com\/#website"},"primaryImageOfPage":{"@id":"https:\/\/canonm5.com\/index.php\/producto\/tn243-pack-de-4-cartuchos-de-toner-originales-tn243cmyk\/#primaryimage"},"image":{"@id":"https:\/\/canonm5.com\/index.php\/producto\/tn243-pack-de-4-cartuchos-de-toner-originales-tn243cmyk\/#primaryimage"},"thumbnailUrl":"https:\/\/canonm5.com\/wp-content\/uploads\/2022\/11\/124238_1.webp","datePublished":"2022-11-24T12:33:12+00:00","dateModified":"2022-11-24T14:49:13+00:00","description":"Brother tiene en cuenta el impacto medioambiental en todas las etapas del ciclo de vida de un cartucho de t\u00f3ner. Todos nuestros equipos y cartuchos de t\u00f3ner est\u00e1n dise\u00f1ados para minimizar la cantidad de residuos y el impacto en el medio ambiente.","breadcrumb":{"@id":"https:\/\/canonm5.com\/index.php\/producto\/tn243-pack-de-4-cartuchos-de-toner-originales-tn243cmyk\/#breadcrumb"},"inLanguage":"es","potentialAction":[{"@type":"ReadAction","target":["https:\/\/canonm5.com\/index.php\/producto\/tn243-pack-de-4-cartuchos-de-toner-originales-tn243cmyk\/"]}]},{"@type":"ImageObject","inLanguage":"es","@id":"https:\/\/canonm5.com\/index.php\/producto\/tn243-pack-de-4-cartuchos-de-toner-originales-tn243cmyk\/#primaryimage","url":"https:\/\/canonm5.com\/wp-content\/uploads\/2022\/11\/124238_1.webp","contentUrl":"https:\/\/canonm5.com\/wp-content\/uploads\/2022\/11\/124238_1.webp","width":960,"height":960},{"@type":"BreadcrumbList","@id":"https:\/\/canonm5.com\/index.php\/producto\/tn243-pack-de-4-cartuchos-de-toner-originales-tn243cmyk\/#breadcrumb","itemListElement":[{"@type":"ListItem","position":1,"name":"Portada","item":"https:\/\/canonm5.com\/"},{"@type":"ListItem","position":2,"name":"Nuestros productos","item":"https:\/\/canonm5.com\/index.php\/productos\/"},{"@type":"ListItem","position":3,"name":"TN243 Pack de 4 Cartuchos de Toner Originales &#8211; TN243CMYK"}]},{"@type":"WebSite","@id":"https:\/\/canonm5.com\/#website","url":"https:\/\/canonm5.com\/","name":"Canon M5 Madrid | Distribuidor oficial Canon","description":"Renting de impresoras para empresas","potentialAction":[{"@type":"SearchAction","target":{"@type":"EntryPoint","urlTemplate":"https:\/\/canonm5.com\/?s={search_term_string}"},"query-input":{"@type":"PropertyValueSpecification","valueRequired":true,"valueName":"search_term_string"}}],"inLanguage":"es"}]}},"_links":{"self":[{"href":"https:\/\/canonm5.com\/index.php\/wp-json\/wp\/v2\/product\/4836","targetHints":{"allow":["GET"]}}],"collection":[{"href":"https:\/\/canonm5.com\/index.php\/wp-json\/wp\/v2\/product"}],"about":[{"href":"https:\/\/canonm5.com\/index.php\/wp-json\/wp\/v2\/types\/product"}],"wp:featuredmedia":[{"embeddable":true,"href":"https:\/\/canonm5.com\/index.php\/wp-json\/wp\/v2\/media\/4837"}],"wp:attachment":[{"href":"https:\/\/canonm5.com\/index.php\/wp-json\/wp\/v2\/media?parent=4836"}],"wp:term":[{"taxonomy":"product_cat","embeddable":true,"href":"https:\/\/canonm5.com\/index.php\/wp-json\/wp\/v2\/product_cat?post=4836"},{"taxonomy":"product_tag","embeddable":true,"href":"https:\/\/canonm5.com\/index.php\/wp-json\/wp\/v2\/product_tag?post=4836"}],"curies":[{"name":"wp","href":"https:\/\/api.w.org\/{rel}","templated":true}]}}