{"id":4824,"date":"2022-11-23T15:20:10","date_gmt":"2022-11-23T15:20:10","guid":{"rendered":"https:\/\/canonm5.com\/?post_type=product&#038;p=4824"},"modified":"2022-11-24T10:24:27","modified_gmt":"2022-11-24T10:24:27","slug":"cf294a-negro-cartucho-de-toner-original-94a","status":"publish","type":"product","link":"https:\/\/canonm5.com\/index.php\/producto\/cf294a-negro-cartucho-de-toner-original-94a\/","title":{"rendered":"CF294A Negro Cartucho de Toner Original &#8211; 94A"},"content":{"rendered":"<h2>Especificaciones T\u00e9cnicas<\/h2>\n<ul>\n<li><strong>Tecnolog\u00eda de impresi\u00f3n:<\/strong>\u00a0L\u00e1ser<\/li>\n<li><strong>Resoluci\u00f3n de impresi\u00f3n<\/strong>\n<ul>\n<li><strong>Tecnolog\u00edas de resoluci\u00f3n de impresi\u00f3n:\u00a0<\/strong>JetIntelligence<\/li>\n<\/ul>\n<\/li>\n<li><strong>Contenido de la caja<\/strong>\n<ul>\n<li><strong>Contenido de la caja:\u00a0<\/strong>Cartucho de t\u00f3ner<\/li>\n<li><strong>Gu\u00eda de reciclaje<\/strong><\/li>\n<\/ul>\n<\/li>\n<li><strong>Cartuchos y cabezales de impresi\u00f3n:<\/strong>\n<ul>\n<li><strong>Rendimiento de la p\u00e1gina (blanco y negro):\u00a0<\/strong>1200 p\u00e1ginas<\/li>\n<li><strong>Colores de los consumibles de impresi\u00f3n:\u00a0<\/strong>Negro<\/li>\n<li><strong>Selectividad:\u00a0<\/strong>94A<\/li>\n<\/ul>\n<\/li>\n<\/ul>\n<p>&nbsp;<\/p>\n<p><em>E.O. Madrid Cinco S.L., no se responsabiliza de posibles errores tipogr\u00e1ficos y de precio. Las fotograf\u00edas de los productos pueden sufrir cambios<\/em><\/p>\n<p>&nbsp;<\/p>\n","protected":false},"excerpt":{"rendered":"<h2>Especificaciones T\u00e9cnicas<\/h2>\n<ul>\n<li><strong>Tecnolog\u00eda de impresi\u00f3n:<\/strong>\u00a0L\u00e1ser<\/li>\n<li><strong>Resoluci\u00f3n de impresi\u00f3n<\/strong>\n<ul>\n<li><strong>Tecnolog\u00edas de resoluci\u00f3n de impresi\u00f3n:\u00a0<\/strong>JetIntelligence<\/li>\n<\/ul>\n<\/li>\n<li><strong>Contenido de la caja<\/strong>\n<ul>\n<li><strong>Contenido de la caja:\u00a0<\/strong>Cartucho de t\u00f3ner<\/li>\n<li><strong>Gu\u00eda de reciclaje<\/strong><\/li>\n<\/ul>\n<\/li>\n<li><strong>Cartuchos y cabezales de impresi\u00f3n:<\/strong>\n<ul>\n<li><strong>Rendimiento de la p\u00e1gina (blanco y negro):\u00a0<\/strong>1200 p\u00e1ginas<\/li>\n<li><strong>Colores de los consumibles de impresi\u00f3n:\u00a0<\/strong>Negro<\/li>\n<li><strong>Selectividad:\u00a0<\/strong>94A<\/li>\n<\/ul>\n<\/li>\n<\/ul>\n","protected":false},"featured_media":4826,"template":"","meta":{"_et_pb_use_builder":"","_et_pb_old_content":"","_et_gb_content_width":"","_joinchat":[]},"product_cat":[16,18,17],"product_tag":[1508,30,623,372],"class_list":{"0":"post-4824","1":"product","2":"type-product","3":"status-publish","4":"has-post-thumbnail","6":"product_cat-consumibles","7":"product_cat-hp","8":"product_cat-toner","9":"product_tag-cf294a","10":"product_tag-negro","11":"product_tag-original","12":"product_tag-toner","14":"first","15":"instock","16":"taxable","17":"shipping-taxable","18":"purchasable","19":"product-type-simple"},"yoast_head":"<!-- This site is optimized with the Yoast SEO plugin v27.4 - https:\/\/yoast.com\/product\/yoast-seo-wordpress\/ -->\n<title>CF294A Negro Cartucho de Toner Original - 94A - Canon M5 Madrid | Distribuidor oficial Canon<\/title>\n<meta name=\"description\" content=\"Cartucho de toner original HP CF294A (94A) de alta calidad.\" \/>\n<meta name=\"robots\" content=\"index, follow, max-snippet:-1, max-image-preview:large, max-video-preview:-1\" \/>\n<link rel=\"canonical\" href=\"https:\/\/canonm5.com\/index.php\/producto\/cf294a-negro-cartucho-de-toner-original-94a\/\" \/>\n<meta property=\"og:locale\" content=\"es_ES\" \/>\n<meta property=\"og:type\" content=\"article\" \/>\n<meta property=\"og:title\" content=\"CF294A Negro Cartucho de Toner Original - 94A - Canon M5 Madrid | Distribuidor oficial Canon\" \/>\n<meta property=\"og:description\" content=\"Cartucho de toner original HP CF294A (94A) de alta calidad.\" \/>\n<meta property=\"og:url\" content=\"https:\/\/canonm5.com\/index.php\/producto\/cf294a-negro-cartucho-de-toner-original-94a\/\" \/>\n<meta property=\"og:site_name\" content=\"Canon M5 Madrid | Distribuidor oficial Canon\" \/>\n<meta property=\"article:modified_time\" content=\"2022-11-24T10:24:27+00:00\" \/>\n<meta property=\"og:image\" content=\"https:\/\/canonm5.com\/wp-content\/uploads\/2022\/11\/90306_1.jpg\" \/>\n\t<meta property=\"og:image:width\" content=\"1348\" \/>\n\t<meta property=\"og:image:height\" content=\"1079\" \/>\n\t<meta property=\"og:image:type\" content=\"image\/jpeg\" \/>\n<meta name=\"twitter:card\" content=\"summary_large_image\" \/>\n<script type=\"application\/ld+json\" class=\"yoast-schema-graph\">{\"@context\":\"https:\\\/\\\/schema.org\",\"@graph\":[{\"@type\":\"WebPage\",\"@id\":\"https:\\\/\\\/canonm5.com\\\/index.php\\\/producto\\\/cf294a-negro-cartucho-de-toner-original-94a\\\/\",\"url\":\"https:\\\/\\\/canonm5.com\\\/index.php\\\/producto\\\/cf294a-negro-cartucho-de-toner-original-94a\\\/\",\"name\":\"CF294A Negro Cartucho de Toner Original - 94A - Canon M5 Madrid | Distribuidor oficial Canon\",\"isPartOf\":{\"@id\":\"https:\\\/\\\/canonm5.com\\\/#website\"},\"primaryImageOfPage\":{\"@id\":\"https:\\\/\\\/canonm5.com\\\/index.php\\\/producto\\\/cf294a-negro-cartucho-de-toner-original-94a\\\/#primaryimage\"},\"image\":{\"@id\":\"https:\\\/\\\/canonm5.com\\\/index.php\\\/producto\\\/cf294a-negro-cartucho-de-toner-original-94a\\\/#primaryimage\"},\"thumbnailUrl\":\"https:\\\/\\\/canonm5.com\\\/wp-content\\\/uploads\\\/2022\\\/11\\\/90306_1.jpg\",\"datePublished\":\"2022-11-23T15:20:10+00:00\",\"dateModified\":\"2022-11-24T10:24:27+00:00\",\"description\":\"Cartucho de toner original HP CF294A (94A) de alta calidad.\",\"breadcrumb\":{\"@id\":\"https:\\\/\\\/canonm5.com\\\/index.php\\\/producto\\\/cf294a-negro-cartucho-de-toner-original-94a\\\/#breadcrumb\"},\"inLanguage\":\"es\",\"potentialAction\":[{\"@type\":\"ReadAction\",\"target\":[\"https:\\\/\\\/canonm5.com\\\/index.php\\\/producto\\\/cf294a-negro-cartucho-de-toner-original-94a\\\/\"]}]},{\"@type\":\"ImageObject\",\"inLanguage\":\"es\",\"@id\":\"https:\\\/\\\/canonm5.com\\\/index.php\\\/producto\\\/cf294a-negro-cartucho-de-toner-original-94a\\\/#primaryimage\",\"url\":\"https:\\\/\\\/canonm5.com\\\/wp-content\\\/uploads\\\/2022\\\/11\\\/90306_1.jpg\",\"contentUrl\":\"https:\\\/\\\/canonm5.com\\\/wp-content\\\/uploads\\\/2022\\\/11\\\/90306_1.jpg\",\"width\":1348,\"height\":1079},{\"@type\":\"BreadcrumbList\",\"@id\":\"https:\\\/\\\/canonm5.com\\\/index.php\\\/producto\\\/cf294a-negro-cartucho-de-toner-original-94a\\\/#breadcrumb\",\"itemListElement\":[{\"@type\":\"ListItem\",\"position\":1,\"name\":\"Portada\",\"item\":\"https:\\\/\\\/canonm5.com\\\/\"},{\"@type\":\"ListItem\",\"position\":2,\"name\":\"Nuestros productos\",\"item\":\"https:\\\/\\\/canonm5.com\\\/index.php\\\/productos\\\/\"},{\"@type\":\"ListItem\",\"position\":3,\"name\":\"CF294A Negro Cartucho de Toner Original &#8211; 94A\"}]},{\"@type\":\"WebSite\",\"@id\":\"https:\\\/\\\/canonm5.com\\\/#website\",\"url\":\"https:\\\/\\\/canonm5.com\\\/\",\"name\":\"Canon M5 Madrid | Distribuidor oficial Canon\",\"description\":\"Renting de impresoras para empresas\",\"potentialAction\":[{\"@type\":\"SearchAction\",\"target\":{\"@type\":\"EntryPoint\",\"urlTemplate\":\"https:\\\/\\\/canonm5.com\\\/?s={search_term_string}\"},\"query-input\":{\"@type\":\"PropertyValueSpecification\",\"valueRequired\":true,\"valueName\":\"search_term_string\"}}],\"inLanguage\":\"es\"}]}<\/script>\n<!-- \/ Yoast SEO plugin. -->","yoast_head_json":{"title":"CF294A Negro Cartucho de Toner Original - 94A - Canon M5 Madrid | Distribuidor oficial Canon","description":"Cartucho de toner original HP CF294A (94A) de alta calidad.","robots":{"index":"index","follow":"follow","max-snippet":"max-snippet:-1","max-image-preview":"max-image-preview:large","max-video-preview":"max-video-preview:-1"},"canonical":"https:\/\/canonm5.com\/index.php\/producto\/cf294a-negro-cartucho-de-toner-original-94a\/","og_locale":"es_ES","og_type":"article","og_title":"CF294A Negro Cartucho de Toner Original - 94A - Canon M5 Madrid | Distribuidor oficial Canon","og_description":"Cartucho de toner original HP CF294A (94A) de alta calidad.","og_url":"https:\/\/canonm5.com\/index.php\/producto\/cf294a-negro-cartucho-de-toner-original-94a\/","og_site_name":"Canon M5 Madrid | Distribuidor oficial Canon","article_modified_time":"2022-11-24T10:24:27+00:00","og_image":[{"width":1348,"height":1079,"url":"https:\/\/canonm5.com\/wp-content\/uploads\/2022\/11\/90306_1.jpg","type":"image\/jpeg"}],"twitter_card":"summary_large_image","schema":{"@context":"https:\/\/schema.org","@graph":[{"@type":"WebPage","@id":"https:\/\/canonm5.com\/index.php\/producto\/cf294a-negro-cartucho-de-toner-original-94a\/","url":"https:\/\/canonm5.com\/index.php\/producto\/cf294a-negro-cartucho-de-toner-original-94a\/","name":"CF294A Negro Cartucho de Toner Original - 94A - Canon M5 Madrid | Distribuidor oficial Canon","isPartOf":{"@id":"https:\/\/canonm5.com\/#website"},"primaryImageOfPage":{"@id":"https:\/\/canonm5.com\/index.php\/producto\/cf294a-negro-cartucho-de-toner-original-94a\/#primaryimage"},"image":{"@id":"https:\/\/canonm5.com\/index.php\/producto\/cf294a-negro-cartucho-de-toner-original-94a\/#primaryimage"},"thumbnailUrl":"https:\/\/canonm5.com\/wp-content\/uploads\/2022\/11\/90306_1.jpg","datePublished":"2022-11-23T15:20:10+00:00","dateModified":"2022-11-24T10:24:27+00:00","description":"Cartucho de toner original HP CF294A (94A) de alta calidad.","breadcrumb":{"@id":"https:\/\/canonm5.com\/index.php\/producto\/cf294a-negro-cartucho-de-toner-original-94a\/#breadcrumb"},"inLanguage":"es","potentialAction":[{"@type":"ReadAction","target":["https:\/\/canonm5.com\/index.php\/producto\/cf294a-negro-cartucho-de-toner-original-94a\/"]}]},{"@type":"ImageObject","inLanguage":"es","@id":"https:\/\/canonm5.com\/index.php\/producto\/cf294a-negro-cartucho-de-toner-original-94a\/#primaryimage","url":"https:\/\/canonm5.com\/wp-content\/uploads\/2022\/11\/90306_1.jpg","contentUrl":"https:\/\/canonm5.com\/wp-content\/uploads\/2022\/11\/90306_1.jpg","width":1348,"height":1079},{"@type":"BreadcrumbList","@id":"https:\/\/canonm5.com\/index.php\/producto\/cf294a-negro-cartucho-de-toner-original-94a\/#breadcrumb","itemListElement":[{"@type":"ListItem","position":1,"name":"Portada","item":"https:\/\/canonm5.com\/"},{"@type":"ListItem","position":2,"name":"Nuestros productos","item":"https:\/\/canonm5.com\/index.php\/productos\/"},{"@type":"ListItem","position":3,"name":"CF294A Negro Cartucho de Toner Original &#8211; 94A"}]},{"@type":"WebSite","@id":"https:\/\/canonm5.com\/#website","url":"https:\/\/canonm5.com\/","name":"Canon M5 Madrid | Distribuidor oficial Canon","description":"Renting de impresoras para empresas","potentialAction":[{"@type":"SearchAction","target":{"@type":"EntryPoint","urlTemplate":"https:\/\/canonm5.com\/?s={search_term_string}"},"query-input":{"@type":"PropertyValueSpecification","valueRequired":true,"valueName":"search_term_string"}}],"inLanguage":"es"}]}},"_links":{"self":[{"href":"https:\/\/canonm5.com\/index.php\/wp-json\/wp\/v2\/product\/4824","targetHints":{"allow":["GET"]}}],"collection":[{"href":"https:\/\/canonm5.com\/index.php\/wp-json\/wp\/v2\/product"}],"about":[{"href":"https:\/\/canonm5.com\/index.php\/wp-json\/wp\/v2\/types\/product"}],"wp:featuredmedia":[{"embeddable":true,"href":"https:\/\/canonm5.com\/index.php\/wp-json\/wp\/v2\/media\/4826"}],"wp:attachment":[{"href":"https:\/\/canonm5.com\/index.php\/wp-json\/wp\/v2\/media?parent=4824"}],"wp:term":[{"taxonomy":"product_cat","embeddable":true,"href":"https:\/\/canonm5.com\/index.php\/wp-json\/wp\/v2\/product_cat?post=4824"},{"taxonomy":"product_tag","embeddable":true,"href":"https:\/\/canonm5.com\/index.php\/wp-json\/wp\/v2\/product_tag?post=4824"}],"curies":[{"name":"wp","href":"https:\/\/api.w.org\/{rel}","templated":true}]}}