{"id":4400,"date":"2022-11-17T14:40:01","date_gmt":"2022-11-17T14:40:01","guid":{"rendered":"https:\/\/canonm5.com\/?post_type=product&#038;p=4400"},"modified":"2022-11-21T14:59:19","modified_gmt":"2022-11-21T14:59:19","slug":"muvip-pro700-mesa-gaming-fibra-de-carbono-iluminacion-rgb-gran-superficie-120x60x75cm-portavasos-gancho-para-auriculares-compartimento-de-almacenamiento","status":"publish","type":"product","link":"https:\/\/canonm5.com\/index.php\/producto\/muvip-pro700-mesa-gaming-fibra-de-carbono-iluminacion-rgb-gran-superficie-120x60x75cm-portavasos-gancho-para-auriculares-compartimento-de-almacenamiento\/","title":{"rendered":"Muvip PRO700 Mesa Gaming Fibra de Carbono &#8211; Iluminacion RGB &#8211; Gran Superficie 120x60x75cm &#8211; Portavasos &#8211; Gancho para Auriculares &#8211; Compartimento de Almacenamiento"},"content":{"rendered":"<p>Muvip PRO700 Mesa Gaming Fibra de Carbono con Iluminacion RGB<\/p>\n<p>La PRO700 ha sido construida sobre una s\u00f3lida y duradera estructura que asegura la estabilidad del escritorio en los vaivenes de las condiciones de juego m\u00e1s extremas. Su tablero, laminado con fibra de carbono, lo que lo hace ideal para cualquier setup, perfecto, por tanto, para aquellos gamers que prefieren la multipantalla.<\/p>\n<p>Gran superficie de juego.<br \/>\nUn dise\u00f1o optimizado, muy espacioso (120 x 60 cm), que permite la colocaci\u00f3n c\u00f3modamente del setup, bien en su superficie superior o, si se prefiere, en la inferior, gracias al amplio espacio que garantiza la importante comodidad de las piernas para las largas partidas.<\/p>\n<p>Soportes para tazas y auriculares.<br \/>\nLa PRO700 incluye un conveniente portatazas, donde podr\u00e1s dejar tu bebida sin peligro de derrame para el juego, as\u00ed como un vers\u00e1til gancho para auriculares, evitando que el cable se enrede con el resto de perif\u00e9ricos del setup, optimizando al m\u00e1ximo la gesti\u00f3n del espacio y manteniendo el orden.<\/p>\n<p>Especificaciones:<\/p>\n<p>-Luz RGB<br \/>\n-8 Juegos de luces diferentes<br \/>\n-Cambio de color mediante bot\u00f3n tactil<br \/>\n-Mesa de fibra de carbono 18mm<br \/>\n-Portavasos<br \/>\n-Gancho para auriculares<br \/>\n-Compartimento para almacenamiento<br \/>\n-Dimensiones: 120x60x75cm<\/p>\n<p>&nbsp;<\/p>\n<p><em>E.O. Madrid Cinco S.L., no se responsabiliza de posibles errores tipogr\u00e1ficos y de precio. Las fotograf\u00edas de los productos pueden sufrir cambios<\/em><\/p>\n","protected":false},"excerpt":{"rendered":"<p>Muvip PRO700 Mesa Gaming Fibra de Carbono con Iluminacion RGB<\/p>\n<p>La PRO700 ha sido construida sobre una s\u00f3lida y duradera estructura que asegura la estabilidad del escritorio en los vaivenes de las condiciones de juego m\u00e1s extremas. Su tablero, laminado con fibra de carbono, lo que lo hace ideal para cualquier setup, perfecto, por tanto, para aquellos gamers que prefieren la multipantalla.<\/p>\n<p>Gran superficie de juego.<br \/>\nUn dise\u00f1o optimizado, muy espacioso (120 x 60 cm), que permite la colocaci\u00f3n c\u00f3modamente del setup, bien en su superficie superior o, si se prefiere, en la inferior, gracias al amplio espacio que garantiza la importante comodidad de las piernas para las largas partidas.<\/p>\n<p>Soportes para tazas y auriculares.<br \/>\nLa PRO700 incluye un conveniente portatazas, donde podr\u00e1s dejar tu bebida sin peligro de derrame para el juego, as\u00ed como un vers\u00e1til gancho para auriculares, evitando que el cable se enrede con el resto de perif\u00e9ricos del setup, optimizando al m\u00e1ximo la gesti\u00f3n del espacio y manteniendo el orden.<\/p>\n<p>Especificaciones:<\/p>\n<p>-Luz RGB<br \/>\n-8 Juegos de luces diferentes<br \/>\n-Cambio de color mediante bot\u00f3n tactil<br \/>\n-Mesa de fibra de carbono 18mm<br \/>\n-Portavasos<br \/>\n-Gancho para auriculares<br \/>\n-Compartimento para almacenamiento<br \/>\n-Dimensiones: 120x60x75cm<\/p>\n","protected":false},"featured_media":4401,"template":"","meta":{"_et_pb_use_builder":"","_et_pb_old_content":"","_et_gb_content_width":"","_joinchat":[]},"product_cat":[801,1169],"product_tag":[1122,1400,1399,1395,1401],"class_list":{"0":"post-4400","1":"product","2":"type-product","3":"status-publish","4":"has-post-thumbnail","6":"product_cat-informatica","7":"product_cat-productos-gaming","8":"product_tag-gaming","9":"product_tag-iluminacion-rgb","10":"product_tag-mesa","11":"product_tag-muvip","12":"product_tag-pro-700","14":"first","15":"instock","16":"taxable","17":"shipping-taxable","18":"purchasable","19":"product-type-simple"},"yoast_head":"<!-- This site is optimized with the Yoast SEO plugin v27.4 - https:\/\/yoast.com\/product\/yoast-seo-wordpress\/ -->\n<title>Muvip PRO700 Mesa Gaming Fibra de Carbono - Iluminacion RGB - Gran Superficie 120x60x75cm - Portavasos - Gancho para Auriculares - Compartimento de Almacenamiento - Canon M5 Madrid | Distribuidor oficial Canon<\/title>\n<meta name=\"description\" content=\"Muvip PRO700 Mesa Gaming Fibra de Carbono con Iluminacion RGBLa PRO700 ha sido construida sobre una s\u00f3lida y duradera estructura que asegura la estabilidad del escritorio en los vaivenes de las condiciones de juego m\u00e1s extremas. Su tablero, laminado con fibra de carbono, lo que lo hace ideal para cualquier setup, perfecto, por tanto, para aquellos gamers que prefieren la multipantalla.\" \/>\n<meta name=\"robots\" content=\"index, follow, max-snippet:-1, max-image-preview:large, max-video-preview:-1\" \/>\n<link rel=\"canonical\" href=\"https:\/\/canonm5.com\/index.php\/producto\/muvip-pro700-mesa-gaming-fibra-de-carbono-iluminacion-rgb-gran-superficie-120x60x75cm-portavasos-gancho-para-auriculares-compartimento-de-almacenamiento\/\" \/>\n<meta property=\"og:locale\" content=\"es_ES\" \/>\n<meta property=\"og:type\" content=\"article\" \/>\n<meta property=\"og:title\" content=\"Muvip PRO700 Mesa Gaming Fibra de Carbono - Iluminacion RGB - Gran Superficie 120x60x75cm - Portavasos - Gancho para Auriculares - Compartimento de Almacenamiento - Canon M5 Madrid | Distribuidor oficial Canon\" \/>\n<meta property=\"og:description\" content=\"Muvip PRO700 Mesa Gaming Fibra de Carbono con Iluminacion RGBLa PRO700 ha sido construida sobre una s\u00f3lida y duradera estructura que asegura la estabilidad del escritorio en los vaivenes de las condiciones de juego m\u00e1s extremas. Su tablero, laminado con fibra de carbono, lo que lo hace ideal para cualquier setup, perfecto, por tanto, para aquellos gamers que prefieren la multipantalla.\" \/>\n<meta property=\"og:url\" content=\"https:\/\/canonm5.com\/index.php\/producto\/muvip-pro700-mesa-gaming-fibra-de-carbono-iluminacion-rgb-gran-superficie-120x60x75cm-portavasos-gancho-para-auriculares-compartimento-de-almacenamiento\/\" \/>\n<meta property=\"og:site_name\" content=\"Canon M5 Madrid | Distribuidor oficial Canon\" \/>\n<meta property=\"article:modified_time\" content=\"2022-11-21T14:59:19+00:00\" \/>\n<meta property=\"og:image\" content=\"https:\/\/canonm5.com\/wp-content\/uploads\/2022\/11\/168436_1.jpg\" \/>\n\t<meta property=\"og:image:width\" content=\"477\" \/>\n\t<meta property=\"og:image:height\" content=\"477\" \/>\n\t<meta property=\"og:image:type\" content=\"image\/jpeg\" \/>\n<meta name=\"twitter:card\" content=\"summary_large_image\" \/>\n<meta name=\"twitter:label1\" content=\"Tiempo de lectura\" \/>\n\t<meta name=\"twitter:data1\" content=\"1 minuto\" \/>\n<script type=\"application\/ld+json\" class=\"yoast-schema-graph\">{\"@context\":\"https:\\\/\\\/schema.org\",\"@graph\":[{\"@type\":\"WebPage\",\"@id\":\"https:\\\/\\\/canonm5.com\\\/index.php\\\/producto\\\/muvip-pro700-mesa-gaming-fibra-de-carbono-iluminacion-rgb-gran-superficie-120x60x75cm-portavasos-gancho-para-auriculares-compartimento-de-almacenamiento\\\/\",\"url\":\"https:\\\/\\\/canonm5.com\\\/index.php\\\/producto\\\/muvip-pro700-mesa-gaming-fibra-de-carbono-iluminacion-rgb-gran-superficie-120x60x75cm-portavasos-gancho-para-auriculares-compartimento-de-almacenamiento\\\/\",\"name\":\"Muvip PRO700 Mesa Gaming Fibra de Carbono - Iluminacion RGB - Gran Superficie 120x60x75cm - Portavasos - Gancho para Auriculares - Compartimento de Almacenamiento - Canon M5 Madrid | Distribuidor oficial Canon\",\"isPartOf\":{\"@id\":\"https:\\\/\\\/canonm5.com\\\/#website\"},\"primaryImageOfPage\":{\"@id\":\"https:\\\/\\\/canonm5.com\\\/index.php\\\/producto\\\/muvip-pro700-mesa-gaming-fibra-de-carbono-iluminacion-rgb-gran-superficie-120x60x75cm-portavasos-gancho-para-auriculares-compartimento-de-almacenamiento\\\/#primaryimage\"},\"image\":{\"@id\":\"https:\\\/\\\/canonm5.com\\\/index.php\\\/producto\\\/muvip-pro700-mesa-gaming-fibra-de-carbono-iluminacion-rgb-gran-superficie-120x60x75cm-portavasos-gancho-para-auriculares-compartimento-de-almacenamiento\\\/#primaryimage\"},\"thumbnailUrl\":\"https:\\\/\\\/canonm5.com\\\/wp-content\\\/uploads\\\/2022\\\/11\\\/168436_1.jpg\",\"datePublished\":\"2022-11-17T14:40:01+00:00\",\"dateModified\":\"2022-11-21T14:59:19+00:00\",\"description\":\"Muvip PRO700 Mesa Gaming Fibra de Carbono con Iluminacion RGBLa PRO700 ha sido construida sobre una s\u00f3lida y duradera estructura que asegura la estabilidad del escritorio en los vaivenes de las condiciones de juego m\u00e1s extremas. Su tablero, laminado con fibra de carbono, lo que lo hace ideal para cualquier setup, perfecto, por tanto, para aquellos gamers que prefieren la multipantalla.\",\"breadcrumb\":{\"@id\":\"https:\\\/\\\/canonm5.com\\\/index.php\\\/producto\\\/muvip-pro700-mesa-gaming-fibra-de-carbono-iluminacion-rgb-gran-superficie-120x60x75cm-portavasos-gancho-para-auriculares-compartimento-de-almacenamiento\\\/#breadcrumb\"},\"inLanguage\":\"es\",\"potentialAction\":[{\"@type\":\"ReadAction\",\"target\":[\"https:\\\/\\\/canonm5.com\\\/index.php\\\/producto\\\/muvip-pro700-mesa-gaming-fibra-de-carbono-iluminacion-rgb-gran-superficie-120x60x75cm-portavasos-gancho-para-auriculares-compartimento-de-almacenamiento\\\/\"]}]},{\"@type\":\"ImageObject\",\"inLanguage\":\"es\",\"@id\":\"https:\\\/\\\/canonm5.com\\\/index.php\\\/producto\\\/muvip-pro700-mesa-gaming-fibra-de-carbono-iluminacion-rgb-gran-superficie-120x60x75cm-portavasos-gancho-para-auriculares-compartimento-de-almacenamiento\\\/#primaryimage\",\"url\":\"https:\\\/\\\/canonm5.com\\\/wp-content\\\/uploads\\\/2022\\\/11\\\/168436_1.jpg\",\"contentUrl\":\"https:\\\/\\\/canonm5.com\\\/wp-content\\\/uploads\\\/2022\\\/11\\\/168436_1.jpg\",\"width\":477,\"height\":477},{\"@type\":\"BreadcrumbList\",\"@id\":\"https:\\\/\\\/canonm5.com\\\/index.php\\\/producto\\\/muvip-pro700-mesa-gaming-fibra-de-carbono-iluminacion-rgb-gran-superficie-120x60x75cm-portavasos-gancho-para-auriculares-compartimento-de-almacenamiento\\\/#breadcrumb\",\"itemListElement\":[{\"@type\":\"ListItem\",\"position\":1,\"name\":\"Portada\",\"item\":\"https:\\\/\\\/canonm5.com\\\/\"},{\"@type\":\"ListItem\",\"position\":2,\"name\":\"Nuestros productos\",\"item\":\"https:\\\/\\\/canonm5.com\\\/index.php\\\/productos\\\/\"},{\"@type\":\"ListItem\",\"position\":3,\"name\":\"Muvip PRO700 Mesa Gaming Fibra de Carbono &#8211; Iluminacion RGB &#8211; Gran Superficie 120x60x75cm &#8211; Portavasos &#8211; Gancho para Auriculares &#8211; Compartimento de Almacenamiento\"}]},{\"@type\":\"WebSite\",\"@id\":\"https:\\\/\\\/canonm5.com\\\/#website\",\"url\":\"https:\\\/\\\/canonm5.com\\\/\",\"name\":\"Canon M5 Madrid | Distribuidor oficial Canon\",\"description\":\"Renting de impresoras para empresas\",\"potentialAction\":[{\"@type\":\"SearchAction\",\"target\":{\"@type\":\"EntryPoint\",\"urlTemplate\":\"https:\\\/\\\/canonm5.com\\\/?s={search_term_string}\"},\"query-input\":{\"@type\":\"PropertyValueSpecification\",\"valueRequired\":true,\"valueName\":\"search_term_string\"}}],\"inLanguage\":\"es\"}]}<\/script>\n<!-- \/ Yoast SEO plugin. -->","yoast_head_json":{"title":"Muvip PRO700 Mesa Gaming Fibra de Carbono - Iluminacion RGB - Gran Superficie 120x60x75cm - Portavasos - Gancho para Auriculares - Compartimento de Almacenamiento - Canon M5 Madrid | Distribuidor oficial Canon","description":"Muvip PRO700 Mesa Gaming Fibra de Carbono con Iluminacion RGBLa PRO700 ha sido construida sobre una s\u00f3lida y duradera estructura que asegura la estabilidad del escritorio en los vaivenes de las condiciones de juego m\u00e1s extremas. Su tablero, laminado con fibra de carbono, lo que lo hace ideal para cualquier setup, perfecto, por tanto, para aquellos gamers que prefieren la multipantalla.","robots":{"index":"index","follow":"follow","max-snippet":"max-snippet:-1","max-image-preview":"max-image-preview:large","max-video-preview":"max-video-preview:-1"},"canonical":"https:\/\/canonm5.com\/index.php\/producto\/muvip-pro700-mesa-gaming-fibra-de-carbono-iluminacion-rgb-gran-superficie-120x60x75cm-portavasos-gancho-para-auriculares-compartimento-de-almacenamiento\/","og_locale":"es_ES","og_type":"article","og_title":"Muvip PRO700 Mesa Gaming Fibra de Carbono - Iluminacion RGB - Gran Superficie 120x60x75cm - Portavasos - Gancho para Auriculares - Compartimento de Almacenamiento - Canon M5 Madrid | Distribuidor oficial Canon","og_description":"Muvip PRO700 Mesa Gaming Fibra de Carbono con Iluminacion RGBLa PRO700 ha sido construida sobre una s\u00f3lida y duradera estructura que asegura la estabilidad del escritorio en los vaivenes de las condiciones de juego m\u00e1s extremas. Su tablero, laminado con fibra de carbono, lo que lo hace ideal para cualquier setup, perfecto, por tanto, para aquellos gamers que prefieren la multipantalla.","og_url":"https:\/\/canonm5.com\/index.php\/producto\/muvip-pro700-mesa-gaming-fibra-de-carbono-iluminacion-rgb-gran-superficie-120x60x75cm-portavasos-gancho-para-auriculares-compartimento-de-almacenamiento\/","og_site_name":"Canon M5 Madrid | Distribuidor oficial Canon","article_modified_time":"2022-11-21T14:59:19+00:00","og_image":[{"width":477,"height":477,"url":"https:\/\/canonm5.com\/wp-content\/uploads\/2022\/11\/168436_1.jpg","type":"image\/jpeg"}],"twitter_card":"summary_large_image","twitter_misc":{"Tiempo de lectura":"1 minuto"},"schema":{"@context":"https:\/\/schema.org","@graph":[{"@type":"WebPage","@id":"https:\/\/canonm5.com\/index.php\/producto\/muvip-pro700-mesa-gaming-fibra-de-carbono-iluminacion-rgb-gran-superficie-120x60x75cm-portavasos-gancho-para-auriculares-compartimento-de-almacenamiento\/","url":"https:\/\/canonm5.com\/index.php\/producto\/muvip-pro700-mesa-gaming-fibra-de-carbono-iluminacion-rgb-gran-superficie-120x60x75cm-portavasos-gancho-para-auriculares-compartimento-de-almacenamiento\/","name":"Muvip PRO700 Mesa Gaming Fibra de Carbono - Iluminacion RGB - Gran Superficie 120x60x75cm - Portavasos - Gancho para Auriculares - Compartimento de Almacenamiento - Canon M5 Madrid | Distribuidor oficial Canon","isPartOf":{"@id":"https:\/\/canonm5.com\/#website"},"primaryImageOfPage":{"@id":"https:\/\/canonm5.com\/index.php\/producto\/muvip-pro700-mesa-gaming-fibra-de-carbono-iluminacion-rgb-gran-superficie-120x60x75cm-portavasos-gancho-para-auriculares-compartimento-de-almacenamiento\/#primaryimage"},"image":{"@id":"https:\/\/canonm5.com\/index.php\/producto\/muvip-pro700-mesa-gaming-fibra-de-carbono-iluminacion-rgb-gran-superficie-120x60x75cm-portavasos-gancho-para-auriculares-compartimento-de-almacenamiento\/#primaryimage"},"thumbnailUrl":"https:\/\/canonm5.com\/wp-content\/uploads\/2022\/11\/168436_1.jpg","datePublished":"2022-11-17T14:40:01+00:00","dateModified":"2022-11-21T14:59:19+00:00","description":"Muvip PRO700 Mesa Gaming Fibra de Carbono con Iluminacion RGBLa PRO700 ha sido construida sobre una s\u00f3lida y duradera estructura que asegura la estabilidad del escritorio en los vaivenes de las condiciones de juego m\u00e1s extremas. Su tablero, laminado con fibra de carbono, lo que lo hace ideal para cualquier setup, perfecto, por tanto, para aquellos gamers que prefieren la multipantalla.","breadcrumb":{"@id":"https:\/\/canonm5.com\/index.php\/producto\/muvip-pro700-mesa-gaming-fibra-de-carbono-iluminacion-rgb-gran-superficie-120x60x75cm-portavasos-gancho-para-auriculares-compartimento-de-almacenamiento\/#breadcrumb"},"inLanguage":"es","potentialAction":[{"@type":"ReadAction","target":["https:\/\/canonm5.com\/index.php\/producto\/muvip-pro700-mesa-gaming-fibra-de-carbono-iluminacion-rgb-gran-superficie-120x60x75cm-portavasos-gancho-para-auriculares-compartimento-de-almacenamiento\/"]}]},{"@type":"ImageObject","inLanguage":"es","@id":"https:\/\/canonm5.com\/index.php\/producto\/muvip-pro700-mesa-gaming-fibra-de-carbono-iluminacion-rgb-gran-superficie-120x60x75cm-portavasos-gancho-para-auriculares-compartimento-de-almacenamiento\/#primaryimage","url":"https:\/\/canonm5.com\/wp-content\/uploads\/2022\/11\/168436_1.jpg","contentUrl":"https:\/\/canonm5.com\/wp-content\/uploads\/2022\/11\/168436_1.jpg","width":477,"height":477},{"@type":"BreadcrumbList","@id":"https:\/\/canonm5.com\/index.php\/producto\/muvip-pro700-mesa-gaming-fibra-de-carbono-iluminacion-rgb-gran-superficie-120x60x75cm-portavasos-gancho-para-auriculares-compartimento-de-almacenamiento\/#breadcrumb","itemListElement":[{"@type":"ListItem","position":1,"name":"Portada","item":"https:\/\/canonm5.com\/"},{"@type":"ListItem","position":2,"name":"Nuestros productos","item":"https:\/\/canonm5.com\/index.php\/productos\/"},{"@type":"ListItem","position":3,"name":"Muvip PRO700 Mesa Gaming Fibra de Carbono &#8211; Iluminacion RGB &#8211; Gran Superficie 120x60x75cm &#8211; Portavasos &#8211; Gancho para Auriculares &#8211; Compartimento de Almacenamiento"}]},{"@type":"WebSite","@id":"https:\/\/canonm5.com\/#website","url":"https:\/\/canonm5.com\/","name":"Canon M5 Madrid | Distribuidor oficial Canon","description":"Renting de impresoras para empresas","potentialAction":[{"@type":"SearchAction","target":{"@type":"EntryPoint","urlTemplate":"https:\/\/canonm5.com\/?s={search_term_string}"},"query-input":{"@type":"PropertyValueSpecification","valueRequired":true,"valueName":"search_term_string"}}],"inLanguage":"es"}]}},"_links":{"self":[{"href":"https:\/\/canonm5.com\/index.php\/wp-json\/wp\/v2\/product\/4400","targetHints":{"allow":["GET"]}}],"collection":[{"href":"https:\/\/canonm5.com\/index.php\/wp-json\/wp\/v2\/product"}],"about":[{"href":"https:\/\/canonm5.com\/index.php\/wp-json\/wp\/v2\/types\/product"}],"wp:featuredmedia":[{"embeddable":true,"href":"https:\/\/canonm5.com\/index.php\/wp-json\/wp\/v2\/media\/4401"}],"wp:attachment":[{"href":"https:\/\/canonm5.com\/index.php\/wp-json\/wp\/v2\/media?parent=4400"}],"wp:term":[{"taxonomy":"product_cat","embeddable":true,"href":"https:\/\/canonm5.com\/index.php\/wp-json\/wp\/v2\/product_cat?post=4400"},{"taxonomy":"product_tag","embeddable":true,"href":"https:\/\/canonm5.com\/index.php\/wp-json\/wp\/v2\/product_tag?post=4400"}],"curies":[{"name":"wp","href":"https:\/\/api.w.org\/{rel}","templated":true}]}}