{"id":4369,"date":"2022-11-17T12:54:59","date_gmt":"2022-11-17T12:54:59","guid":{"rendered":"https:\/\/canonm5.com\/?post_type=product&#038;p=4369"},"modified":"2023-01-24T13:19:59","modified_gmt":"2023-01-24T13:19:59","slug":"keepout-hx-avenger-earbuds-auriculares-gaming-inalambricos-bt-5-0-autonomia-hasta-5h-control-tactil-color-negro","status":"publish","type":"product","link":"https:\/\/canonm5.com\/index.php\/producto\/keepout-hx-avenger-earbuds-auriculares-gaming-inalambricos-bt-5-0-autonomia-hasta-5h-control-tactil-color-negro\/","title":{"rendered":"KeepOut HX-Avenger Earbuds Auriculares Gaming Inalambricos BT 5.0 &#8211; Autonomia hasta 5h &#8211; Control Tactil &#8211; Color Negro"},"content":{"rendered":"<p>Ha llegado la mejor alternativa sonora a los auriculares convencionales, los HX-AVENGER que usan la \u00faltima tecnolog\u00eda Bluetooth 5.0 + EDR y adem\u00e1s cuentan con un dise\u00f1o elegante y minimalista. Pueden usarse individualmente o ambos a la vez conectado a un \u00fanico dispositivo bluetooth. Su sonido es de alta calidad y dispone de una estaci\u00f3n de carga portable con un dise\u00f1o que incluye iluminaci\u00f3n LED de color verde en los laterales. Su modo Gaming habilita una de las latencias mas bajas del mercado, haciendo posible el disfrute de sonido de alta calidad sin desfases en tus mejores juegos. Compatible con Android e IOS e incluye micr\u00f3fono interno. Keep Out nos sorprende con un dise\u00f1o gaming nuevo y elegante cuidando hasta el m\u00ednimo detalle.<\/p>\n<p>Especificaciones:<\/p>\n<p>-Bluetooth 5.0<br \/>\n-Iluminaci\u00f3n LED laterales en estaci\u00f3n de carga<br \/>\n-Frecuencia: 2,4 Ghz<br \/>\n-40ms-60ms de baja latencia, dise\u00f1ado para juegos<br \/>\n-Distancia de funcionamiento: 10m<br \/>\n-Bater\u00eda del auricular: 3,7V\/40mAh<br \/>\n-Bater\u00eda de la base de carga: 3,7 V\/380 mAh (admite 3 cargas)<br \/>\n-Tiempo de reproducci\u00f3n: 5h<br \/>\n-Tiempo de carga: 1-2 h<br \/>\n-Compatible con A2DP1.2\/AVRCP1.0\/HSP1.0\/HFP1.5<br \/>\n-Control t\u00e1ctil<br \/>\n-Entrada tipo C y cable incluido<br \/>\n-Micr\u00f3fono interno<br \/>\n-Compatible con Android e IOS<\/p>\n<p>Contenido del embalaje:<\/p>\n<p>-Auricular Izquierdo y Derecho<br \/>\n-Caja estaci\u00f3n de carga portable<br \/>\n-Cable Tipo C<br \/>\n-Gu\u00eda de Usuario<\/p>\n<p>&nbsp;<\/p>\n<p><em>E.O. Madrid Cinco S.L., no se responsabiliza de posibles errores tipogr\u00e1ficos y de precio. Las fotograf\u00edas de los productos pueden sufrir cambios<\/em><\/p>\n<p><strong>\u00a0<\/strong><\/p>\n","protected":false},"excerpt":{"rendered":"<p>Especificaciones:<\/p>\n<p>-Bluetooth 5.0<br \/>\n-Iluminaci\u00f3n LED laterales en estaci\u00f3n de carga<br \/>\n-Frecuencia: 2,4 Ghz<br \/>\n-40ms-60ms de baja latencia, dise\u00f1ado para juegos<br \/>\n-Distancia de funcionamiento: 10m<br \/>\n-Bater\u00eda del auricular: 3,7V\/40mAh<br \/>\n-Bater\u00eda de la base de carga: 3,7 V\/380 mAh (admite 3 cargas)<br \/>\n-Tiempo de reproducci\u00f3n: 5h<br \/>\n-Tiempo de carga: 1-2 h<br \/>\n-Compatible con A2DP1.2\/AVRCP1.0\/HSP1.0\/HFP1.5<br \/>\n-Control t\u00e1ctil<br \/>\n-Entrada tipo C y cable incluido<br \/>\n-Micr\u00f3fono interno<br \/>\n-Compatible con Android e IOS<\/p>\n<p>Contenido del embalaje:<\/p>\n<p>-Auricular Izquierdo y Derecho<br \/>\n-Caja estaci\u00f3n de carga portable<br \/>\n-Cable Tipo C<br \/>\n-Gu\u00eda de Usuario<\/p>\n","protected":false},"featured_media":4370,"template":"","meta":{"_et_pb_use_builder":"","_et_pb_old_content":"","_et_gb_content_width":"","_joinchat":[]},"product_cat":[964,801,1169],"product_tag":[965,1390,1122,1389,1125],"class_list":{"0":"post-4369","1":"product","2":"type-product","3":"status-publish","4":"has-post-thumbnail","6":"product_cat-auriculares","7":"product_cat-informatica","8":"product_cat-productos-gaming","9":"product_tag-auriculares","10":"product_tag-avenger","11":"product_tag-gaming","12":"product_tag-inalambricos","13":"product_tag-keepout","15":"first","16":"instock","17":"taxable","18":"shipping-taxable","19":"purchasable","20":"product-type-simple"},"yoast_head":"<!-- This site is optimized with the Yoast SEO plugin v27.4 - https:\/\/yoast.com\/product\/yoast-seo-wordpress\/ -->\n<title>KeepOut HX-Avenger Earbuds Auriculares Gaming Inalambricos BT 5.0 - Autonomia hasta 5h - Control Tactil - Color Negro - Canon M5 Madrid | Distribuidor oficial Canon<\/title>\n<meta name=\"description\" content=\"Ha llegado la mejor alternativa sonora a los auriculares convencionales, los HX-AVENGER que usan la \u00faltima tecnolog\u00eda Bluetooth 5.0 + EDR y adem\u00e1s cuentan con un dise\u00f1o elegante y minimalista. Pueden usarse individualmente o ambos a la vez conectado a un \u00fanico dispositivo bluetooth. Su sonido es de alta calidad y dispone de una estaci\u00f3n de carga portable con un dise\u00f1o que incluye iluminaci\u00f3n LED de color verde en los laterales. Su modo Gaming habilita una de las latencias mas bajas del mercado, haciendo posible el disfrute de sonido de alta calidad sin desfases en tus mejores juegos. Compatible con Android e IOS e incluye micr\u00f3fono interno. Keep Out nos sorprende con un dise\u00f1o gaming nuevo y elegante cuidando hasta el m\u00ednimo detalle.\" \/>\n<meta name=\"robots\" content=\"index, follow, max-snippet:-1, max-image-preview:large, max-video-preview:-1\" \/>\n<link rel=\"canonical\" href=\"https:\/\/canonm5.com\/index.php\/producto\/keepout-hx-avenger-earbuds-auriculares-gaming-inalambricos-bt-5-0-autonomia-hasta-5h-control-tactil-color-negro\/\" \/>\n<meta property=\"og:locale\" content=\"es_ES\" \/>\n<meta property=\"og:type\" content=\"article\" \/>\n<meta property=\"og:title\" content=\"KeepOut HX-Avenger Earbuds Auriculares Gaming Inalambricos BT 5.0 - Autonomia hasta 5h - Control Tactil - Color Negro - Canon M5 Madrid | Distribuidor oficial Canon\" \/>\n<meta property=\"og:description\" content=\"Ha llegado la mejor alternativa sonora a los auriculares convencionales, los HX-AVENGER que usan la \u00faltima tecnolog\u00eda Bluetooth 5.0 + EDR y adem\u00e1s cuentan con un dise\u00f1o elegante y minimalista. Pueden usarse individualmente o ambos a la vez conectado a un \u00fanico dispositivo bluetooth. Su sonido es de alta calidad y dispone de una estaci\u00f3n de carga portable con un dise\u00f1o que incluye iluminaci\u00f3n LED de color verde en los laterales. Su modo Gaming habilita una de las latencias mas bajas del mercado, haciendo posible el disfrute de sonido de alta calidad sin desfases en tus mejores juegos. Compatible con Android e IOS e incluye micr\u00f3fono interno. Keep Out nos sorprende con un dise\u00f1o gaming nuevo y elegante cuidando hasta el m\u00ednimo detalle.\" \/>\n<meta property=\"og:url\" content=\"https:\/\/canonm5.com\/index.php\/producto\/keepout-hx-avenger-earbuds-auriculares-gaming-inalambricos-bt-5-0-autonomia-hasta-5h-control-tactil-color-negro\/\" \/>\n<meta property=\"og:site_name\" content=\"Canon M5 Madrid | Distribuidor oficial Canon\" \/>\n<meta property=\"article:modified_time\" content=\"2023-01-24T13:19:59+00:00\" \/>\n<meta property=\"og:image\" content=\"https:\/\/canonm5.com\/wp-content\/uploads\/2022\/11\/121027_1.jpg\" \/>\n\t<meta property=\"og:image:width\" content=\"600\" \/>\n\t<meta property=\"og:image:height\" content=\"600\" \/>\n\t<meta property=\"og:image:type\" content=\"image\/jpeg\" \/>\n<meta name=\"twitter:card\" content=\"summary_large_image\" \/>\n<meta name=\"twitter:label1\" content=\"Tiempo de lectura\" \/>\n\t<meta name=\"twitter:data1\" content=\"1 minuto\" \/>\n<script type=\"application\/ld+json\" class=\"yoast-schema-graph\">{\"@context\":\"https:\\\/\\\/schema.org\",\"@graph\":[{\"@type\":\"WebPage\",\"@id\":\"https:\\\/\\\/canonm5.com\\\/index.php\\\/producto\\\/keepout-hx-avenger-earbuds-auriculares-gaming-inalambricos-bt-5-0-autonomia-hasta-5h-control-tactil-color-negro\\\/\",\"url\":\"https:\\\/\\\/canonm5.com\\\/index.php\\\/producto\\\/keepout-hx-avenger-earbuds-auriculares-gaming-inalambricos-bt-5-0-autonomia-hasta-5h-control-tactil-color-negro\\\/\",\"name\":\"KeepOut HX-Avenger Earbuds Auriculares Gaming Inalambricos BT 5.0 - Autonomia hasta 5h - Control Tactil - Color Negro - Canon M5 Madrid | Distribuidor oficial Canon\",\"isPartOf\":{\"@id\":\"https:\\\/\\\/canonm5.com\\\/#website\"},\"primaryImageOfPage\":{\"@id\":\"https:\\\/\\\/canonm5.com\\\/index.php\\\/producto\\\/keepout-hx-avenger-earbuds-auriculares-gaming-inalambricos-bt-5-0-autonomia-hasta-5h-control-tactil-color-negro\\\/#primaryimage\"},\"image\":{\"@id\":\"https:\\\/\\\/canonm5.com\\\/index.php\\\/producto\\\/keepout-hx-avenger-earbuds-auriculares-gaming-inalambricos-bt-5-0-autonomia-hasta-5h-control-tactil-color-negro\\\/#primaryimage\"},\"thumbnailUrl\":\"https:\\\/\\\/canonm5.com\\\/wp-content\\\/uploads\\\/2022\\\/11\\\/121027_1.jpg\",\"datePublished\":\"2022-11-17T12:54:59+00:00\",\"dateModified\":\"2023-01-24T13:19:59+00:00\",\"description\":\"Ha llegado la mejor alternativa sonora a los auriculares convencionales, los HX-AVENGER que usan la \u00faltima tecnolog\u00eda Bluetooth 5.0 + EDR y adem\u00e1s cuentan con un dise\u00f1o elegante y minimalista. Pueden usarse individualmente o ambos a la vez conectado a un \u00fanico dispositivo bluetooth. Su sonido es de alta calidad y dispone de una estaci\u00f3n de carga portable con un dise\u00f1o que incluye iluminaci\u00f3n LED de color verde en los laterales. Su modo Gaming habilita una de las latencias mas bajas del mercado, haciendo posible el disfrute de sonido de alta calidad sin desfases en tus mejores juegos. Compatible con Android e IOS e incluye micr\u00f3fono interno. Keep Out nos sorprende con un dise\u00f1o gaming nuevo y elegante cuidando hasta el m\u00ednimo detalle.\",\"breadcrumb\":{\"@id\":\"https:\\\/\\\/canonm5.com\\\/index.php\\\/producto\\\/keepout-hx-avenger-earbuds-auriculares-gaming-inalambricos-bt-5-0-autonomia-hasta-5h-control-tactil-color-negro\\\/#breadcrumb\"},\"inLanguage\":\"es\",\"potentialAction\":[{\"@type\":\"ReadAction\",\"target\":[\"https:\\\/\\\/canonm5.com\\\/index.php\\\/producto\\\/keepout-hx-avenger-earbuds-auriculares-gaming-inalambricos-bt-5-0-autonomia-hasta-5h-control-tactil-color-negro\\\/\"]}]},{\"@type\":\"ImageObject\",\"inLanguage\":\"es\",\"@id\":\"https:\\\/\\\/canonm5.com\\\/index.php\\\/producto\\\/keepout-hx-avenger-earbuds-auriculares-gaming-inalambricos-bt-5-0-autonomia-hasta-5h-control-tactil-color-negro\\\/#primaryimage\",\"url\":\"https:\\\/\\\/canonm5.com\\\/wp-content\\\/uploads\\\/2022\\\/11\\\/121027_1.jpg\",\"contentUrl\":\"https:\\\/\\\/canonm5.com\\\/wp-content\\\/uploads\\\/2022\\\/11\\\/121027_1.jpg\",\"width\":600,\"height\":600},{\"@type\":\"BreadcrumbList\",\"@id\":\"https:\\\/\\\/canonm5.com\\\/index.php\\\/producto\\\/keepout-hx-avenger-earbuds-auriculares-gaming-inalambricos-bt-5-0-autonomia-hasta-5h-control-tactil-color-negro\\\/#breadcrumb\",\"itemListElement\":[{\"@type\":\"ListItem\",\"position\":1,\"name\":\"Portada\",\"item\":\"https:\\\/\\\/canonm5.com\\\/\"},{\"@type\":\"ListItem\",\"position\":2,\"name\":\"Nuestros productos\",\"item\":\"https:\\\/\\\/canonm5.com\\\/index.php\\\/productos\\\/\"},{\"@type\":\"ListItem\",\"position\":3,\"name\":\"KeepOut HX-Avenger Earbuds Auriculares Gaming Inalambricos BT 5.0 &#8211; Autonomia hasta 5h &#8211; Control Tactil &#8211; Color Negro\"}]},{\"@type\":\"WebSite\",\"@id\":\"https:\\\/\\\/canonm5.com\\\/#website\",\"url\":\"https:\\\/\\\/canonm5.com\\\/\",\"name\":\"Canon M5 Madrid | Distribuidor oficial Canon\",\"description\":\"Renting de impresoras para empresas\",\"potentialAction\":[{\"@type\":\"SearchAction\",\"target\":{\"@type\":\"EntryPoint\",\"urlTemplate\":\"https:\\\/\\\/canonm5.com\\\/?s={search_term_string}\"},\"query-input\":{\"@type\":\"PropertyValueSpecification\",\"valueRequired\":true,\"valueName\":\"search_term_string\"}}],\"inLanguage\":\"es\"}]}<\/script>\n<!-- \/ Yoast SEO plugin. -->","yoast_head_json":{"title":"KeepOut HX-Avenger Earbuds Auriculares Gaming Inalambricos BT 5.0 - Autonomia hasta 5h - Control Tactil - Color Negro - Canon M5 Madrid | Distribuidor oficial Canon","description":"Ha llegado la mejor alternativa sonora a los auriculares convencionales, los HX-AVENGER que usan la \u00faltima tecnolog\u00eda Bluetooth 5.0 + EDR y adem\u00e1s cuentan con un dise\u00f1o elegante y minimalista. Pueden usarse individualmente o ambos a la vez conectado a un \u00fanico dispositivo bluetooth. Su sonido es de alta calidad y dispone de una estaci\u00f3n de carga portable con un dise\u00f1o que incluye iluminaci\u00f3n LED de color verde en los laterales. Su modo Gaming habilita una de las latencias mas bajas del mercado, haciendo posible el disfrute de sonido de alta calidad sin desfases en tus mejores juegos. Compatible con Android e IOS e incluye micr\u00f3fono interno. Keep Out nos sorprende con un dise\u00f1o gaming nuevo y elegante cuidando hasta el m\u00ednimo detalle.","robots":{"index":"index","follow":"follow","max-snippet":"max-snippet:-1","max-image-preview":"max-image-preview:large","max-video-preview":"max-video-preview:-1"},"canonical":"https:\/\/canonm5.com\/index.php\/producto\/keepout-hx-avenger-earbuds-auriculares-gaming-inalambricos-bt-5-0-autonomia-hasta-5h-control-tactil-color-negro\/","og_locale":"es_ES","og_type":"article","og_title":"KeepOut HX-Avenger Earbuds Auriculares Gaming Inalambricos BT 5.0 - Autonomia hasta 5h - Control Tactil - Color Negro - Canon M5 Madrid | Distribuidor oficial Canon","og_description":"Ha llegado la mejor alternativa sonora a los auriculares convencionales, los HX-AVENGER que usan la \u00faltima tecnolog\u00eda Bluetooth 5.0 + EDR y adem\u00e1s cuentan con un dise\u00f1o elegante y minimalista. Pueden usarse individualmente o ambos a la vez conectado a un \u00fanico dispositivo bluetooth. Su sonido es de alta calidad y dispone de una estaci\u00f3n de carga portable con un dise\u00f1o que incluye iluminaci\u00f3n LED de color verde en los laterales. Su modo Gaming habilita una de las latencias mas bajas del mercado, haciendo posible el disfrute de sonido de alta calidad sin desfases en tus mejores juegos. Compatible con Android e IOS e incluye micr\u00f3fono interno. Keep Out nos sorprende con un dise\u00f1o gaming nuevo y elegante cuidando hasta el m\u00ednimo detalle.","og_url":"https:\/\/canonm5.com\/index.php\/producto\/keepout-hx-avenger-earbuds-auriculares-gaming-inalambricos-bt-5-0-autonomia-hasta-5h-control-tactil-color-negro\/","og_site_name":"Canon M5 Madrid | Distribuidor oficial Canon","article_modified_time":"2023-01-24T13:19:59+00:00","og_image":[{"width":600,"height":600,"url":"https:\/\/canonm5.com\/wp-content\/uploads\/2022\/11\/121027_1.jpg","type":"image\/jpeg"}],"twitter_card":"summary_large_image","twitter_misc":{"Tiempo de lectura":"1 minuto"},"schema":{"@context":"https:\/\/schema.org","@graph":[{"@type":"WebPage","@id":"https:\/\/canonm5.com\/index.php\/producto\/keepout-hx-avenger-earbuds-auriculares-gaming-inalambricos-bt-5-0-autonomia-hasta-5h-control-tactil-color-negro\/","url":"https:\/\/canonm5.com\/index.php\/producto\/keepout-hx-avenger-earbuds-auriculares-gaming-inalambricos-bt-5-0-autonomia-hasta-5h-control-tactil-color-negro\/","name":"KeepOut HX-Avenger Earbuds Auriculares Gaming Inalambricos BT 5.0 - Autonomia hasta 5h - Control Tactil - Color Negro - Canon M5 Madrid | Distribuidor oficial Canon","isPartOf":{"@id":"https:\/\/canonm5.com\/#website"},"primaryImageOfPage":{"@id":"https:\/\/canonm5.com\/index.php\/producto\/keepout-hx-avenger-earbuds-auriculares-gaming-inalambricos-bt-5-0-autonomia-hasta-5h-control-tactil-color-negro\/#primaryimage"},"image":{"@id":"https:\/\/canonm5.com\/index.php\/producto\/keepout-hx-avenger-earbuds-auriculares-gaming-inalambricos-bt-5-0-autonomia-hasta-5h-control-tactil-color-negro\/#primaryimage"},"thumbnailUrl":"https:\/\/canonm5.com\/wp-content\/uploads\/2022\/11\/121027_1.jpg","datePublished":"2022-11-17T12:54:59+00:00","dateModified":"2023-01-24T13:19:59+00:00","description":"Ha llegado la mejor alternativa sonora a los auriculares convencionales, los HX-AVENGER que usan la \u00faltima tecnolog\u00eda Bluetooth 5.0 + EDR y adem\u00e1s cuentan con un dise\u00f1o elegante y minimalista. Pueden usarse individualmente o ambos a la vez conectado a un \u00fanico dispositivo bluetooth. Su sonido es de alta calidad y dispone de una estaci\u00f3n de carga portable con un dise\u00f1o que incluye iluminaci\u00f3n LED de color verde en los laterales. Su modo Gaming habilita una de las latencias mas bajas del mercado, haciendo posible el disfrute de sonido de alta calidad sin desfases en tus mejores juegos. Compatible con Android e IOS e incluye micr\u00f3fono interno. Keep Out nos sorprende con un dise\u00f1o gaming nuevo y elegante cuidando hasta el m\u00ednimo detalle.","breadcrumb":{"@id":"https:\/\/canonm5.com\/index.php\/producto\/keepout-hx-avenger-earbuds-auriculares-gaming-inalambricos-bt-5-0-autonomia-hasta-5h-control-tactil-color-negro\/#breadcrumb"},"inLanguage":"es","potentialAction":[{"@type":"ReadAction","target":["https:\/\/canonm5.com\/index.php\/producto\/keepout-hx-avenger-earbuds-auriculares-gaming-inalambricos-bt-5-0-autonomia-hasta-5h-control-tactil-color-negro\/"]}]},{"@type":"ImageObject","inLanguage":"es","@id":"https:\/\/canonm5.com\/index.php\/producto\/keepout-hx-avenger-earbuds-auriculares-gaming-inalambricos-bt-5-0-autonomia-hasta-5h-control-tactil-color-negro\/#primaryimage","url":"https:\/\/canonm5.com\/wp-content\/uploads\/2022\/11\/121027_1.jpg","contentUrl":"https:\/\/canonm5.com\/wp-content\/uploads\/2022\/11\/121027_1.jpg","width":600,"height":600},{"@type":"BreadcrumbList","@id":"https:\/\/canonm5.com\/index.php\/producto\/keepout-hx-avenger-earbuds-auriculares-gaming-inalambricos-bt-5-0-autonomia-hasta-5h-control-tactil-color-negro\/#breadcrumb","itemListElement":[{"@type":"ListItem","position":1,"name":"Portada","item":"https:\/\/canonm5.com\/"},{"@type":"ListItem","position":2,"name":"Nuestros productos","item":"https:\/\/canonm5.com\/index.php\/productos\/"},{"@type":"ListItem","position":3,"name":"KeepOut HX-Avenger Earbuds Auriculares Gaming Inalambricos BT 5.0 &#8211; Autonomia hasta 5h &#8211; Control Tactil &#8211; Color Negro"}]},{"@type":"WebSite","@id":"https:\/\/canonm5.com\/#website","url":"https:\/\/canonm5.com\/","name":"Canon M5 Madrid | Distribuidor oficial Canon","description":"Renting de impresoras para empresas","potentialAction":[{"@type":"SearchAction","target":{"@type":"EntryPoint","urlTemplate":"https:\/\/canonm5.com\/?s={search_term_string}"},"query-input":{"@type":"PropertyValueSpecification","valueRequired":true,"valueName":"search_term_string"}}],"inLanguage":"es"}]}},"_links":{"self":[{"href":"https:\/\/canonm5.com\/index.php\/wp-json\/wp\/v2\/product\/4369","targetHints":{"allow":["GET"]}}],"collection":[{"href":"https:\/\/canonm5.com\/index.php\/wp-json\/wp\/v2\/product"}],"about":[{"href":"https:\/\/canonm5.com\/index.php\/wp-json\/wp\/v2\/types\/product"}],"wp:featuredmedia":[{"embeddable":true,"href":"https:\/\/canonm5.com\/index.php\/wp-json\/wp\/v2\/media\/4370"}],"wp:attachment":[{"href":"https:\/\/canonm5.com\/index.php\/wp-json\/wp\/v2\/media?parent=4369"}],"wp:term":[{"taxonomy":"product_cat","embeddable":true,"href":"https:\/\/canonm5.com\/index.php\/wp-json\/wp\/v2\/product_cat?post=4369"},{"taxonomy":"product_tag","embeddable":true,"href":"https:\/\/canonm5.com\/index.php\/wp-json\/wp\/v2\/product_tag?post=4369"}],"curies":[{"name":"wp","href":"https:\/\/api.w.org\/{rel}","templated":true}]}}