{"id":4336,"date":"2022-11-17T07:56:32","date_gmt":"2022-11-17T07:56:32","guid":{"rendered":"https:\/\/canonm5.com\/?post_type=product&#038;p=4336"},"modified":"2023-01-24T13:24:21","modified_gmt":"2023-01-24T13:24:21","slug":"talius-tatami-alfombrilla-gaming-xxl-retroiluminacion-rgb-antideslizante-80x30x0-5-cm-cable-de-1-80m-color-negro","status":"publish","type":"product","link":"https:\/\/canonm5.com\/index.php\/producto\/talius-tatami-alfombrilla-gaming-xxl-retroiluminacion-rgb-antideslizante-80x30x0-5-cm-cable-de-1-80m-color-negro\/","title":{"rendered":"Talius Tatami Alfombrilla Gaming XXL &#8211; Retroiluminacion RGB &#8211; Antideslizante &#8211; 80x30x0.5 cm &#8211; Cable de 1.80m &#8211; Color Negro"},"content":{"rendered":"<p>Alfombrillas Gaming hay muchas, pero ninguna como la nueva Tatami XXL, fabricada con los materiales m\u00e1s resistentes y con base antideslizante. Con sus 80 cent\u00edmetros de largo es la base perfecta para colocar el rat\u00f3n y el teclado. Franja transparente RGB que cubre todo el per\u00edmetro con 12 modos de iluminaci\u00f3n.<\/p>\n<p>Especificaciones:<\/p>\n<p>-Color: Negro<br \/>\n-Longitud del cable: 1.8 m<br \/>\n-Iluminacion LED: 12 modos de iluminaci\u00f3n RGB<br \/>\n-Base antideslizante: Si<\/p>\n","protected":false},"excerpt":{"rendered":"<p>Especificaciones:<\/p>\n<p>-Color: Negro<br \/>\n-Longitud del cable: 1.8 m<br \/>\n-Iluminacion LED: 12 modos de iluminaci\u00f3n RGB<br \/>\n-Base antideslizante: Si<\/p>\n","protected":false},"featured_media":4337,"template":"","meta":{"_et_pb_use_builder":"","_et_pb_old_content":"","_et_gb_content_width":"","_joinchat":[]},"product_cat":[1053,801,1169],"product_tag":[1135,1122,1379,1380],"class_list":{"0":"post-4336","1":"product","2":"type-product","3":"status-publish","4":"has-post-thumbnail","6":"product_cat-alfombrillas","7":"product_cat-informatica","8":"product_cat-productos-gaming","9":"product_tag-alfombrilla","10":"product_tag-gaming","11":"product_tag-talius","12":"product_tag-xxl","14":"first","15":"instock","16":"taxable","17":"shipping-taxable","18":"purchasable","19":"product-type-simple"},"yoast_head":"<!-- This site is optimized with the Yoast SEO plugin v27.4 - https:\/\/yoast.com\/product\/yoast-seo-wordpress\/ -->\n<title>Talius Tatami Alfombrilla Gaming XXL - Retroiluminacion RGB - Antideslizante - 80x30x0.5 cm - Cable de 1.80m - Color Negro - Canon M5 Madrid | Distribuidor oficial Canon<\/title>\n<meta name=\"description\" content=\"Alfombrillas Gaming hay muchas, pero ninguna como la nueva Tatami XXL, fabricada con los materiales m\u00e1s resistentes y con base antideslizante. Con sus 80 cent\u00edmetros de largo es la base perfecta para colocar el rat\u00f3n y el teclado. Franja transparente RGB que cubre todo el per\u00edmetro con 12 modos de iluminaci\u00f3n\" \/>\n<meta name=\"robots\" content=\"index, follow, max-snippet:-1, max-image-preview:large, max-video-preview:-1\" \/>\n<link rel=\"canonical\" href=\"https:\/\/canonm5.com\/index.php\/producto\/talius-tatami-alfombrilla-gaming-xxl-retroiluminacion-rgb-antideslizante-80x30x0-5-cm-cable-de-1-80m-color-negro\/\" \/>\n<meta property=\"og:locale\" content=\"es_ES\" \/>\n<meta property=\"og:type\" content=\"article\" \/>\n<meta property=\"og:title\" content=\"Talius Tatami Alfombrilla Gaming XXL - Retroiluminacion RGB - Antideslizante - 80x30x0.5 cm - Cable de 1.80m - Color Negro - Canon M5 Madrid | Distribuidor oficial Canon\" \/>\n<meta property=\"og:description\" content=\"Alfombrillas Gaming hay muchas, pero ninguna como la nueva Tatami XXL, fabricada con los materiales m\u00e1s resistentes y con base antideslizante. Con sus 80 cent\u00edmetros de largo es la base perfecta para colocar el rat\u00f3n y el teclado. Franja transparente RGB que cubre todo el per\u00edmetro con 12 modos de iluminaci\u00f3n\" \/>\n<meta property=\"og:url\" content=\"https:\/\/canonm5.com\/index.php\/producto\/talius-tatami-alfombrilla-gaming-xxl-retroiluminacion-rgb-antideslizante-80x30x0-5-cm-cable-de-1-80m-color-negro\/\" \/>\n<meta property=\"og:site_name\" content=\"Canon M5 Madrid | Distribuidor oficial Canon\" \/>\n<meta property=\"article:modified_time\" content=\"2023-01-24T13:24:21+00:00\" \/>\n<meta property=\"og:image\" content=\"https:\/\/canonm5.com\/wp-content\/uploads\/2022\/11\/134494_1-1-e1668671873657.jpg\" \/>\n\t<meta property=\"og:image:width\" content=\"214\" \/>\n\t<meta property=\"og:image:height\" content=\"462\" \/>\n\t<meta property=\"og:image:type\" content=\"image\/jpeg\" \/>\n<meta name=\"twitter:card\" content=\"summary_large_image\" \/>\n<script type=\"application\/ld+json\" class=\"yoast-schema-graph\">{\"@context\":\"https:\\\/\\\/schema.org\",\"@graph\":[{\"@type\":\"WebPage\",\"@id\":\"https:\\\/\\\/canonm5.com\\\/index.php\\\/producto\\\/talius-tatami-alfombrilla-gaming-xxl-retroiluminacion-rgb-antideslizante-80x30x0-5-cm-cable-de-1-80m-color-negro\\\/\",\"url\":\"https:\\\/\\\/canonm5.com\\\/index.php\\\/producto\\\/talius-tatami-alfombrilla-gaming-xxl-retroiluminacion-rgb-antideslizante-80x30x0-5-cm-cable-de-1-80m-color-negro\\\/\",\"name\":\"Talius Tatami Alfombrilla Gaming XXL - Retroiluminacion RGB - Antideslizante - 80x30x0.5 cm - Cable de 1.80m - Color Negro - Canon M5 Madrid | Distribuidor oficial Canon\",\"isPartOf\":{\"@id\":\"https:\\\/\\\/canonm5.com\\\/#website\"},\"primaryImageOfPage\":{\"@id\":\"https:\\\/\\\/canonm5.com\\\/index.php\\\/producto\\\/talius-tatami-alfombrilla-gaming-xxl-retroiluminacion-rgb-antideslizante-80x30x0-5-cm-cable-de-1-80m-color-negro\\\/#primaryimage\"},\"image\":{\"@id\":\"https:\\\/\\\/canonm5.com\\\/index.php\\\/producto\\\/talius-tatami-alfombrilla-gaming-xxl-retroiluminacion-rgb-antideslizante-80x30x0-5-cm-cable-de-1-80m-color-negro\\\/#primaryimage\"},\"thumbnailUrl\":\"https:\\\/\\\/canonm5.com\\\/wp-content\\\/uploads\\\/2022\\\/11\\\/134494_1-1-e1668671873657.jpg\",\"datePublished\":\"2022-11-17T07:56:32+00:00\",\"dateModified\":\"2023-01-24T13:24:21+00:00\",\"description\":\"Alfombrillas Gaming hay muchas, pero ninguna como la nueva Tatami XXL, fabricada con los materiales m\u00e1s resistentes y con base antideslizante. Con sus 80 cent\u00edmetros de largo es la base perfecta para colocar el rat\u00f3n y el teclado. Franja transparente RGB que cubre todo el per\u00edmetro con 12 modos de iluminaci\u00f3n\",\"breadcrumb\":{\"@id\":\"https:\\\/\\\/canonm5.com\\\/index.php\\\/producto\\\/talius-tatami-alfombrilla-gaming-xxl-retroiluminacion-rgb-antideslizante-80x30x0-5-cm-cable-de-1-80m-color-negro\\\/#breadcrumb\"},\"inLanguage\":\"es\",\"potentialAction\":[{\"@type\":\"ReadAction\",\"target\":[\"https:\\\/\\\/canonm5.com\\\/index.php\\\/producto\\\/talius-tatami-alfombrilla-gaming-xxl-retroiluminacion-rgb-antideslizante-80x30x0-5-cm-cable-de-1-80m-color-negro\\\/\"]}]},{\"@type\":\"ImageObject\",\"inLanguage\":\"es\",\"@id\":\"https:\\\/\\\/canonm5.com\\\/index.php\\\/producto\\\/talius-tatami-alfombrilla-gaming-xxl-retroiluminacion-rgb-antideslizante-80x30x0-5-cm-cable-de-1-80m-color-negro\\\/#primaryimage\",\"url\":\"https:\\\/\\\/canonm5.com\\\/wp-content\\\/uploads\\\/2022\\\/11\\\/134494_1-1-e1668671873657.jpg\",\"contentUrl\":\"https:\\\/\\\/canonm5.com\\\/wp-content\\\/uploads\\\/2022\\\/11\\\/134494_1-1-e1668671873657.jpg\",\"width\":214,\"height\":462},{\"@type\":\"BreadcrumbList\",\"@id\":\"https:\\\/\\\/canonm5.com\\\/index.php\\\/producto\\\/talius-tatami-alfombrilla-gaming-xxl-retroiluminacion-rgb-antideslizante-80x30x0-5-cm-cable-de-1-80m-color-negro\\\/#breadcrumb\",\"itemListElement\":[{\"@type\":\"ListItem\",\"position\":1,\"name\":\"Portada\",\"item\":\"https:\\\/\\\/canonm5.com\\\/\"},{\"@type\":\"ListItem\",\"position\":2,\"name\":\"Nuestros productos\",\"item\":\"https:\\\/\\\/canonm5.com\\\/index.php\\\/productos\\\/\"},{\"@type\":\"ListItem\",\"position\":3,\"name\":\"Talius Tatami Alfombrilla Gaming XXL &#8211; Retroiluminacion RGB &#8211; Antideslizante &#8211; 80x30x0.5 cm &#8211; Cable de 1.80m &#8211; Color Negro\"}]},{\"@type\":\"WebSite\",\"@id\":\"https:\\\/\\\/canonm5.com\\\/#website\",\"url\":\"https:\\\/\\\/canonm5.com\\\/\",\"name\":\"Canon M5 Madrid | Distribuidor oficial Canon\",\"description\":\"Renting de impresoras para empresas\",\"potentialAction\":[{\"@type\":\"SearchAction\",\"target\":{\"@type\":\"EntryPoint\",\"urlTemplate\":\"https:\\\/\\\/canonm5.com\\\/?s={search_term_string}\"},\"query-input\":{\"@type\":\"PropertyValueSpecification\",\"valueRequired\":true,\"valueName\":\"search_term_string\"}}],\"inLanguage\":\"es\"}]}<\/script>\n<!-- \/ Yoast SEO plugin. -->","yoast_head_json":{"title":"Talius Tatami Alfombrilla Gaming XXL - Retroiluminacion RGB - Antideslizante - 80x30x0.5 cm - Cable de 1.80m - Color Negro - Canon M5 Madrid | Distribuidor oficial Canon","description":"Alfombrillas Gaming hay muchas, pero ninguna como la nueva Tatami XXL, fabricada con los materiales m\u00e1s resistentes y con base antideslizante. Con sus 80 cent\u00edmetros de largo es la base perfecta para colocar el rat\u00f3n y el teclado. Franja transparente RGB que cubre todo el per\u00edmetro con 12 modos de iluminaci\u00f3n","robots":{"index":"index","follow":"follow","max-snippet":"max-snippet:-1","max-image-preview":"max-image-preview:large","max-video-preview":"max-video-preview:-1"},"canonical":"https:\/\/canonm5.com\/index.php\/producto\/talius-tatami-alfombrilla-gaming-xxl-retroiluminacion-rgb-antideslizante-80x30x0-5-cm-cable-de-1-80m-color-negro\/","og_locale":"es_ES","og_type":"article","og_title":"Talius Tatami Alfombrilla Gaming XXL - Retroiluminacion RGB - Antideslizante - 80x30x0.5 cm - Cable de 1.80m - Color Negro - Canon M5 Madrid | Distribuidor oficial Canon","og_description":"Alfombrillas Gaming hay muchas, pero ninguna como la nueva Tatami XXL, fabricada con los materiales m\u00e1s resistentes y con base antideslizante. Con sus 80 cent\u00edmetros de largo es la base perfecta para colocar el rat\u00f3n y el teclado. Franja transparente RGB que cubre todo el per\u00edmetro con 12 modos de iluminaci\u00f3n","og_url":"https:\/\/canonm5.com\/index.php\/producto\/talius-tatami-alfombrilla-gaming-xxl-retroiluminacion-rgb-antideslizante-80x30x0-5-cm-cable-de-1-80m-color-negro\/","og_site_name":"Canon M5 Madrid | Distribuidor oficial Canon","article_modified_time":"2023-01-24T13:24:21+00:00","og_image":[{"width":214,"height":462,"url":"https:\/\/canonm5.com\/wp-content\/uploads\/2022\/11\/134494_1-1-e1668671873657.jpg","type":"image\/jpeg"}],"twitter_card":"summary_large_image","schema":{"@context":"https:\/\/schema.org","@graph":[{"@type":"WebPage","@id":"https:\/\/canonm5.com\/index.php\/producto\/talius-tatami-alfombrilla-gaming-xxl-retroiluminacion-rgb-antideslizante-80x30x0-5-cm-cable-de-1-80m-color-negro\/","url":"https:\/\/canonm5.com\/index.php\/producto\/talius-tatami-alfombrilla-gaming-xxl-retroiluminacion-rgb-antideslizante-80x30x0-5-cm-cable-de-1-80m-color-negro\/","name":"Talius Tatami Alfombrilla Gaming XXL - Retroiluminacion RGB - Antideslizante - 80x30x0.5 cm - Cable de 1.80m - Color Negro - Canon M5 Madrid | Distribuidor oficial Canon","isPartOf":{"@id":"https:\/\/canonm5.com\/#website"},"primaryImageOfPage":{"@id":"https:\/\/canonm5.com\/index.php\/producto\/talius-tatami-alfombrilla-gaming-xxl-retroiluminacion-rgb-antideslizante-80x30x0-5-cm-cable-de-1-80m-color-negro\/#primaryimage"},"image":{"@id":"https:\/\/canonm5.com\/index.php\/producto\/talius-tatami-alfombrilla-gaming-xxl-retroiluminacion-rgb-antideslizante-80x30x0-5-cm-cable-de-1-80m-color-negro\/#primaryimage"},"thumbnailUrl":"https:\/\/canonm5.com\/wp-content\/uploads\/2022\/11\/134494_1-1-e1668671873657.jpg","datePublished":"2022-11-17T07:56:32+00:00","dateModified":"2023-01-24T13:24:21+00:00","description":"Alfombrillas Gaming hay muchas, pero ninguna como la nueva Tatami XXL, fabricada con los materiales m\u00e1s resistentes y con base antideslizante. Con sus 80 cent\u00edmetros de largo es la base perfecta para colocar el rat\u00f3n y el teclado. Franja transparente RGB que cubre todo el per\u00edmetro con 12 modos de iluminaci\u00f3n","breadcrumb":{"@id":"https:\/\/canonm5.com\/index.php\/producto\/talius-tatami-alfombrilla-gaming-xxl-retroiluminacion-rgb-antideslizante-80x30x0-5-cm-cable-de-1-80m-color-negro\/#breadcrumb"},"inLanguage":"es","potentialAction":[{"@type":"ReadAction","target":["https:\/\/canonm5.com\/index.php\/producto\/talius-tatami-alfombrilla-gaming-xxl-retroiluminacion-rgb-antideslizante-80x30x0-5-cm-cable-de-1-80m-color-negro\/"]}]},{"@type":"ImageObject","inLanguage":"es","@id":"https:\/\/canonm5.com\/index.php\/producto\/talius-tatami-alfombrilla-gaming-xxl-retroiluminacion-rgb-antideslizante-80x30x0-5-cm-cable-de-1-80m-color-negro\/#primaryimage","url":"https:\/\/canonm5.com\/wp-content\/uploads\/2022\/11\/134494_1-1-e1668671873657.jpg","contentUrl":"https:\/\/canonm5.com\/wp-content\/uploads\/2022\/11\/134494_1-1-e1668671873657.jpg","width":214,"height":462},{"@type":"BreadcrumbList","@id":"https:\/\/canonm5.com\/index.php\/producto\/talius-tatami-alfombrilla-gaming-xxl-retroiluminacion-rgb-antideslizante-80x30x0-5-cm-cable-de-1-80m-color-negro\/#breadcrumb","itemListElement":[{"@type":"ListItem","position":1,"name":"Portada","item":"https:\/\/canonm5.com\/"},{"@type":"ListItem","position":2,"name":"Nuestros productos","item":"https:\/\/canonm5.com\/index.php\/productos\/"},{"@type":"ListItem","position":3,"name":"Talius Tatami Alfombrilla Gaming XXL &#8211; Retroiluminacion RGB &#8211; Antideslizante &#8211; 80x30x0.5 cm &#8211; Cable de 1.80m &#8211; Color Negro"}]},{"@type":"WebSite","@id":"https:\/\/canonm5.com\/#website","url":"https:\/\/canonm5.com\/","name":"Canon M5 Madrid | Distribuidor oficial Canon","description":"Renting de impresoras para empresas","potentialAction":[{"@type":"SearchAction","target":{"@type":"EntryPoint","urlTemplate":"https:\/\/canonm5.com\/?s={search_term_string}"},"query-input":{"@type":"PropertyValueSpecification","valueRequired":true,"valueName":"search_term_string"}}],"inLanguage":"es"}]}},"_links":{"self":[{"href":"https:\/\/canonm5.com\/index.php\/wp-json\/wp\/v2\/product\/4336","targetHints":{"allow":["GET"]}}],"collection":[{"href":"https:\/\/canonm5.com\/index.php\/wp-json\/wp\/v2\/product"}],"about":[{"href":"https:\/\/canonm5.com\/index.php\/wp-json\/wp\/v2\/types\/product"}],"wp:featuredmedia":[{"embeddable":true,"href":"https:\/\/canonm5.com\/index.php\/wp-json\/wp\/v2\/media\/4337"}],"wp:attachment":[{"href":"https:\/\/canonm5.com\/index.php\/wp-json\/wp\/v2\/media?parent=4336"}],"wp:term":[{"taxonomy":"product_cat","embeddable":true,"href":"https:\/\/canonm5.com\/index.php\/wp-json\/wp\/v2\/product_cat?post=4336"},{"taxonomy":"product_tag","embeddable":true,"href":"https:\/\/canonm5.com\/index.php\/wp-json\/wp\/v2\/product_tag?post=4336"}],"curies":[{"name":"wp","href":"https:\/\/api.w.org\/{rel}","templated":true}]}}