{"id":4331,"date":"2022-11-17T07:52:00","date_gmt":"2022-11-17T07:52:00","guid":{"rendered":"https:\/\/canonm5.com\/?post_type=product&#038;p=4331"},"modified":"2023-01-24T12:58:47","modified_gmt":"2023-01-24T12:58:47","slug":"talius-lancer-raton-gaming-usb-6400dpi-5-botones-iluminacion-rgb-uso-diestro-cable-de-1-80m-color-negro","status":"publish","type":"product","link":"https:\/\/canonm5.com\/index.php\/producto\/talius-lancer-raton-gaming-usb-6400dpi-5-botones-iluminacion-rgb-uso-diestro-cable-de-1-80m-color-negro\/","title":{"rendered":"Talius Lancer Raton Gaming USB 6400dpi &#8211; 5 Botones &#8211; Iluminacion RGB &#8211; Uso Diestro &#8211; Cable de 1.80m &#8211; Color Negro"},"content":{"rendered":"<p>El rat\u00f3n Lancer con un dise\u00f1o agresivo y acabados de gran calidad, capaz de llegar hasta los 6400 DPI. Iluminaci\u00f3n RGB de 6 colores intercambiables con solo pulsar un bot\u00f3n. Con el software de personalizaci\u00f3n exprimir\u00e1s al m\u00e1ximo las posibilidades del rat\u00f3n, desde intercambiar las funciones de los botones a explorar todo el rango de iluminaci\u00f3n RGB. Acabados en negro mate, gomas con relieve para un m\u00e1ximo agarre y cables mallados para una durabilidad m\u00e1xima.<\/p>\n<p>Especificaciones:<\/p>\n<p>-Utilizar con: Juego<br \/>\n-Interfaz del dispositivo: USB<br \/>\n-Tecnolog\u00eda de detecci\u00f3n de movimientos: \u00d3ptico<br \/>\n-Tipo de desplazamiento: Rueda<br \/>\n-Cantidad de botones: 6<br \/>\n-Tipo de botones: Botones presionados<br \/>\n-Resoluci\u00f3n de movimiento: 800 \/ 1600 \/ 3200 \/ 4800 \/ 6400 DPI<br \/>\n-Interruptores: Omrom<\/p>\n<p>Dise\u00f1o:<\/p>\n<p>-Factor de forma: mano derecha<br \/>\n-Color del producto: Negro<br \/>\n-Iluminaci\u00f3n: Si<br \/>\n-Iluminaci\u00f3n de color: RGB<\/p>\n<p>Control de energ\u00eda:<\/p>\n<p>-Fuente de energ\u00eda: Cable<\/p>\n<p>Ergonom\u00eda:<\/p>\n<p>-Longitud de cable: 1,80 m<br \/>\n-Peso personalizable: No<\/p>\n","protected":false},"excerpt":{"rendered":"<p>El rat\u00f3n Lancer con un dise\u00f1o agresivo y acabados de gran calidad, capaz de llegar hasta los 6400 DPI. Iluminaci\u00f3n RGB de 6 colores intercambiables con solo pulsar un bot\u00f3n. Con el software de personalizaci\u00f3n exprimir\u00e1s al m\u00e1ximo las posibilidades del rat\u00f3n, desde intercambiar las funciones de los botones a explorar todo el rango de iluminaci\u00f3n RGB. Acabados en negro mate, gomas con relieve para un m\u00e1ximo agarre y cables mallados para una durabilidad m\u00e1xima.<\/p>\n<p>Especificaciones:<\/p>\n<p>-Utilizar con: Juego<br \/>\n-Interfaz del dispositivo: USB<br \/>\n-Tecnolog\u00eda de detecci\u00f3n de movimientos: \u00d3ptico<br \/>\n-Tipo de desplazamiento: Rueda<br \/>\n-Cantidad de botones: 6<br \/>\n-Tipo de botones: Botones presionados<br \/>\n-Resoluci\u00f3n de movimiento: 800 \/ 1600 \/ 3200 \/ 4800 \/ 6400 DPI<br \/>\n-Interruptores: Omrom<\/p>\n<p>Dise\u00f1o:<\/p>\n<p>-Factor de forma: mano derecha<br \/>\n-Color del producto: Negro<br \/>\n-Iluminaci\u00f3n: Si<br \/>\n-Iluminaci\u00f3n de color: RGB<\/p>\n<p>Control de energ\u00eda:<\/p>\n<p>-Fuente de energ\u00eda: Cable<\/p>\n<p>Ergonom\u00eda:<\/p>\n<p>-Longitud de cable: 1,80 m<br \/>\n-Peso personalizable: No<\/p>\n","protected":false},"featured_media":4334,"template":"","meta":{"_et_pb_use_builder":"","_et_pb_old_content":"","_et_gb_content_width":"","_joinchat":[]},"product_cat":[801,1169,793],"product_tag":[1122,1378,1377,993,1043],"class_list":{"0":"post-4331","1":"product","2":"type-product","3":"status-publish","4":"has-post-thumbnail","6":"product_cat-informatica","7":"product_cat-productos-gaming","8":"product_cat-teclados","9":"product_tag-gaming","10":"product_tag-juego","11":"product_tag-lance","12":"product_tag-raton","13":"product_tag-usb","15":"first","16":"instock","17":"taxable","18":"shipping-taxable","19":"purchasable","20":"product-type-simple"},"yoast_head":"<!-- This site is optimized with the Yoast SEO plugin v27.4 - https:\/\/yoast.com\/product\/yoast-seo-wordpress\/ -->\n<title>Talius Lancer Raton Gaming USB 6400dpi - 5 Botones - Iluminacion RGB - Uso Diestro - Cable de 1.80m - Color Negro - Canon M5 Madrid | Distribuidor oficial Canon<\/title>\n<meta name=\"description\" content=\"El rat\u00f3n Lancer con un dise\u00f1o agresivo y acabados de gran calidad, capaz de llegar hasta los 6400 DPI. Iluminaci\u00f3n RGB de 6 colores intercambiables con solo pulsar un bot\u00f3n. Con el software de personalizaci\u00f3n exprimir\u00e1s al m\u00e1ximo las posibilidades del rat\u00f3n, desde intercambiar las funciones de los botones a explorar todo el rango de iluminaci\u00f3n RGB. Acabados en negro mate, gomas con relieve para un m\u00e1ximo agarre y cables mallados para una durabilidad m\u00e1xima.\" \/>\n<meta name=\"robots\" content=\"index, follow, max-snippet:-1, max-image-preview:large, max-video-preview:-1\" \/>\n<link rel=\"canonical\" href=\"https:\/\/canonm5.com\/index.php\/producto\/talius-lancer-raton-gaming-usb-6400dpi-5-botones-iluminacion-rgb-uso-diestro-cable-de-1-80m-color-negro\/\" \/>\n<meta property=\"og:locale\" content=\"es_ES\" \/>\n<meta property=\"og:type\" content=\"article\" \/>\n<meta property=\"og:title\" content=\"Talius Lancer Raton Gaming USB 6400dpi - 5 Botones - Iluminacion RGB - Uso Diestro - Cable de 1.80m - Color Negro - Canon M5 Madrid | Distribuidor oficial Canon\" \/>\n<meta property=\"og:description\" content=\"El rat\u00f3n Lancer con un dise\u00f1o agresivo y acabados de gran calidad, capaz de llegar hasta los 6400 DPI. Iluminaci\u00f3n RGB de 6 colores intercambiables con solo pulsar un bot\u00f3n. Con el software de personalizaci\u00f3n exprimir\u00e1s al m\u00e1ximo las posibilidades del rat\u00f3n, desde intercambiar las funciones de los botones a explorar todo el rango de iluminaci\u00f3n RGB. Acabados en negro mate, gomas con relieve para un m\u00e1ximo agarre y cables mallados para una durabilidad m\u00e1xima.\" \/>\n<meta property=\"og:url\" content=\"https:\/\/canonm5.com\/index.php\/producto\/talius-lancer-raton-gaming-usb-6400dpi-5-botones-iluminacion-rgb-uso-diestro-cable-de-1-80m-color-negro\/\" \/>\n<meta property=\"og:site_name\" content=\"Canon M5 Madrid | Distribuidor oficial Canon\" \/>\n<meta property=\"article:modified_time\" content=\"2023-01-24T12:58:47+00:00\" \/>\n<meta property=\"og:image\" content=\"https:\/\/canonm5.com\/wp-content\/uploads\/2022\/11\/134489_3.jpg\" \/>\n\t<meta property=\"og:image:width\" content=\"530\" \/>\n\t<meta property=\"og:image:height\" content=\"530\" \/>\n\t<meta property=\"og:image:type\" content=\"image\/jpeg\" \/>\n<meta name=\"twitter:card\" content=\"summary_large_image\" \/>\n<meta name=\"twitter:label1\" content=\"Tiempo de lectura\" \/>\n\t<meta name=\"twitter:data1\" content=\"1 minuto\" \/>\n<script type=\"application\/ld+json\" class=\"yoast-schema-graph\">{\"@context\":\"https:\\\/\\\/schema.org\",\"@graph\":[{\"@type\":\"WebPage\",\"@id\":\"https:\\\/\\\/canonm5.com\\\/index.php\\\/producto\\\/talius-lancer-raton-gaming-usb-6400dpi-5-botones-iluminacion-rgb-uso-diestro-cable-de-1-80m-color-negro\\\/\",\"url\":\"https:\\\/\\\/canonm5.com\\\/index.php\\\/producto\\\/talius-lancer-raton-gaming-usb-6400dpi-5-botones-iluminacion-rgb-uso-diestro-cable-de-1-80m-color-negro\\\/\",\"name\":\"Talius Lancer Raton Gaming USB 6400dpi - 5 Botones - Iluminacion RGB - Uso Diestro - Cable de 1.80m - Color Negro - Canon M5 Madrid | Distribuidor oficial Canon\",\"isPartOf\":{\"@id\":\"https:\\\/\\\/canonm5.com\\\/#website\"},\"primaryImageOfPage\":{\"@id\":\"https:\\\/\\\/canonm5.com\\\/index.php\\\/producto\\\/talius-lancer-raton-gaming-usb-6400dpi-5-botones-iluminacion-rgb-uso-diestro-cable-de-1-80m-color-negro\\\/#primaryimage\"},\"image\":{\"@id\":\"https:\\\/\\\/canonm5.com\\\/index.php\\\/producto\\\/talius-lancer-raton-gaming-usb-6400dpi-5-botones-iluminacion-rgb-uso-diestro-cable-de-1-80m-color-negro\\\/#primaryimage\"},\"thumbnailUrl\":\"https:\\\/\\\/canonm5.com\\\/wp-content\\\/uploads\\\/2022\\\/11\\\/134489_3.jpg\",\"datePublished\":\"2022-11-17T07:52:00+00:00\",\"dateModified\":\"2023-01-24T12:58:47+00:00\",\"description\":\"El rat\u00f3n Lancer con un dise\u00f1o agresivo y acabados de gran calidad, capaz de llegar hasta los 6400 DPI. Iluminaci\u00f3n RGB de 6 colores intercambiables con solo pulsar un bot\u00f3n. Con el software de personalizaci\u00f3n exprimir\u00e1s al m\u00e1ximo las posibilidades del rat\u00f3n, desde intercambiar las funciones de los botones a explorar todo el rango de iluminaci\u00f3n RGB. Acabados en negro mate, gomas con relieve para un m\u00e1ximo agarre y cables mallados para una durabilidad m\u00e1xima.\",\"breadcrumb\":{\"@id\":\"https:\\\/\\\/canonm5.com\\\/index.php\\\/producto\\\/talius-lancer-raton-gaming-usb-6400dpi-5-botones-iluminacion-rgb-uso-diestro-cable-de-1-80m-color-negro\\\/#breadcrumb\"},\"inLanguage\":\"es\",\"potentialAction\":[{\"@type\":\"ReadAction\",\"target\":[\"https:\\\/\\\/canonm5.com\\\/index.php\\\/producto\\\/talius-lancer-raton-gaming-usb-6400dpi-5-botones-iluminacion-rgb-uso-diestro-cable-de-1-80m-color-negro\\\/\"]}]},{\"@type\":\"ImageObject\",\"inLanguage\":\"es\",\"@id\":\"https:\\\/\\\/canonm5.com\\\/index.php\\\/producto\\\/talius-lancer-raton-gaming-usb-6400dpi-5-botones-iluminacion-rgb-uso-diestro-cable-de-1-80m-color-negro\\\/#primaryimage\",\"url\":\"https:\\\/\\\/canonm5.com\\\/wp-content\\\/uploads\\\/2022\\\/11\\\/134489_3.jpg\",\"contentUrl\":\"https:\\\/\\\/canonm5.com\\\/wp-content\\\/uploads\\\/2022\\\/11\\\/134489_3.jpg\",\"width\":530,\"height\":530},{\"@type\":\"BreadcrumbList\",\"@id\":\"https:\\\/\\\/canonm5.com\\\/index.php\\\/producto\\\/talius-lancer-raton-gaming-usb-6400dpi-5-botones-iluminacion-rgb-uso-diestro-cable-de-1-80m-color-negro\\\/#breadcrumb\",\"itemListElement\":[{\"@type\":\"ListItem\",\"position\":1,\"name\":\"Portada\",\"item\":\"https:\\\/\\\/canonm5.com\\\/\"},{\"@type\":\"ListItem\",\"position\":2,\"name\":\"Nuestros productos\",\"item\":\"https:\\\/\\\/canonm5.com\\\/index.php\\\/productos\\\/\"},{\"@type\":\"ListItem\",\"position\":3,\"name\":\"Talius Lancer Raton Gaming USB 6400dpi &#8211; 5 Botones &#8211; Iluminacion RGB &#8211; Uso Diestro &#8211; Cable de 1.80m &#8211; Color Negro\"}]},{\"@type\":\"WebSite\",\"@id\":\"https:\\\/\\\/canonm5.com\\\/#website\",\"url\":\"https:\\\/\\\/canonm5.com\\\/\",\"name\":\"Canon M5 Madrid | Distribuidor oficial Canon\",\"description\":\"Renting de impresoras para empresas\",\"potentialAction\":[{\"@type\":\"SearchAction\",\"target\":{\"@type\":\"EntryPoint\",\"urlTemplate\":\"https:\\\/\\\/canonm5.com\\\/?s={search_term_string}\"},\"query-input\":{\"@type\":\"PropertyValueSpecification\",\"valueRequired\":true,\"valueName\":\"search_term_string\"}}],\"inLanguage\":\"es\"}]}<\/script>\n<!-- \/ Yoast SEO plugin. -->","yoast_head_json":{"title":"Talius Lancer Raton Gaming USB 6400dpi - 5 Botones - Iluminacion RGB - Uso Diestro - Cable de 1.80m - Color Negro - Canon M5 Madrid | Distribuidor oficial Canon","description":"El rat\u00f3n Lancer con un dise\u00f1o agresivo y acabados de gran calidad, capaz de llegar hasta los 6400 DPI. Iluminaci\u00f3n RGB de 6 colores intercambiables con solo pulsar un bot\u00f3n. Con el software de personalizaci\u00f3n exprimir\u00e1s al m\u00e1ximo las posibilidades del rat\u00f3n, desde intercambiar las funciones de los botones a explorar todo el rango de iluminaci\u00f3n RGB. Acabados en negro mate, gomas con relieve para un m\u00e1ximo agarre y cables mallados para una durabilidad m\u00e1xima.","robots":{"index":"index","follow":"follow","max-snippet":"max-snippet:-1","max-image-preview":"max-image-preview:large","max-video-preview":"max-video-preview:-1"},"canonical":"https:\/\/canonm5.com\/index.php\/producto\/talius-lancer-raton-gaming-usb-6400dpi-5-botones-iluminacion-rgb-uso-diestro-cable-de-1-80m-color-negro\/","og_locale":"es_ES","og_type":"article","og_title":"Talius Lancer Raton Gaming USB 6400dpi - 5 Botones - Iluminacion RGB - Uso Diestro - Cable de 1.80m - Color Negro - Canon M5 Madrid | Distribuidor oficial Canon","og_description":"El rat\u00f3n Lancer con un dise\u00f1o agresivo y acabados de gran calidad, capaz de llegar hasta los 6400 DPI. Iluminaci\u00f3n RGB de 6 colores intercambiables con solo pulsar un bot\u00f3n. Con el software de personalizaci\u00f3n exprimir\u00e1s al m\u00e1ximo las posibilidades del rat\u00f3n, desde intercambiar las funciones de los botones a explorar todo el rango de iluminaci\u00f3n RGB. Acabados en negro mate, gomas con relieve para un m\u00e1ximo agarre y cables mallados para una durabilidad m\u00e1xima.","og_url":"https:\/\/canonm5.com\/index.php\/producto\/talius-lancer-raton-gaming-usb-6400dpi-5-botones-iluminacion-rgb-uso-diestro-cable-de-1-80m-color-negro\/","og_site_name":"Canon M5 Madrid | Distribuidor oficial Canon","article_modified_time":"2023-01-24T12:58:47+00:00","og_image":[{"width":530,"height":530,"url":"https:\/\/canonm5.com\/wp-content\/uploads\/2022\/11\/134489_3.jpg","type":"image\/jpeg"}],"twitter_card":"summary_large_image","twitter_misc":{"Tiempo de lectura":"1 minuto"},"schema":{"@context":"https:\/\/schema.org","@graph":[{"@type":"WebPage","@id":"https:\/\/canonm5.com\/index.php\/producto\/talius-lancer-raton-gaming-usb-6400dpi-5-botones-iluminacion-rgb-uso-diestro-cable-de-1-80m-color-negro\/","url":"https:\/\/canonm5.com\/index.php\/producto\/talius-lancer-raton-gaming-usb-6400dpi-5-botones-iluminacion-rgb-uso-diestro-cable-de-1-80m-color-negro\/","name":"Talius Lancer Raton Gaming USB 6400dpi - 5 Botones - Iluminacion RGB - Uso Diestro - Cable de 1.80m - Color Negro - Canon M5 Madrid | Distribuidor oficial Canon","isPartOf":{"@id":"https:\/\/canonm5.com\/#website"},"primaryImageOfPage":{"@id":"https:\/\/canonm5.com\/index.php\/producto\/talius-lancer-raton-gaming-usb-6400dpi-5-botones-iluminacion-rgb-uso-diestro-cable-de-1-80m-color-negro\/#primaryimage"},"image":{"@id":"https:\/\/canonm5.com\/index.php\/producto\/talius-lancer-raton-gaming-usb-6400dpi-5-botones-iluminacion-rgb-uso-diestro-cable-de-1-80m-color-negro\/#primaryimage"},"thumbnailUrl":"https:\/\/canonm5.com\/wp-content\/uploads\/2022\/11\/134489_3.jpg","datePublished":"2022-11-17T07:52:00+00:00","dateModified":"2023-01-24T12:58:47+00:00","description":"El rat\u00f3n Lancer con un dise\u00f1o agresivo y acabados de gran calidad, capaz de llegar hasta los 6400 DPI. Iluminaci\u00f3n RGB de 6 colores intercambiables con solo pulsar un bot\u00f3n. Con el software de personalizaci\u00f3n exprimir\u00e1s al m\u00e1ximo las posibilidades del rat\u00f3n, desde intercambiar las funciones de los botones a explorar todo el rango de iluminaci\u00f3n RGB. Acabados en negro mate, gomas con relieve para un m\u00e1ximo agarre y cables mallados para una durabilidad m\u00e1xima.","breadcrumb":{"@id":"https:\/\/canonm5.com\/index.php\/producto\/talius-lancer-raton-gaming-usb-6400dpi-5-botones-iluminacion-rgb-uso-diestro-cable-de-1-80m-color-negro\/#breadcrumb"},"inLanguage":"es","potentialAction":[{"@type":"ReadAction","target":["https:\/\/canonm5.com\/index.php\/producto\/talius-lancer-raton-gaming-usb-6400dpi-5-botones-iluminacion-rgb-uso-diestro-cable-de-1-80m-color-negro\/"]}]},{"@type":"ImageObject","inLanguage":"es","@id":"https:\/\/canonm5.com\/index.php\/producto\/talius-lancer-raton-gaming-usb-6400dpi-5-botones-iluminacion-rgb-uso-diestro-cable-de-1-80m-color-negro\/#primaryimage","url":"https:\/\/canonm5.com\/wp-content\/uploads\/2022\/11\/134489_3.jpg","contentUrl":"https:\/\/canonm5.com\/wp-content\/uploads\/2022\/11\/134489_3.jpg","width":530,"height":530},{"@type":"BreadcrumbList","@id":"https:\/\/canonm5.com\/index.php\/producto\/talius-lancer-raton-gaming-usb-6400dpi-5-botones-iluminacion-rgb-uso-diestro-cable-de-1-80m-color-negro\/#breadcrumb","itemListElement":[{"@type":"ListItem","position":1,"name":"Portada","item":"https:\/\/canonm5.com\/"},{"@type":"ListItem","position":2,"name":"Nuestros productos","item":"https:\/\/canonm5.com\/index.php\/productos\/"},{"@type":"ListItem","position":3,"name":"Talius Lancer Raton Gaming USB 6400dpi &#8211; 5 Botones &#8211; Iluminacion RGB &#8211; Uso Diestro &#8211; Cable de 1.80m &#8211; Color Negro"}]},{"@type":"WebSite","@id":"https:\/\/canonm5.com\/#website","url":"https:\/\/canonm5.com\/","name":"Canon M5 Madrid | Distribuidor oficial Canon","description":"Renting de impresoras para empresas","potentialAction":[{"@type":"SearchAction","target":{"@type":"EntryPoint","urlTemplate":"https:\/\/canonm5.com\/?s={search_term_string}"},"query-input":{"@type":"PropertyValueSpecification","valueRequired":true,"valueName":"search_term_string"}}],"inLanguage":"es"}]}},"_links":{"self":[{"href":"https:\/\/canonm5.com\/index.php\/wp-json\/wp\/v2\/product\/4331","targetHints":{"allow":["GET"]}}],"collection":[{"href":"https:\/\/canonm5.com\/index.php\/wp-json\/wp\/v2\/product"}],"about":[{"href":"https:\/\/canonm5.com\/index.php\/wp-json\/wp\/v2\/types\/product"}],"wp:featuredmedia":[{"embeddable":true,"href":"https:\/\/canonm5.com\/index.php\/wp-json\/wp\/v2\/media\/4334"}],"wp:attachment":[{"href":"https:\/\/canonm5.com\/index.php\/wp-json\/wp\/v2\/media?parent=4331"}],"wp:term":[{"taxonomy":"product_cat","embeddable":true,"href":"https:\/\/canonm5.com\/index.php\/wp-json\/wp\/v2\/product_cat?post=4331"},{"taxonomy":"product_tag","embeddable":true,"href":"https:\/\/canonm5.com\/index.php\/wp-json\/wp\/v2\/product_tag?post=4331"}],"curies":[{"name":"wp","href":"https:\/\/api.w.org\/{rel}","templated":true}]}}