{"id":3515,"date":"2022-11-02T14:34:55","date_gmt":"2022-11-02T14:34:55","guid":{"rendered":"https:\/\/canonm5.com\/?post_type=product&#038;p=3515"},"modified":"2023-05-22T12:18:59","modified_gmt":"2023-05-22T12:18:59","slug":"kingston-datatraveler-exodia-m-memoria-usb-64gb","status":"publish","type":"product","link":"https:\/\/canonm5.com\/index.php\/producto\/kingston-datatraveler-exodia-m-memoria-usb-64gb\/","title":{"rendered":"Kingston DataTraveler Exodia M Memoria USB 64GB &#8211; USB 3.2 Gen 1"},"content":{"rendered":"<p>DataTraveler\u00ae Exodia\u2122 M de Kingston alcanza un rendimiento de grado USB 3.2 Gen 1, que facilita el acceso a port\u00e1tiles, equipos de sobremesa, monitores y otros dispositivos digitales. DT Exodia M permite r\u00e1pidas transferencias y facilita el almacenamiento de documentos, m\u00fasica, v\u00eddeo y mucho m\u00e1s. Est\u00e1 disponible en diversas opciones de elegantes colores, que se corresponden con capacidades de hasta 256 GB. Su pr\u00e1ctico dise\u00f1o la convierte en una soluci\u00f3n de almacenamiento ideal tanto en el trabajo como en el aula o en el hogar. Las unidades DT Exodia M est\u00e1n respaldadas por una garant\u00eda de cinco a\u00f1os, soporte t\u00e9cnico gratuito y la legendaria fiabilidad de Kingston\u00ae.<\/p>\n<p>Caracteristicas:<\/p>\n<p>-Capacidad: 64GB<br \/>\n-Velocidad: USB 3.2 Gen 1<br \/>\n-Dimensiones: 67,4 mm x 21,8 mm x 11,6 mm<br \/>\n-Peso: 10gr<br \/>\n-Temperatura de funcionamiento: de 0\u00baC a 60\u00b0C<br \/>\n-Temperatura de almacenamiento: de -20\u00baC a 85\u00b0C<br \/>\n-Compatible con: Windows\u00ae 11, 10, 8.1, macOS (v.10.14.x +), Linux (v. 2.6.x +), Chrome OS\u2122<\/p>\n<p>Especificaciones:<\/p>\n<p>-Blister de 1 ud.<\/p>\n<p>&nbsp;<\/p>\n<p>LPI. 0.24 \u20ac + I.V.A.<\/p>\n<p>&nbsp;<\/p>\n<p><em>E.O. Madrid Cinco S.L., no se responsabiliza de posibles errores tipogr\u00e1ficos y de precio. Las fotograf\u00edas de los productos pueden sufrir cambios<\/em><\/p>\n","protected":false},"excerpt":{"rendered":"<p>Caracteristicas:<\/p>\n<p>-Capacidad: 64GB<br \/>\n-Velocidad: USB 3.2 Gen 1<br \/>\n-Dimensiones: 67,4 mm x 21,8 mm x 11,6 mm<br \/>\n-Peso: 10gr<br \/>\n-Temperatura de funcionamiento: de 0\u00baC a 60\u00b0C<br \/>\n-Temperatura de almacenamiento: de -20\u00baC a 85\u00b0C<br \/>\n-Compatible con: Windows\u00ae 11, 10, 8.1, macOS (v.10.14.x +), Linux (v. 2.6.x +), Chrome OS\u2122<\/p>\n<p>LPI. 0.24 \u20ac + I.V.A.<\/p>\n<p>&nbsp;<\/p>\n","protected":false},"featured_media":3518,"template":"","meta":{"_et_pb_use_builder":"","_et_pb_old_content":"","_et_gb_content_width":"","_joinchat":[]},"product_cat":[801,1040],"product_tag":[1159,1161,1160,1162,1043],"class_list":{"0":"post-3515","1":"product","2":"type-product","3":"status-publish","4":"has-post-thumbnail","6":"product_cat-informatica","7":"product_cat-memorias-usb","8":"product_tag-64gb","9":"product_tag-data-travaler","10":"product_tag-kingston","11":"product_tag-memoria","12":"product_tag-usb","14":"first","15":"instock","16":"taxable","17":"shipping-taxable","18":"purchasable","19":"product-type-simple"},"yoast_head":"<!-- This site is optimized with the Yoast SEO plugin v27.4 - https:\/\/yoast.com\/product\/yoast-seo-wordpress\/ -->\n<title>Kingston DataTraveler Exodia M Memoria USB 64GB - USB 3.2 Gen 1 - Canon M5 Madrid | Distribuidor oficial Canon<\/title>\n<meta name=\"description\" content=\"DataTraveler\u00ae Exodia\u2122 M de Kingston alcanza un rendimiento de grado USB 3.2 Gen 1, que facilita el acceso a port\u00e1tiles, equipos de sobremesa, monitores y otros dispositivos digitales.\" \/>\n<meta name=\"robots\" content=\"index, follow, max-snippet:-1, max-image-preview:large, max-video-preview:-1\" \/>\n<link rel=\"canonical\" href=\"https:\/\/canonm5.com\/index.php\/producto\/kingston-datatraveler-exodia-m-memoria-usb-64gb\/\" \/>\n<meta property=\"og:locale\" content=\"es_ES\" \/>\n<meta property=\"og:type\" content=\"article\" \/>\n<meta property=\"og:title\" content=\"Kingston DataTraveler Exodia M Memoria USB 64GB - USB 3.2 Gen 1 - Canon M5 Madrid | Distribuidor oficial Canon\" \/>\n<meta property=\"og:description\" content=\"DataTraveler\u00ae Exodia\u2122 M de Kingston alcanza un rendimiento de grado USB 3.2 Gen 1, que facilita el acceso a port\u00e1tiles, equipos de sobremesa, monitores y otros dispositivos digitales.\" \/>\n<meta property=\"og:url\" content=\"https:\/\/canonm5.com\/index.php\/producto\/kingston-datatraveler-exodia-m-memoria-usb-64gb\/\" \/>\n<meta property=\"og:site_name\" content=\"Canon M5 Madrid | Distribuidor oficial Canon\" \/>\n<meta property=\"article:modified_time\" content=\"2023-05-22T12:18:59+00:00\" \/>\n<meta property=\"og:image\" content=\"https:\/\/canonm5.com\/wp-content\/uploads\/2022\/11\/P3.jpg\" \/>\n\t<meta property=\"og:image:width\" content=\"416\" \/>\n\t<meta property=\"og:image:height\" content=\"416\" \/>\n\t<meta property=\"og:image:type\" content=\"image\/jpeg\" \/>\n<meta name=\"twitter:card\" content=\"summary_large_image\" \/>\n<meta name=\"twitter:label1\" content=\"Tiempo de lectura\" \/>\n\t<meta name=\"twitter:data1\" content=\"1 minuto\" \/>\n<script type=\"application\/ld+json\" class=\"yoast-schema-graph\">{\"@context\":\"https:\\\/\\\/schema.org\",\"@graph\":[{\"@type\":\"WebPage\",\"@id\":\"https:\\\/\\\/canonm5.com\\\/index.php\\\/producto\\\/kingston-datatraveler-exodia-m-memoria-usb-64gb\\\/\",\"url\":\"https:\\\/\\\/canonm5.com\\\/index.php\\\/producto\\\/kingston-datatraveler-exodia-m-memoria-usb-64gb\\\/\",\"name\":\"Kingston DataTraveler Exodia M Memoria USB 64GB - USB 3.2 Gen 1 - Canon M5 Madrid | Distribuidor oficial Canon\",\"isPartOf\":{\"@id\":\"https:\\\/\\\/canonm5.com\\\/#website\"},\"primaryImageOfPage\":{\"@id\":\"https:\\\/\\\/canonm5.com\\\/index.php\\\/producto\\\/kingston-datatraveler-exodia-m-memoria-usb-64gb\\\/#primaryimage\"},\"image\":{\"@id\":\"https:\\\/\\\/canonm5.com\\\/index.php\\\/producto\\\/kingston-datatraveler-exodia-m-memoria-usb-64gb\\\/#primaryimage\"},\"thumbnailUrl\":\"https:\\\/\\\/canonm5.com\\\/wp-content\\\/uploads\\\/2022\\\/11\\\/P3.jpg\",\"datePublished\":\"2022-11-02T14:34:55+00:00\",\"dateModified\":\"2023-05-22T12:18:59+00:00\",\"description\":\"DataTraveler\u00ae Exodia\u2122 M de Kingston alcanza un rendimiento de grado USB 3.2 Gen 1, que facilita el acceso a port\u00e1tiles, equipos de sobremesa, monitores y otros dispositivos digitales.\",\"breadcrumb\":{\"@id\":\"https:\\\/\\\/canonm5.com\\\/index.php\\\/producto\\\/kingston-datatraveler-exodia-m-memoria-usb-64gb\\\/#breadcrumb\"},\"inLanguage\":\"es\",\"potentialAction\":[{\"@type\":\"ReadAction\",\"target\":[\"https:\\\/\\\/canonm5.com\\\/index.php\\\/producto\\\/kingston-datatraveler-exodia-m-memoria-usb-64gb\\\/\"]}]},{\"@type\":\"ImageObject\",\"inLanguage\":\"es\",\"@id\":\"https:\\\/\\\/canonm5.com\\\/index.php\\\/producto\\\/kingston-datatraveler-exodia-m-memoria-usb-64gb\\\/#primaryimage\",\"url\":\"https:\\\/\\\/canonm5.com\\\/wp-content\\\/uploads\\\/2022\\\/11\\\/P3.jpg\",\"contentUrl\":\"https:\\\/\\\/canonm5.com\\\/wp-content\\\/uploads\\\/2022\\\/11\\\/P3.jpg\",\"width\":416,\"height\":416},{\"@type\":\"BreadcrumbList\",\"@id\":\"https:\\\/\\\/canonm5.com\\\/index.php\\\/producto\\\/kingston-datatraveler-exodia-m-memoria-usb-64gb\\\/#breadcrumb\",\"itemListElement\":[{\"@type\":\"ListItem\",\"position\":1,\"name\":\"Portada\",\"item\":\"https:\\\/\\\/canonm5.com\\\/\"},{\"@type\":\"ListItem\",\"position\":2,\"name\":\"Nuestros productos\",\"item\":\"https:\\\/\\\/canonm5.com\\\/index.php\\\/productos\\\/\"},{\"@type\":\"ListItem\",\"position\":3,\"name\":\"Kingston DataTraveler Exodia M Memoria USB 64GB &#8211; USB 3.2 Gen 1\"}]},{\"@type\":\"WebSite\",\"@id\":\"https:\\\/\\\/canonm5.com\\\/#website\",\"url\":\"https:\\\/\\\/canonm5.com\\\/\",\"name\":\"Canon M5 Madrid | Distribuidor oficial Canon\",\"description\":\"Renting de impresoras para empresas\",\"potentialAction\":[{\"@type\":\"SearchAction\",\"target\":{\"@type\":\"EntryPoint\",\"urlTemplate\":\"https:\\\/\\\/canonm5.com\\\/?s={search_term_string}\"},\"query-input\":{\"@type\":\"PropertyValueSpecification\",\"valueRequired\":true,\"valueName\":\"search_term_string\"}}],\"inLanguage\":\"es\"}]}<\/script>\n<!-- \/ Yoast SEO plugin. -->","yoast_head_json":{"title":"Kingston DataTraveler Exodia M Memoria USB 64GB - USB 3.2 Gen 1 - Canon M5 Madrid | Distribuidor oficial Canon","description":"DataTraveler\u00ae Exodia\u2122 M de Kingston alcanza un rendimiento de grado USB 3.2 Gen 1, que facilita el acceso a port\u00e1tiles, equipos de sobremesa, monitores y otros dispositivos digitales.","robots":{"index":"index","follow":"follow","max-snippet":"max-snippet:-1","max-image-preview":"max-image-preview:large","max-video-preview":"max-video-preview:-1"},"canonical":"https:\/\/canonm5.com\/index.php\/producto\/kingston-datatraveler-exodia-m-memoria-usb-64gb\/","og_locale":"es_ES","og_type":"article","og_title":"Kingston DataTraveler Exodia M Memoria USB 64GB - USB 3.2 Gen 1 - Canon M5 Madrid | Distribuidor oficial Canon","og_description":"DataTraveler\u00ae Exodia\u2122 M de Kingston alcanza un rendimiento de grado USB 3.2 Gen 1, que facilita el acceso a port\u00e1tiles, equipos de sobremesa, monitores y otros dispositivos digitales.","og_url":"https:\/\/canonm5.com\/index.php\/producto\/kingston-datatraveler-exodia-m-memoria-usb-64gb\/","og_site_name":"Canon M5 Madrid | Distribuidor oficial Canon","article_modified_time":"2023-05-22T12:18:59+00:00","og_image":[{"width":416,"height":416,"url":"https:\/\/canonm5.com\/wp-content\/uploads\/2022\/11\/P3.jpg","type":"image\/jpeg"}],"twitter_card":"summary_large_image","twitter_misc":{"Tiempo de lectura":"1 minuto"},"schema":{"@context":"https:\/\/schema.org","@graph":[{"@type":"WebPage","@id":"https:\/\/canonm5.com\/index.php\/producto\/kingston-datatraveler-exodia-m-memoria-usb-64gb\/","url":"https:\/\/canonm5.com\/index.php\/producto\/kingston-datatraveler-exodia-m-memoria-usb-64gb\/","name":"Kingston DataTraveler Exodia M Memoria USB 64GB - USB 3.2 Gen 1 - Canon M5 Madrid | Distribuidor oficial Canon","isPartOf":{"@id":"https:\/\/canonm5.com\/#website"},"primaryImageOfPage":{"@id":"https:\/\/canonm5.com\/index.php\/producto\/kingston-datatraveler-exodia-m-memoria-usb-64gb\/#primaryimage"},"image":{"@id":"https:\/\/canonm5.com\/index.php\/producto\/kingston-datatraveler-exodia-m-memoria-usb-64gb\/#primaryimage"},"thumbnailUrl":"https:\/\/canonm5.com\/wp-content\/uploads\/2022\/11\/P3.jpg","datePublished":"2022-11-02T14:34:55+00:00","dateModified":"2023-05-22T12:18:59+00:00","description":"DataTraveler\u00ae Exodia\u2122 M de Kingston alcanza un rendimiento de grado USB 3.2 Gen 1, que facilita el acceso a port\u00e1tiles, equipos de sobremesa, monitores y otros dispositivos digitales.","breadcrumb":{"@id":"https:\/\/canonm5.com\/index.php\/producto\/kingston-datatraveler-exodia-m-memoria-usb-64gb\/#breadcrumb"},"inLanguage":"es","potentialAction":[{"@type":"ReadAction","target":["https:\/\/canonm5.com\/index.php\/producto\/kingston-datatraveler-exodia-m-memoria-usb-64gb\/"]}]},{"@type":"ImageObject","inLanguage":"es","@id":"https:\/\/canonm5.com\/index.php\/producto\/kingston-datatraveler-exodia-m-memoria-usb-64gb\/#primaryimage","url":"https:\/\/canonm5.com\/wp-content\/uploads\/2022\/11\/P3.jpg","contentUrl":"https:\/\/canonm5.com\/wp-content\/uploads\/2022\/11\/P3.jpg","width":416,"height":416},{"@type":"BreadcrumbList","@id":"https:\/\/canonm5.com\/index.php\/producto\/kingston-datatraveler-exodia-m-memoria-usb-64gb\/#breadcrumb","itemListElement":[{"@type":"ListItem","position":1,"name":"Portada","item":"https:\/\/canonm5.com\/"},{"@type":"ListItem","position":2,"name":"Nuestros productos","item":"https:\/\/canonm5.com\/index.php\/productos\/"},{"@type":"ListItem","position":3,"name":"Kingston DataTraveler Exodia M Memoria USB 64GB &#8211; USB 3.2 Gen 1"}]},{"@type":"WebSite","@id":"https:\/\/canonm5.com\/#website","url":"https:\/\/canonm5.com\/","name":"Canon M5 Madrid | Distribuidor oficial Canon","description":"Renting de impresoras para empresas","potentialAction":[{"@type":"SearchAction","target":{"@type":"EntryPoint","urlTemplate":"https:\/\/canonm5.com\/?s={search_term_string}"},"query-input":{"@type":"PropertyValueSpecification","valueRequired":true,"valueName":"search_term_string"}}],"inLanguage":"es"}]}},"_links":{"self":[{"href":"https:\/\/canonm5.com\/index.php\/wp-json\/wp\/v2\/product\/3515","targetHints":{"allow":["GET"]}}],"collection":[{"href":"https:\/\/canonm5.com\/index.php\/wp-json\/wp\/v2\/product"}],"about":[{"href":"https:\/\/canonm5.com\/index.php\/wp-json\/wp\/v2\/types\/product"}],"wp:featuredmedia":[{"embeddable":true,"href":"https:\/\/canonm5.com\/index.php\/wp-json\/wp\/v2\/media\/3518"}],"wp:attachment":[{"href":"https:\/\/canonm5.com\/index.php\/wp-json\/wp\/v2\/media?parent=3515"}],"wp:term":[{"taxonomy":"product_cat","embeddable":true,"href":"https:\/\/canonm5.com\/index.php\/wp-json\/wp\/v2\/product_cat?post=3515"},{"taxonomy":"product_tag","embeddable":true,"href":"https:\/\/canonm5.com\/index.php\/wp-json\/wp\/v2\/product_tag?post=3515"}],"curies":[{"name":"wp","href":"https:\/\/api.w.org\/{rel}","templated":true}]}}