{"id":3348,"date":"2022-10-18T12:03:59","date_gmt":"2022-10-18T12:03:59","guid":{"rendered":"https:\/\/canonm5.com\/?post_type=product&#038;p=3348"},"modified":"2023-05-22T11:21:21","modified_gmt":"2023-05-22T11:21:21","slug":"kaspersky-kav-2020-antivirus-1-dispositivo-1-ano","status":"publish","type":"product","link":"https:\/\/canonm5.com\/index.php\/producto\/kaspersky-kav-2020-antivirus-1-dispositivo-1-ano\/","title":{"rendered":"Kaspersky KAV 2020 Antivirus &#8211; 1 Dispositivo &#8211; 1 A\u00f1o"},"content":{"rendered":"<p>Kaspersky Anti-Virus<\/p>\n<p>Bloquea los \u00faltimos virus, ransomware, spyware, cryptolockers y otras amenazas, y te ayuda a evitar que el malware de miner\u00eda de criptomonedas afecte al rendimiento de tu PC.<\/p>\n<p>Los productos Kaspersky te ofrecen seguridad sin complicaciones con un impacto m\u00ednimo en el rendimiento de tu ordenador pero con una amplia gama de rigurosas tecnolog\u00edas de seguridad para Internet f\u00e1ciles de utilizar que te protegen de todo tipo de malware y amenazas, entre las que se encuentran los cibercriminales que intentan apropiarse de tu dinero y de tu identidad.<\/p>\n<p>Caracter\u00edsticas:<\/p>\n<p>-Proporciona protecci\u00f3n antivirus en tiempo real.<br \/>\n-Bloquea ransomware, cryptolockers y otras amenazas.<br \/>\n-Evita las infecciones de malware de criptominer\u00eda.<br \/>\n-Permite que el PC funcione tal y como est\u00e1 dise\u00f1ado.<\/p>\n<p>Especificaciones:<\/p>\n<p>Para todos los dispositivos:<\/p>\n<p>-Se requiere una conexi\u00f3n a Internet para activar el producto y recibir actualizaciones as\u00ed como para acceder a determinadas funciones.<\/p>\n<p>Equipos de escritorio y port\u00e1tiles basados en Windows\u00ae:<\/p>\n<p>-1500 MB de espacio libre en el disco duro.<br \/>\n-Microsoft\u00ae Internet Explorer\u00ae 10 o posterior.<br \/>\n-Microsoft .NET Framework 4 o posterior.<br \/>\n-Microsoft Windows 101 Home\/Pro\/Enterprise.<br \/>\n-Microsoft Windows 8 y 8.1 \/ Pro \/ Enterprise \/ actualizaci\u00f3n 8.1<br \/>\n-Microsoft Windows 7 Starter \/ Home Basic \/ Home Premium \/ Professional \/ Ultimate SP1 o superior.<br \/>\n-Procesador: 1 GHz o superior.<br \/>\n-Memoria (RAM): 1 GB (32 bits) o 2 GB (64 bits).<\/p>\n<p>Tablets basadas en Windows (sistemas con procesador Intel\u00ae):<\/p>\n<p>-Microsoft Windows 10* Home \/ Pro \/ Enterprise.<br \/>\n-Microsoft Windows 8 y 8.1 \/ Pro (64 bits).<br \/>\n-Resoluci\u00f3n m\u00ednima de pantalla: 1024 x 768<\/p>\n<p>* Si utilizas Windows 10, es posible que necesites descargar e instalar todos los parches disponibles para tu software de seguridad Kaspersky Lab. El producto no se ha dise\u00f1ado para las ediciones m\u00f3viles de Windows 10\/S.<\/p>\n<p>&nbsp;<\/p>\n<p><em>E.O. Madrid Cinco S.L., no se responsabiliza de posibles errores tipogr\u00e1ficos y de precio. Las fotograf\u00edas de los productos pueden sufrir cambios<\/em><\/p>\n<p>&nbsp;<\/p>\n","protected":false},"excerpt":{"rendered":"<p>Kaspersky Anti-Virus Bloquea los \u00faltimos virus, ransomware, spyware, cryptolockers y otras amenazas, y te ayuda a evitar que el malware de miner\u00eda de criptomonedas afecte al rendimiento de tu PC. Los productos Kaspersky te ofrecen seguridad sin complicaciones con un impacto m\u00ednimo en el rendimiento de tu ordenador pero con una amplia gama de rigurosas [&hellip;]<\/p>\n","protected":false},"featured_media":3349,"template":"","meta":{"_et_pb_use_builder":"","_et_pb_old_content":"","_et_gb_content_width":"","_joinchat":[]},"product_cat":[801],"product_tag":[1129,1130,1131,1132],"class_list":{"0":"post-3348","1":"product","2":"type-product","3":"status-publish","4":"has-post-thumbnail","6":"product_cat-informatica","7":"product_tag-antivirus","8":"product_tag-kaspersky","9":"product_tag-ransomware","10":"product_tag-spyware","12":"first","13":"instock","14":"taxable","15":"shipping-taxable","16":"purchasable","17":"product-type-simple"},"yoast_head":"<!-- This site is optimized with the Yoast SEO plugin v27.4 - https:\/\/yoast.com\/product\/yoast-seo-wordpress\/ -->\n<title>Kaspersky KAV 2020 Antivirus - 1 Dispositivo - 1 A\u00f1o - Canon M5 Madrid | Distribuidor oficial Canon<\/title>\n<meta name=\"description\" content=\"Kaspersky Anti-VirusBloquea los \u00faltimos virus, ransomware, spyware, cryptolockers y otras amenazas, y te ayuda a evitar que el malware de miner\u00eda de criptomonedas afecte al rendimiento de tu PC.\" \/>\n<meta name=\"robots\" content=\"index, follow, max-snippet:-1, max-image-preview:large, max-video-preview:-1\" \/>\n<link rel=\"canonical\" href=\"https:\/\/canonm5.com\/index.php\/producto\/kaspersky-kav-2020-antivirus-1-dispositivo-1-ano\/\" \/>\n<meta property=\"og:locale\" content=\"es_ES\" \/>\n<meta property=\"og:type\" content=\"article\" \/>\n<meta property=\"og:title\" content=\"Kaspersky KAV 2020 Antivirus - 1 Dispositivo - 1 A\u00f1o - Canon M5 Madrid | Distribuidor oficial Canon\" \/>\n<meta property=\"og:description\" content=\"Kaspersky Anti-VirusBloquea los \u00faltimos virus, ransomware, spyware, cryptolockers y otras amenazas, y te ayuda a evitar que el malware de miner\u00eda de criptomonedas afecte al rendimiento de tu PC.\" \/>\n<meta property=\"og:url\" content=\"https:\/\/canonm5.com\/index.php\/producto\/kaspersky-kav-2020-antivirus-1-dispositivo-1-ano\/\" \/>\n<meta property=\"og:site_name\" content=\"Canon M5 Madrid | Distribuidor oficial Canon\" \/>\n<meta property=\"article:modified_time\" content=\"2023-05-22T11:21:21+00:00\" \/>\n<meta property=\"og:image\" content=\"https:\/\/canonm5.com\/wp-content\/uploads\/2022\/10\/119082_1.jpg\" \/>\n\t<meta property=\"og:image:width\" content=\"600\" \/>\n\t<meta property=\"og:image:height\" content=\"600\" \/>\n\t<meta property=\"og:image:type\" content=\"image\/jpeg\" \/>\n<meta name=\"twitter:card\" content=\"summary_large_image\" \/>\n<meta name=\"twitter:label1\" content=\"Tiempo de lectura\" \/>\n\t<meta name=\"twitter:data1\" content=\"2 minutos\" \/>\n<script type=\"application\/ld+json\" class=\"yoast-schema-graph\">{\"@context\":\"https:\\\/\\\/schema.org\",\"@graph\":[{\"@type\":\"WebPage\",\"@id\":\"https:\\\/\\\/canonm5.com\\\/index.php\\\/producto\\\/kaspersky-kav-2020-antivirus-1-dispositivo-1-ano\\\/\",\"url\":\"https:\\\/\\\/canonm5.com\\\/index.php\\\/producto\\\/kaspersky-kav-2020-antivirus-1-dispositivo-1-ano\\\/\",\"name\":\"Kaspersky KAV 2020 Antivirus - 1 Dispositivo - 1 A\u00f1o - Canon M5 Madrid | Distribuidor oficial Canon\",\"isPartOf\":{\"@id\":\"https:\\\/\\\/canonm5.com\\\/#website\"},\"primaryImageOfPage\":{\"@id\":\"https:\\\/\\\/canonm5.com\\\/index.php\\\/producto\\\/kaspersky-kav-2020-antivirus-1-dispositivo-1-ano\\\/#primaryimage\"},\"image\":{\"@id\":\"https:\\\/\\\/canonm5.com\\\/index.php\\\/producto\\\/kaspersky-kav-2020-antivirus-1-dispositivo-1-ano\\\/#primaryimage\"},\"thumbnailUrl\":\"https:\\\/\\\/canonm5.com\\\/wp-content\\\/uploads\\\/2022\\\/10\\\/119082_1.jpg\",\"datePublished\":\"2022-10-18T12:03:59+00:00\",\"dateModified\":\"2023-05-22T11:21:21+00:00\",\"description\":\"Kaspersky Anti-VirusBloquea los \u00faltimos virus, ransomware, spyware, cryptolockers y otras amenazas, y te ayuda a evitar que el malware de miner\u00eda de criptomonedas afecte al rendimiento de tu PC.\",\"breadcrumb\":{\"@id\":\"https:\\\/\\\/canonm5.com\\\/index.php\\\/producto\\\/kaspersky-kav-2020-antivirus-1-dispositivo-1-ano\\\/#breadcrumb\"},\"inLanguage\":\"es\",\"potentialAction\":[{\"@type\":\"ReadAction\",\"target\":[\"https:\\\/\\\/canonm5.com\\\/index.php\\\/producto\\\/kaspersky-kav-2020-antivirus-1-dispositivo-1-ano\\\/\"]}]},{\"@type\":\"ImageObject\",\"inLanguage\":\"es\",\"@id\":\"https:\\\/\\\/canonm5.com\\\/index.php\\\/producto\\\/kaspersky-kav-2020-antivirus-1-dispositivo-1-ano\\\/#primaryimage\",\"url\":\"https:\\\/\\\/canonm5.com\\\/wp-content\\\/uploads\\\/2022\\\/10\\\/119082_1.jpg\",\"contentUrl\":\"https:\\\/\\\/canonm5.com\\\/wp-content\\\/uploads\\\/2022\\\/10\\\/119082_1.jpg\",\"width\":600,\"height\":600},{\"@type\":\"BreadcrumbList\",\"@id\":\"https:\\\/\\\/canonm5.com\\\/index.php\\\/producto\\\/kaspersky-kav-2020-antivirus-1-dispositivo-1-ano\\\/#breadcrumb\",\"itemListElement\":[{\"@type\":\"ListItem\",\"position\":1,\"name\":\"Portada\",\"item\":\"https:\\\/\\\/canonm5.com\\\/\"},{\"@type\":\"ListItem\",\"position\":2,\"name\":\"Nuestros productos\",\"item\":\"https:\\\/\\\/canonm5.com\\\/index.php\\\/productos\\\/\"},{\"@type\":\"ListItem\",\"position\":3,\"name\":\"Kaspersky KAV 2020 Antivirus &#8211; 1 Dispositivo &#8211; 1 A\u00f1o\"}]},{\"@type\":\"WebSite\",\"@id\":\"https:\\\/\\\/canonm5.com\\\/#website\",\"url\":\"https:\\\/\\\/canonm5.com\\\/\",\"name\":\"Canon M5 Madrid | Distribuidor oficial Canon\",\"description\":\"Renting de impresoras para empresas\",\"potentialAction\":[{\"@type\":\"SearchAction\",\"target\":{\"@type\":\"EntryPoint\",\"urlTemplate\":\"https:\\\/\\\/canonm5.com\\\/?s={search_term_string}\"},\"query-input\":{\"@type\":\"PropertyValueSpecification\",\"valueRequired\":true,\"valueName\":\"search_term_string\"}}],\"inLanguage\":\"es\"}]}<\/script>\n<!-- \/ Yoast SEO plugin. -->","yoast_head_json":{"title":"Kaspersky KAV 2020 Antivirus - 1 Dispositivo - 1 A\u00f1o - Canon M5 Madrid | Distribuidor oficial Canon","description":"Kaspersky Anti-VirusBloquea los \u00faltimos virus, ransomware, spyware, cryptolockers y otras amenazas, y te ayuda a evitar que el malware de miner\u00eda de criptomonedas afecte al rendimiento de tu PC.","robots":{"index":"index","follow":"follow","max-snippet":"max-snippet:-1","max-image-preview":"max-image-preview:large","max-video-preview":"max-video-preview:-1"},"canonical":"https:\/\/canonm5.com\/index.php\/producto\/kaspersky-kav-2020-antivirus-1-dispositivo-1-ano\/","og_locale":"es_ES","og_type":"article","og_title":"Kaspersky KAV 2020 Antivirus - 1 Dispositivo - 1 A\u00f1o - Canon M5 Madrid | Distribuidor oficial Canon","og_description":"Kaspersky Anti-VirusBloquea los \u00faltimos virus, ransomware, spyware, cryptolockers y otras amenazas, y te ayuda a evitar que el malware de miner\u00eda de criptomonedas afecte al rendimiento de tu PC.","og_url":"https:\/\/canonm5.com\/index.php\/producto\/kaspersky-kav-2020-antivirus-1-dispositivo-1-ano\/","og_site_name":"Canon M5 Madrid | Distribuidor oficial Canon","article_modified_time":"2023-05-22T11:21:21+00:00","og_image":[{"width":600,"height":600,"url":"https:\/\/canonm5.com\/wp-content\/uploads\/2022\/10\/119082_1.jpg","type":"image\/jpeg"}],"twitter_card":"summary_large_image","twitter_misc":{"Tiempo de lectura":"2 minutos"},"schema":{"@context":"https:\/\/schema.org","@graph":[{"@type":"WebPage","@id":"https:\/\/canonm5.com\/index.php\/producto\/kaspersky-kav-2020-antivirus-1-dispositivo-1-ano\/","url":"https:\/\/canonm5.com\/index.php\/producto\/kaspersky-kav-2020-antivirus-1-dispositivo-1-ano\/","name":"Kaspersky KAV 2020 Antivirus - 1 Dispositivo - 1 A\u00f1o - Canon M5 Madrid | Distribuidor oficial Canon","isPartOf":{"@id":"https:\/\/canonm5.com\/#website"},"primaryImageOfPage":{"@id":"https:\/\/canonm5.com\/index.php\/producto\/kaspersky-kav-2020-antivirus-1-dispositivo-1-ano\/#primaryimage"},"image":{"@id":"https:\/\/canonm5.com\/index.php\/producto\/kaspersky-kav-2020-antivirus-1-dispositivo-1-ano\/#primaryimage"},"thumbnailUrl":"https:\/\/canonm5.com\/wp-content\/uploads\/2022\/10\/119082_1.jpg","datePublished":"2022-10-18T12:03:59+00:00","dateModified":"2023-05-22T11:21:21+00:00","description":"Kaspersky Anti-VirusBloquea los \u00faltimos virus, ransomware, spyware, cryptolockers y otras amenazas, y te ayuda a evitar que el malware de miner\u00eda de criptomonedas afecte al rendimiento de tu PC.","breadcrumb":{"@id":"https:\/\/canonm5.com\/index.php\/producto\/kaspersky-kav-2020-antivirus-1-dispositivo-1-ano\/#breadcrumb"},"inLanguage":"es","potentialAction":[{"@type":"ReadAction","target":["https:\/\/canonm5.com\/index.php\/producto\/kaspersky-kav-2020-antivirus-1-dispositivo-1-ano\/"]}]},{"@type":"ImageObject","inLanguage":"es","@id":"https:\/\/canonm5.com\/index.php\/producto\/kaspersky-kav-2020-antivirus-1-dispositivo-1-ano\/#primaryimage","url":"https:\/\/canonm5.com\/wp-content\/uploads\/2022\/10\/119082_1.jpg","contentUrl":"https:\/\/canonm5.com\/wp-content\/uploads\/2022\/10\/119082_1.jpg","width":600,"height":600},{"@type":"BreadcrumbList","@id":"https:\/\/canonm5.com\/index.php\/producto\/kaspersky-kav-2020-antivirus-1-dispositivo-1-ano\/#breadcrumb","itemListElement":[{"@type":"ListItem","position":1,"name":"Portada","item":"https:\/\/canonm5.com\/"},{"@type":"ListItem","position":2,"name":"Nuestros productos","item":"https:\/\/canonm5.com\/index.php\/productos\/"},{"@type":"ListItem","position":3,"name":"Kaspersky KAV 2020 Antivirus &#8211; 1 Dispositivo &#8211; 1 A\u00f1o"}]},{"@type":"WebSite","@id":"https:\/\/canonm5.com\/#website","url":"https:\/\/canonm5.com\/","name":"Canon M5 Madrid | Distribuidor oficial Canon","description":"Renting de impresoras para empresas","potentialAction":[{"@type":"SearchAction","target":{"@type":"EntryPoint","urlTemplate":"https:\/\/canonm5.com\/?s={search_term_string}"},"query-input":{"@type":"PropertyValueSpecification","valueRequired":true,"valueName":"search_term_string"}}],"inLanguage":"es"}]}},"_links":{"self":[{"href":"https:\/\/canonm5.com\/index.php\/wp-json\/wp\/v2\/product\/3348","targetHints":{"allow":["GET"]}}],"collection":[{"href":"https:\/\/canonm5.com\/index.php\/wp-json\/wp\/v2\/product"}],"about":[{"href":"https:\/\/canonm5.com\/index.php\/wp-json\/wp\/v2\/types\/product"}],"wp:featuredmedia":[{"embeddable":true,"href":"https:\/\/canonm5.com\/index.php\/wp-json\/wp\/v2\/media\/3349"}],"wp:attachment":[{"href":"https:\/\/canonm5.com\/index.php\/wp-json\/wp\/v2\/media?parent=3348"}],"wp:term":[{"taxonomy":"product_cat","embeddable":true,"href":"https:\/\/canonm5.com\/index.php\/wp-json\/wp\/v2\/product_cat?post=3348"},{"taxonomy":"product_tag","embeddable":true,"href":"https:\/\/canonm5.com\/index.php\/wp-json\/wp\/v2\/product_tag?post=3348"}],"curies":[{"name":"wp","href":"https:\/\/api.w.org\/{rel}","templated":true}]}}