{"id":3346,"date":"2022-10-18T11:57:36","date_gmt":"2022-10-18T11:57:36","guid":{"rendered":"https:\/\/canonm5.com\/?post_type=product&#038;p=3346"},"modified":"2023-05-22T11:19:25","modified_gmt":"2023-05-22T11:19:25","slug":"igg315750-monitor-pantalla-tactil","status":"publish","type":"product","link":"https:\/\/canonm5.com\/index.php\/producto\/igg315750-monitor-pantalla-tactil\/","title":{"rendered":"IGG315750 MONITOR PANTALLA T\u00c1CTIL 38,1 CM (15&#8243;) 1024 X 768 PIXELES NEGRO"},"content":{"rendered":"<p><span style=\"font-size: medium;\">El MTL15B est\u00e1 especialmente dise\u00f1ado para aplicaciones POS de comercio y es la soluci\u00f3n ideal para cualquier situaci\u00f3n en la que sea necesario un acceso v\u00eda t\u00e1ctil al programa de software. Cuenta con TFT LCD a color de 15\u201d, con una resoluci\u00f3n 1024&#215;768, y un panel t\u00e1ctil resistivo de alta calidad. Adem\u00e1s, su base estable evita vibraciones y garantiza un gran \u00e1ngulo de visi\u00f3n. Altas prestaciones, gran calidad y un dise\u00f1o robusto y ergon\u00f3mico, en un producto que proporciona al usuario una experiencia de uso \u00e1gil, r\u00e1pida y sencilla.\u00a0<\/span><\/p>\n<p>Contenido del embalaje<\/p>\n<div class=\"linea\"><\/div>\n<div class=\"row\">\n<div class=\"col-sm-6\"><span style=\"font-size: medium;\">Cables incluidos<\/span><\/div>\n<div class=\"col-sm-6\"><span style=\"font-size: medium;\">USB, VGA<\/span><\/div>\n<\/div>\n<div class=\"linea\"><\/div>\n<div class=\"row\">\n<div class=\"col-sm-6\"><span style=\"font-size: medium;\">Pluma digital incluida<\/span><\/div>\n<div class=\"col-sm-6\"><span style=\"font-size: medium;\">S\u00ed<\/span><\/div>\n<\/div>\n<div class=\"linea\"><\/div>\n<div class=\"row\">\n<div class=\"col-sm-6\"><span style=\"font-size: medium;\">Gu\u00eda de configuraci\u00f3n r\u00e1pida<\/span><\/div>\n<div class=\"col-sm-6\"><span style=\"font-size: medium;\">S\u00ed<\/span><\/div>\n<\/div>\n<div class=\"linea\"><\/div>\n<p>Control de energ\u00eda<\/p>\n<div class=\"linea\"><span style=\"font-size: medium;\">Consumo energ\u00e9tico<\/span><\/div>\n<div class=\"row\">\n<div class=\"col-sm-6\"><span style=\"font-size: medium;\">35 W<\/span><\/div>\n<\/div>\n<div class=\"linea\"><\/div>\n<div class=\"row\">\n<div class=\"col-sm-6\"><span style=\"font-size: medium;\">Tipo de fuente de alimentaci\u00f3n<\/span><\/div>\n<div class=\"col-sm-6\"><span style=\"font-size: medium;\">Corriente alterna<\/span><\/div>\n<\/div>\n<p>Desempe\u00f1o<\/p>\n<div class=\"linea\"><\/div>\n<div class=\"row\">\n<div class=\"col-sm-6\"><span style=\"font-size: medium;\">NVIDIA G-SYNC<\/span><\/div>\n<div class=\"col-sm-6\"><span style=\"font-size: medium;\">No<\/span><\/div>\n<\/div>\n<div class=\"linea\"><\/div>\n<div class=\"row\">\n<div class=\"col-sm-6\"><span style=\"font-size: medium;\">AMD FreeSync<\/span><\/div>\n<div class=\"col-sm-6\"><span style=\"font-size: medium;\">No<\/span><\/div>\n<\/div>\n<p>Dise\u00f1o<\/p>\n<div class=\"linea\"><span style=\"font-size: medium;\">Color del producto<\/span><\/div>\n<div class=\"row\">\n<div class=\"col-sm-6\"><span style=\"font-size: medium;\">Negro<\/span><\/div>\n<\/div>\n<p>Empaquetado<\/p>\n<div class=\"linea\"><span style=\"font-size: medium;\">Ancho del paquete<\/span><\/div>\n<div class=\"row\">\n<div class=\"col-sm-6\"><span style=\"font-size: medium;\">425 mm<\/span><\/div>\n<\/div>\n<div class=\"linea\"><\/div>\n<div class=\"row\">\n<div class=\"col-sm-6\"><span style=\"font-size: medium;\">Profundidad del paquete<\/span><\/div>\n<div class=\"col-sm-6\"><span style=\"font-size: medium;\">370 mm<\/span><\/div>\n<\/div>\n<div class=\"linea\"><\/div>\n<div class=\"row\">\n<div class=\"col-sm-6\"><span style=\"font-size: medium;\">Altura del paquete<\/span><\/div>\n<div class=\"col-sm-6\"><span style=\"font-size: medium;\">155 mm<\/span><\/div>\n<\/div>\n<div class=\"linea\"><\/div>\n<p>Ergonom\u00eda<\/p>\n<div class=\"linea\"><span style=\"font-size: medium;\">montaje VESA<\/span><\/div>\n<div class=\"row\">\n<div class=\"col-sm-6\"><span style=\"font-size: medium;\">S\u00ed<\/span><\/div>\n<\/div>\n<div class=\"linea\"><\/div>\n<p>Exhibici\u00f3n<\/p>\n<div class=\"linea\"><span style=\"font-size: medium;\">Diagonal de la pantalla<\/span><\/div>\n<div class=\"row\">\n<div class=\"col-sm-6\"><span style=\"font-size: medium;\">15 \u00ab<\/span><\/div>\n<\/div>\n<div class=\"linea\"><\/div>\n<div class=\"row\">\n<div class=\"col-sm-6\"><span style=\"font-size: medium;\">Resoluci\u00f3n de la pantalla<\/span><\/div>\n<div class=\"col-sm-6\"><span style=\"font-size: medium;\">1024 x 768 Pixeles<\/span><\/div>\n<\/div>\n<div class=\"linea\"><\/div>\n<div class=\"row\">\n<div class=\"col-sm-6\"><span style=\"font-size: medium;\">Relaci\u00f3n de aspecto nativa<\/span><\/div>\n<div class=\"col-sm-6\"><span style=\"font-size: medium;\">4:3<\/span><\/div>\n<\/div>\n<div class=\"linea\"><\/div>\n<div class=\"row\">\n<div class=\"col-sm-6\"><span style=\"font-size: medium;\">Tecnolog\u00eda de visualizaci\u00f3n<\/span><\/div>\n<div class=\"col-sm-6\"><span style=\"font-size: medium;\">LCD<\/span><\/div>\n<\/div>\n<div class=\"linea\"><\/div>\n<div class=\"row\">\n<div class=\"col-sm-6\"><span style=\"font-size: medium;\">Pantalla t\u00e1ctil<\/span><\/div>\n<div class=\"col-sm-6\"><span style=\"font-size: medium;\">S\u00ed<\/span><\/div>\n<\/div>\n<div class=\"linea\"><\/div>\n<div class=\"row\">\n<div class=\"col-sm-6\"><span style=\"font-size: medium;\">Tipo de pantalla<\/span><\/div>\n<div class=\"col-sm-6\"><span style=\"font-size: medium;\">TFT<\/span><\/div>\n<\/div>\n<div class=\"linea\"><\/div>\n<div class=\"row\">\n<div class=\"col-sm-6\"><span style=\"font-size: medium;\">Tecnolog\u00eda touchscreen<\/span><\/div>\n<div class=\"col-sm-6\"><span style=\"font-size: medium;\">Resistiva<\/span><\/div>\n<\/div>\n<div class=\"linea\"><\/div>\n<div class=\"row\">\n<div class=\"col-sm-6\"><span style=\"font-size: medium;\">Tiempo de respuesta<\/span><\/div>\n<div class=\"col-sm-6\"><span style=\"font-size: medium;\">8 ms<\/span><\/div>\n<\/div>\n<div class=\"linea\"><\/div>\n<div class=\"row\">\n<div class=\"col-sm-6\"><span style=\"font-size: medium;\">Forma de la pantalla<\/span><\/div>\n<div class=\"col-sm-6\"><span style=\"font-size: medium;\">Plana<\/span><\/div>\n<\/div>\n<div class=\"linea\"><\/div>\n<div class=\"row\">\n<div class=\"col-sm-6\"><span style=\"font-size: medium;\">Formatos gr\u00e1ficos soportados<\/span><\/div>\n<div class=\"col-sm-6\"><span style=\"font-size: medium;\">1024 x 768 (XGA)<\/span><\/div>\n<\/div>\n<div class=\"linea\"><\/div>\n<div class=\"row\">\n<div class=\"col-sm-6\"><span style=\"font-size: medium;\">Raz\u00f3n de contraste (t\u00edpica)<\/span><\/div>\n<div class=\"col-sm-6\"><span style=\"font-size: medium;\">600:1<\/span><\/div>\n<\/div>\n<div class=\"linea\"><\/div>\n<div class=\"row\">\n<div class=\"col-sm-6\"><span style=\"font-size: medium;\">\u00c1ngulo de visi\u00f3n, horizontal<\/span><\/div>\n<div class=\"col-sm-6\"><span style=\"font-size: medium;\">170 \u00b0<\/span><\/div>\n<\/div>\n<div class=\"linea\"><\/div>\n<div class=\"row\">\n<div class=\"col-sm-6\"><span style=\"font-size: medium;\">\u00c1ngulo de visi\u00f3n, vertical<\/span><\/div>\n<div class=\"col-sm-6\"><span style=\"font-size: medium;\">160 \u00b0<\/span><\/div>\n<\/div>\n<div class=\"linea\"><\/div>\n<div class=\"row\">\n<div class=\"col-sm-6\"><span style=\"font-size: medium;\">N\u00famero de colores de la pantalla<\/span><\/div>\n<div class=\"col-sm-6\"><span style=\"font-size: medium;\">16,78 millones de colores<\/span><\/div>\n<\/div>\n<div class=\"linea\"><\/div>\n<div class=\"row\">\n<div class=\"col-sm-6\"><span style=\"font-size: medium;\">Tama\u00f1o de pixel<\/span><\/div>\n<div class=\"col-sm-6\"><span style=\"font-size: medium;\">0.297 x 0.297 mm<\/span><\/div>\n<\/div>\n<div class=\"linea\"><\/div>\n<div class=\"row\">\n<div class=\"col-sm-6\"><span style=\"font-size: medium;\">Brillo de pantalla<\/span><\/div>\n<div class=\"col-sm-6\"><span style=\"font-size: medium;\">300 cd \/ m\u00b2<\/span><\/div>\n<\/div>\n<div class=\"linea\"><\/div>\n<p>Multimedia<\/p>\n<div class=\"linea\"><span style=\"font-size: medium;\">Altavoces incorporados<\/span><\/div>\n<div class=\"row\">\n<div class=\"col-sm-6\"><span style=\"font-size: medium;\">No<\/span><\/div>\n<\/div>\n<div class=\"linea\"><\/div>\n<p>Otras caracter\u00edsticas<\/p>\n<div class=\"linea\"><\/div>\n<div class=\"row\">\n<div class=\"col-sm-6\"><span style=\"font-size: medium;\">Adaptador AC incluido<\/span><\/div>\n<div class=\"col-sm-6\"><span style=\"font-size: medium;\">S\u00ed<\/span><\/div>\n<\/div>\n<div class=\"linea\"><\/div>\n<div class=\"row\">\n<div class=\"col-sm-6\"><span style=\"font-size: medium;\">\u00c1ngulo de visi\u00f3n<\/span><\/div>\n<div class=\"col-sm-6\"><span style=\"font-size: medium;\">160 \u00b0<\/span><\/div>\n<\/div>\n<div class=\"linea\"><\/div>\n<div class=\"row\">\n<div class=\"col-sm-6\"><span style=\"font-size: medium;\">Relaci\u00f3n de contraste<\/span><\/div>\n<div class=\"col-sm-6\"><span style=\"font-size: medium;\">500:1<\/span><\/div>\n<\/div>\n<div class=\"linea\"><\/div>\n<p>&nbsp;<\/p>\n<p>Peso y dimensiones<\/p>\n<div class=\"linea\"><\/div>\n<div class=\"row\">\n<div class=\"col-sm-6\"><span style=\"font-size: medium;\">Ancho (sin base)<\/span><\/div>\n<div class=\"col-sm-6\"><span style=\"font-size: medium;\">368 mm<\/span><\/div>\n<\/div>\n<div class=\"linea\"><\/div>\n<div class=\"row\">\n<div class=\"col-sm-6\"><span style=\"font-size: medium;\">Profundidad (sin base)<\/span><\/div>\n<div class=\"col-sm-6\"><span style=\"font-size: medium;\">53 mm<\/span><\/div>\n<\/div>\n<div class=\"linea\"><\/div>\n<div class=\"row\">\n<div class=\"col-sm-6\"><span style=\"font-size: medium;\">Altura (sin base)<\/span><\/div>\n<div class=\"col-sm-6\"><span style=\"font-size: medium;\">293 mm<\/span><\/div>\n<\/div>\n<div class=\"linea\"><\/div>\n<p>&nbsp;<\/p>\n<p>Puertos e Interfaces<\/p>\n<div class=\"linea\"><\/div>\n<div class=\"row\">\n<div class=\"col-sm-6\"><span style=\"font-size: medium;\">Puerto t\u00e1ctil USB<\/span><\/div>\n<div class=\"col-sm-6\"><span style=\"font-size: medium;\">S\u00ed<\/span><\/div>\n<\/div>\n<div class=\"linea\"><\/div>\n<div class=\"row\">\n<div class=\"col-sm-6\"><span style=\"font-size: medium;\">N\u00famero de puertos t\u00e1ctiles USB<\/span><\/div>\n<div class=\"col-sm-6\"><span style=\"font-size: medium;\">1<\/span><\/div>\n<\/div>\n<div class=\"linea\"><\/div>\n<div class=\"row\">\n<div class=\"col-sm-6\"><span style=\"font-size: medium;\">Cantidad de puertos VGA (D-Sub)<\/span><\/div>\n<\/div>\n<div class=\"row\">\n<div class=\"col-sm-6\"><span style=\"font-size: medium;\">1<\/span><\/div>\n<\/div>\n<div><\/div>\n<div>\n<p><em>E.O. Madrid Cinco S.L., no se responsabiliza de posibles errores tipogr\u00e1ficos y de precio. Las fotograf\u00edas de los productos pueden sufrir cambios<\/em><\/p>\n<\/div>\n","protected":false},"excerpt":{"rendered":"<p>El MTL15B est\u00e1 especialmente dise\u00f1ado para aplicaciones POS de comercio y es la soluci\u00f3n ideal para cualquier situaci\u00f3n en la que sea necesario un acceso v\u00eda t\u00e1ctil al programa de software. Cuenta con TFT LCD a color de 15\u201d, con una resoluci\u00f3n 1024&#215;768, y un panel t\u00e1ctil resistivo de alta calidad. Adem\u00e1s, su base estable evita vibraciones y garantiza un gran \u00e1ngulo de visi\u00f3n. Altas prestaciones, gran calidad y un dise\u00f1o robusto y ergon\u00f3mico, en un producto que proporciona al usuario una experiencia de uso \u00e1gil, r\u00e1pida y sencilla.<\/p>\n","protected":false},"featured_media":3347,"template":"","meta":{"_et_pb_use_builder":"","_et_pb_old_content":"","_et_gb_content_width":"","_joinchat":[]},"product_cat":[801],"product_tag":[1052,30,1127,1128],"class_list":{"0":"post-3346","1":"product","2":"type-product","3":"status-publish","4":"has-post-thumbnail","6":"product_cat-informatica","7":"product_tag-monitor","8":"product_tag-negro","9":"product_tag-pantalla","10":"product_tag-tactil","12":"first","13":"instock","14":"taxable","15":"shipping-taxable","16":"purchasable","17":"product-type-simple"},"yoast_head":"<!-- This site is optimized with the Yoast SEO plugin v27.4 - https:\/\/yoast.com\/product\/yoast-seo-wordpress\/ -->\n<title>IGG315750 MONITOR PANTALLA T\u00c1CTIL 38,1 CM (15&quot;) 1024 X 768 PIXELES NEGRO - Canon M5 Madrid | Distribuidor oficial Canon<\/title>\n<meta name=\"description\" content=\"IGG315750 monitor pantalla t\u00e1ctil 38,1 cm (15&quot;) 1024 x 768 Pixeles Negro 15&quot;, XGA 1024x768, 300 cd\/m2, 4:3, 16.7M\" \/>\n<meta name=\"robots\" content=\"index, follow, max-snippet:-1, max-image-preview:large, max-video-preview:-1\" \/>\n<link rel=\"canonical\" href=\"https:\/\/canonm5.com\/index.php\/producto\/igg315750-monitor-pantalla-tactil\/\" \/>\n<meta property=\"og:locale\" content=\"es_ES\" \/>\n<meta property=\"og:type\" content=\"article\" \/>\n<meta property=\"og:title\" content=\"IGG315750 MONITOR PANTALLA T\u00c1CTIL 38,1 CM (15&quot;) 1024 X 768 PIXELES NEGRO - Canon M5 Madrid | Distribuidor oficial Canon\" \/>\n<meta property=\"og:description\" content=\"IGG315750 monitor pantalla t\u00e1ctil 38,1 cm (15&quot;) 1024 x 768 Pixeles Negro 15&quot;, XGA 1024x768, 300 cd\/m2, 4:3, 16.7M\" \/>\n<meta property=\"og:url\" content=\"https:\/\/canonm5.com\/index.php\/producto\/igg315750-monitor-pantalla-tactil\/\" \/>\n<meta property=\"og:site_name\" content=\"Canon M5 Madrid | Distribuidor oficial Canon\" \/>\n<meta property=\"article:modified_time\" content=\"2023-05-22T11:19:25+00:00\" \/>\n<meta property=\"og:image\" content=\"https:\/\/canonm5.com\/wp-content\/uploads\/2022\/10\/igg315750-monitor-pantalla-tactil-381-cm-15-1024-x-768-pixeles-negro.jpg\" \/>\n\t<meta property=\"og:image:width\" content=\"239\" \/>\n\t<meta property=\"og:image:height\" content=\"239\" \/>\n\t<meta property=\"og:image:type\" content=\"image\/jpeg\" \/>\n<meta name=\"twitter:card\" content=\"summary_large_image\" \/>\n<meta name=\"twitter:label1\" content=\"Tiempo de lectura\" \/>\n\t<meta name=\"twitter:data1\" content=\"2 minutos\" \/>\n<script type=\"application\/ld+json\" class=\"yoast-schema-graph\">{\"@context\":\"https:\\\/\\\/schema.org\",\"@graph\":[{\"@type\":\"WebPage\",\"@id\":\"https:\\\/\\\/canonm5.com\\\/index.php\\\/producto\\\/igg315750-monitor-pantalla-tactil\\\/\",\"url\":\"https:\\\/\\\/canonm5.com\\\/index.php\\\/producto\\\/igg315750-monitor-pantalla-tactil\\\/\",\"name\":\"IGG315750 MONITOR PANTALLA T\u00c1CTIL 38,1 CM (15\\\") 1024 X 768 PIXELES NEGRO - Canon M5 Madrid | Distribuidor oficial Canon\",\"isPartOf\":{\"@id\":\"https:\\\/\\\/canonm5.com\\\/#website\"},\"primaryImageOfPage\":{\"@id\":\"https:\\\/\\\/canonm5.com\\\/index.php\\\/producto\\\/igg315750-monitor-pantalla-tactil\\\/#primaryimage\"},\"image\":{\"@id\":\"https:\\\/\\\/canonm5.com\\\/index.php\\\/producto\\\/igg315750-monitor-pantalla-tactil\\\/#primaryimage\"},\"thumbnailUrl\":\"https:\\\/\\\/canonm5.com\\\/wp-content\\\/uploads\\\/2022\\\/10\\\/igg315750-monitor-pantalla-tactil-381-cm-15-1024-x-768-pixeles-negro.jpg\",\"datePublished\":\"2022-10-18T11:57:36+00:00\",\"dateModified\":\"2023-05-22T11:19:25+00:00\",\"description\":\"IGG315750 monitor pantalla t\u00e1ctil 38,1 cm (15\\\") 1024 x 768 Pixeles Negro 15\\\", XGA 1024x768, 300 cd\\\/m2, 4:3, 16.7M\",\"breadcrumb\":{\"@id\":\"https:\\\/\\\/canonm5.com\\\/index.php\\\/producto\\\/igg315750-monitor-pantalla-tactil\\\/#breadcrumb\"},\"inLanguage\":\"es\",\"potentialAction\":[{\"@type\":\"ReadAction\",\"target\":[\"https:\\\/\\\/canonm5.com\\\/index.php\\\/producto\\\/igg315750-monitor-pantalla-tactil\\\/\"]}]},{\"@type\":\"ImageObject\",\"inLanguage\":\"es\",\"@id\":\"https:\\\/\\\/canonm5.com\\\/index.php\\\/producto\\\/igg315750-monitor-pantalla-tactil\\\/#primaryimage\",\"url\":\"https:\\\/\\\/canonm5.com\\\/wp-content\\\/uploads\\\/2022\\\/10\\\/igg315750-monitor-pantalla-tactil-381-cm-15-1024-x-768-pixeles-negro.jpg\",\"contentUrl\":\"https:\\\/\\\/canonm5.com\\\/wp-content\\\/uploads\\\/2022\\\/10\\\/igg315750-monitor-pantalla-tactil-381-cm-15-1024-x-768-pixeles-negro.jpg\",\"width\":239,\"height\":239},{\"@type\":\"BreadcrumbList\",\"@id\":\"https:\\\/\\\/canonm5.com\\\/index.php\\\/producto\\\/igg315750-monitor-pantalla-tactil\\\/#breadcrumb\",\"itemListElement\":[{\"@type\":\"ListItem\",\"position\":1,\"name\":\"Portada\",\"item\":\"https:\\\/\\\/canonm5.com\\\/\"},{\"@type\":\"ListItem\",\"position\":2,\"name\":\"Nuestros productos\",\"item\":\"https:\\\/\\\/canonm5.com\\\/index.php\\\/productos\\\/\"},{\"@type\":\"ListItem\",\"position\":3,\"name\":\"IGG315750 MONITOR PANTALLA T\u00c1CTIL 38,1 CM (15&#8243;) 1024 X 768 PIXELES NEGRO\"}]},{\"@type\":\"WebSite\",\"@id\":\"https:\\\/\\\/canonm5.com\\\/#website\",\"url\":\"https:\\\/\\\/canonm5.com\\\/\",\"name\":\"Canon M5 Madrid | Distribuidor oficial Canon\",\"description\":\"Renting de impresoras para empresas\",\"potentialAction\":[{\"@type\":\"SearchAction\",\"target\":{\"@type\":\"EntryPoint\",\"urlTemplate\":\"https:\\\/\\\/canonm5.com\\\/?s={search_term_string}\"},\"query-input\":{\"@type\":\"PropertyValueSpecification\",\"valueRequired\":true,\"valueName\":\"search_term_string\"}}],\"inLanguage\":\"es\"}]}<\/script>\n<!-- \/ Yoast SEO plugin. -->","yoast_head_json":{"title":"IGG315750 MONITOR PANTALLA T\u00c1CTIL 38,1 CM (15\") 1024 X 768 PIXELES NEGRO - Canon M5 Madrid | Distribuidor oficial Canon","description":"IGG315750 monitor pantalla t\u00e1ctil 38,1 cm (15\") 1024 x 768 Pixeles Negro 15\", XGA 1024x768, 300 cd\/m2, 4:3, 16.7M","robots":{"index":"index","follow":"follow","max-snippet":"max-snippet:-1","max-image-preview":"max-image-preview:large","max-video-preview":"max-video-preview:-1"},"canonical":"https:\/\/canonm5.com\/index.php\/producto\/igg315750-monitor-pantalla-tactil\/","og_locale":"es_ES","og_type":"article","og_title":"IGG315750 MONITOR PANTALLA T\u00c1CTIL 38,1 CM (15\") 1024 X 768 PIXELES NEGRO - Canon M5 Madrid | Distribuidor oficial Canon","og_description":"IGG315750 monitor pantalla t\u00e1ctil 38,1 cm (15\") 1024 x 768 Pixeles Negro 15\", XGA 1024x768, 300 cd\/m2, 4:3, 16.7M","og_url":"https:\/\/canonm5.com\/index.php\/producto\/igg315750-monitor-pantalla-tactil\/","og_site_name":"Canon M5 Madrid | Distribuidor oficial Canon","article_modified_time":"2023-05-22T11:19:25+00:00","og_image":[{"width":239,"height":239,"url":"https:\/\/canonm5.com\/wp-content\/uploads\/2022\/10\/igg315750-monitor-pantalla-tactil-381-cm-15-1024-x-768-pixeles-negro.jpg","type":"image\/jpeg"}],"twitter_card":"summary_large_image","twitter_misc":{"Tiempo de lectura":"2 minutos"},"schema":{"@context":"https:\/\/schema.org","@graph":[{"@type":"WebPage","@id":"https:\/\/canonm5.com\/index.php\/producto\/igg315750-monitor-pantalla-tactil\/","url":"https:\/\/canonm5.com\/index.php\/producto\/igg315750-monitor-pantalla-tactil\/","name":"IGG315750 MONITOR PANTALLA T\u00c1CTIL 38,1 CM (15\") 1024 X 768 PIXELES NEGRO - Canon M5 Madrid | Distribuidor oficial Canon","isPartOf":{"@id":"https:\/\/canonm5.com\/#website"},"primaryImageOfPage":{"@id":"https:\/\/canonm5.com\/index.php\/producto\/igg315750-monitor-pantalla-tactil\/#primaryimage"},"image":{"@id":"https:\/\/canonm5.com\/index.php\/producto\/igg315750-monitor-pantalla-tactil\/#primaryimage"},"thumbnailUrl":"https:\/\/canonm5.com\/wp-content\/uploads\/2022\/10\/igg315750-monitor-pantalla-tactil-381-cm-15-1024-x-768-pixeles-negro.jpg","datePublished":"2022-10-18T11:57:36+00:00","dateModified":"2023-05-22T11:19:25+00:00","description":"IGG315750 monitor pantalla t\u00e1ctil 38,1 cm (15\") 1024 x 768 Pixeles Negro 15\", XGA 1024x768, 300 cd\/m2, 4:3, 16.7M","breadcrumb":{"@id":"https:\/\/canonm5.com\/index.php\/producto\/igg315750-monitor-pantalla-tactil\/#breadcrumb"},"inLanguage":"es","potentialAction":[{"@type":"ReadAction","target":["https:\/\/canonm5.com\/index.php\/producto\/igg315750-monitor-pantalla-tactil\/"]}]},{"@type":"ImageObject","inLanguage":"es","@id":"https:\/\/canonm5.com\/index.php\/producto\/igg315750-monitor-pantalla-tactil\/#primaryimage","url":"https:\/\/canonm5.com\/wp-content\/uploads\/2022\/10\/igg315750-monitor-pantalla-tactil-381-cm-15-1024-x-768-pixeles-negro.jpg","contentUrl":"https:\/\/canonm5.com\/wp-content\/uploads\/2022\/10\/igg315750-monitor-pantalla-tactil-381-cm-15-1024-x-768-pixeles-negro.jpg","width":239,"height":239},{"@type":"BreadcrumbList","@id":"https:\/\/canonm5.com\/index.php\/producto\/igg315750-monitor-pantalla-tactil\/#breadcrumb","itemListElement":[{"@type":"ListItem","position":1,"name":"Portada","item":"https:\/\/canonm5.com\/"},{"@type":"ListItem","position":2,"name":"Nuestros productos","item":"https:\/\/canonm5.com\/index.php\/productos\/"},{"@type":"ListItem","position":3,"name":"IGG315750 MONITOR PANTALLA T\u00c1CTIL 38,1 CM (15&#8243;) 1024 X 768 PIXELES NEGRO"}]},{"@type":"WebSite","@id":"https:\/\/canonm5.com\/#website","url":"https:\/\/canonm5.com\/","name":"Canon M5 Madrid | Distribuidor oficial Canon","description":"Renting de impresoras para empresas","potentialAction":[{"@type":"SearchAction","target":{"@type":"EntryPoint","urlTemplate":"https:\/\/canonm5.com\/?s={search_term_string}"},"query-input":{"@type":"PropertyValueSpecification","valueRequired":true,"valueName":"search_term_string"}}],"inLanguage":"es"}]}},"_links":{"self":[{"href":"https:\/\/canonm5.com\/index.php\/wp-json\/wp\/v2\/product\/3346","targetHints":{"allow":["GET"]}}],"collection":[{"href":"https:\/\/canonm5.com\/index.php\/wp-json\/wp\/v2\/product"}],"about":[{"href":"https:\/\/canonm5.com\/index.php\/wp-json\/wp\/v2\/types\/product"}],"wp:featuredmedia":[{"embeddable":true,"href":"https:\/\/canonm5.com\/index.php\/wp-json\/wp\/v2\/media\/3347"}],"wp:attachment":[{"href":"https:\/\/canonm5.com\/index.php\/wp-json\/wp\/v2\/media?parent=3346"}],"wp:term":[{"taxonomy":"product_cat","embeddable":true,"href":"https:\/\/canonm5.com\/index.php\/wp-json\/wp\/v2\/product_cat?post=3346"},{"taxonomy":"product_tag","embeddable":true,"href":"https:\/\/canonm5.com\/index.php\/wp-json\/wp\/v2\/product_tag?post=3346"}],"curies":[{"name":"wp","href":"https:\/\/api.w.org\/{rel}","templated":true}]}}