{"id":3345,"date":"2022-10-18T11:49:17","date_gmt":"2022-10-18T11:49:17","guid":{"rendered":"https:\/\/canonm5.com\/?post_type=product&#038;p=3345"},"modified":"2023-05-22T11:17:17","modified_gmt":"2023-05-22T11:17:17","slug":"keepout-monitor-gaming-led-23-8","status":"publish","type":"product","link":"https:\/\/canonm5.com\/index.php\/producto\/keepout-monitor-gaming-led-23-8\/","title":{"rendered":"KeepOut Monitor Gaming LED 23.8&#8243; Curvo R1800 FullHD 1080p 165Hz &#8211; 16:9 &#8211; Angulo de Vision 178\u00ba &#8211; Altavoces 6W &#8211; Respuesta 1ms &#8211; HDMI, DisplayPort &#8211; VESA 75x75mm"},"content":{"rendered":"<p>El XGM24PROII es un monitor Gaming curvo de 23.8\u201d con resoluci\u00f3n Full HD, que te ofrece una combinaci\u00f3n de experiencia sin precedentes para disfrutar de tus mejores juegos, con comodidad para tus ojos y gran nitidez de im\u00e1genes.<\/p>\n<p>Su pantalla est\u00e1 optimizada para reducir la emisi\u00f3n de ondas de luz azul y minimizar el parpadeo, proteger\u00e1 tus ojos para que puedas estar m\u00e1s tiempo jugando a tus juegos frente a la pantalla, adem\u00e1s es compatible con FreeSync y G-Sync soportando 165Hz a trav\u00e9s de su entrada DisplayPort. Tus Juegos cobrar\u00e1n vida y ofrece im\u00e1genes m\u00e1s realistas. Si lo tuyo es el Gaming a gran nivel con un tiempo de respuesta de 1ms jugar\u00e1s con mayor fluidez. Incluye altavoces traseros.<\/p>\n<p>Caracter\u00edsticas:<\/p>\n<p>-Pantalla: 23,8\u201d Curvo Grado A mate<br \/>\n-Curvatura: R1800<br \/>\n-Resoluci\u00f3n: FHD 1920&#215;1080<br \/>\n-Frecuencia: 165Hz DP \/ 144Hz HDMI<br \/>\n-Tiempo de respuesta: 1ms<br \/>\n-Retroiluminaci\u00f3n: WLED<br \/>\n-\u00c1ngulo de visi\u00f3n: H:178\u00b0 V:178\u00b0<br \/>\n-Brillo: 250cd\/m2 \u00b7 Contraste: 4000:1<br \/>\n-Formato: 16:9 \u00b7 Entradas: HDMI 1.4 y DP 1.2<br \/>\n-Salidas: Audio Jack 3.5mm + USB (5V\/1A)<br \/>\n-Altavoces: 2x3W<br \/>\n-Vesa: 75mm x 75mm<br \/>\n-G-Sync y FreeSync soportados<\/p>\n<p>&nbsp;<\/p>\n<p><em>E.O. Madrid Cinco S.L., no se responsabiliza de posibles errores tipogr\u00e1ficos y de precio. Las fotograf\u00edas de los productos pueden sufrir cambios<\/em><\/p>\n","protected":false},"excerpt":{"rendered":"<p>Caracter\u00edsticas:<\/p>\n<p>-Pantalla: 23,8\u201d Curvo Grado A mate<br \/>\n-Curvatura: R1800<br \/>\n-Resoluci\u00f3n: FHD 1920&#215;1080<br \/>\n-Frecuencia: 165Hz DP \/ 144Hz HDMI<br \/>\n-Tiempo de respuesta: 1ms<br \/>\n-Retroiluminaci\u00f3n: WLED<br \/>\n-\u00c1ngulo de visi\u00f3n: H:178\u00b0 V:178\u00b0<br \/>\n-Brillo: 250cd\/m2 \u00b7 Contraste: 4000:1<br \/>\n-Formato: 16:9 \u00b7 Entradas: HDMI 1.4 y DP 1.2<br \/>\n-Salidas: Audio Jack 3.5mm + USB (5V\/1A)<br \/>\n-Altavoces: 2x3W<br \/>\n-Vesa: 75mm x 75mm<br \/>\n-G-Sync y FreeSync soportados<\/p>\n","protected":false},"featured_media":3343,"template":"","meta":{"_et_pb_use_builder":"","_et_pb_old_content":"","_et_gb_content_width":"","_joinchat":[]},"product_cat":[801,981],"product_tag":[1117,1122,1125,1126,1052],"class_list":{"0":"post-3345","1":"product","2":"type-product","3":"status-publish","4":"has-post-thumbnail","6":"product_cat-informatica","7":"product_cat-monitores","8":"product_tag-fullhd","9":"product_tag-gaming","10":"product_tag-keepout","11":"product_tag-led-23-8","12":"product_tag-monitor","14":"first","15":"instock","16":"taxable","17":"shipping-taxable","18":"purchasable","19":"product-type-simple"},"yoast_head":"<!-- This site is optimized with the Yoast SEO plugin v27.4 - https:\/\/yoast.com\/product\/yoast-seo-wordpress\/ -->\n<title>KeepOut Monitor Gaming LED 23.8&quot; Curvo R1800 FullHD 1080p 165Hz - 16:9 - Angulo de Vision 178\u00ba - Altavoces 6W - Respuesta 1ms - HDMI, DisplayPort - VESA 75x75mm - Canon M5 Madrid | Distribuidor oficial Canon<\/title>\n<meta name=\"description\" content=\"KeepOut Monitor Gaming LED 23.8&quot; Curvo R1800 FullHD 1080p 165Hz - 16:9 - Angulo de Vision 178\u00ba - Altavoces 6W - Respuesta 1ms - HDMI, DisplayPort - VESA 75x75mm\" \/>\n<meta name=\"robots\" content=\"index, follow, max-snippet:-1, max-image-preview:large, max-video-preview:-1\" \/>\n<link rel=\"canonical\" href=\"https:\/\/canonm5.com\/index.php\/producto\/keepout-monitor-gaming-led-23-8\/\" \/>\n<meta property=\"og:locale\" content=\"es_ES\" \/>\n<meta property=\"og:type\" content=\"article\" \/>\n<meta property=\"og:title\" content=\"KeepOut Monitor Gaming LED 23.8&quot; Curvo R1800 FullHD 1080p 165Hz - 16:9 - Angulo de Vision 178\u00ba - Altavoces 6W - Respuesta 1ms - HDMI, DisplayPort - VESA 75x75mm - Canon M5 Madrid | Distribuidor oficial Canon\" \/>\n<meta property=\"og:description\" content=\"KeepOut Monitor Gaming LED 23.8&quot; Curvo R1800 FullHD 1080p 165Hz - 16:9 - Angulo de Vision 178\u00ba - Altavoces 6W - Respuesta 1ms - HDMI, DisplayPort - VESA 75x75mm\" \/>\n<meta property=\"og:url\" content=\"https:\/\/canonm5.com\/index.php\/producto\/keepout-monitor-gaming-led-23-8\/\" \/>\n<meta property=\"og:site_name\" content=\"Canon M5 Madrid | Distribuidor oficial Canon\" \/>\n<meta property=\"article:modified_time\" content=\"2023-05-22T11:17:17+00:00\" \/>\n<meta property=\"og:image\" content=\"https:\/\/canonm5.com\/wp-content\/uploads\/2022\/10\/154295_1.jpg\" \/>\n\t<meta property=\"og:image:width\" content=\"600\" \/>\n\t<meta property=\"og:image:height\" content=\"600\" \/>\n\t<meta property=\"og:image:type\" content=\"image\/jpeg\" \/>\n<meta name=\"twitter:card\" content=\"summary_large_image\" \/>\n<meta name=\"twitter:label1\" content=\"Tiempo de lectura\" \/>\n\t<meta name=\"twitter:data1\" content=\"1 minuto\" \/>\n<script type=\"application\/ld+json\" class=\"yoast-schema-graph\">{\"@context\":\"https:\\\/\\\/schema.org\",\"@graph\":[{\"@type\":\"WebPage\",\"@id\":\"https:\\\/\\\/canonm5.com\\\/index.php\\\/producto\\\/keepout-monitor-gaming-led-23-8\\\/\",\"url\":\"https:\\\/\\\/canonm5.com\\\/index.php\\\/producto\\\/keepout-monitor-gaming-led-23-8\\\/\",\"name\":\"KeepOut Monitor Gaming LED 23.8\\\" Curvo R1800 FullHD 1080p 165Hz - 16:9 - Angulo de Vision 178\u00ba - Altavoces 6W - Respuesta 1ms - HDMI, DisplayPort - VESA 75x75mm - Canon M5 Madrid | Distribuidor oficial Canon\",\"isPartOf\":{\"@id\":\"https:\\\/\\\/canonm5.com\\\/#website\"},\"primaryImageOfPage\":{\"@id\":\"https:\\\/\\\/canonm5.com\\\/index.php\\\/producto\\\/keepout-monitor-gaming-led-23-8\\\/#primaryimage\"},\"image\":{\"@id\":\"https:\\\/\\\/canonm5.com\\\/index.php\\\/producto\\\/keepout-monitor-gaming-led-23-8\\\/#primaryimage\"},\"thumbnailUrl\":\"https:\\\/\\\/canonm5.com\\\/wp-content\\\/uploads\\\/2022\\\/10\\\/154295_1.jpg\",\"datePublished\":\"2022-10-18T11:49:17+00:00\",\"dateModified\":\"2023-05-22T11:17:17+00:00\",\"description\":\"KeepOut Monitor Gaming LED 23.8\\\" Curvo R1800 FullHD 1080p 165Hz - 16:9 - Angulo de Vision 178\u00ba - Altavoces 6W - Respuesta 1ms - HDMI, DisplayPort - VESA 75x75mm\",\"breadcrumb\":{\"@id\":\"https:\\\/\\\/canonm5.com\\\/index.php\\\/producto\\\/keepout-monitor-gaming-led-23-8\\\/#breadcrumb\"},\"inLanguage\":\"es\",\"potentialAction\":[{\"@type\":\"ReadAction\",\"target\":[\"https:\\\/\\\/canonm5.com\\\/index.php\\\/producto\\\/keepout-monitor-gaming-led-23-8\\\/\"]}]},{\"@type\":\"ImageObject\",\"inLanguage\":\"es\",\"@id\":\"https:\\\/\\\/canonm5.com\\\/index.php\\\/producto\\\/keepout-monitor-gaming-led-23-8\\\/#primaryimage\",\"url\":\"https:\\\/\\\/canonm5.com\\\/wp-content\\\/uploads\\\/2022\\\/10\\\/154295_1.jpg\",\"contentUrl\":\"https:\\\/\\\/canonm5.com\\\/wp-content\\\/uploads\\\/2022\\\/10\\\/154295_1.jpg\",\"width\":600,\"height\":600},{\"@type\":\"BreadcrumbList\",\"@id\":\"https:\\\/\\\/canonm5.com\\\/index.php\\\/producto\\\/keepout-monitor-gaming-led-23-8\\\/#breadcrumb\",\"itemListElement\":[{\"@type\":\"ListItem\",\"position\":1,\"name\":\"Portada\",\"item\":\"https:\\\/\\\/canonm5.com\\\/\"},{\"@type\":\"ListItem\",\"position\":2,\"name\":\"Nuestros productos\",\"item\":\"https:\\\/\\\/canonm5.com\\\/index.php\\\/productos\\\/\"},{\"@type\":\"ListItem\",\"position\":3,\"name\":\"KeepOut Monitor Gaming LED 23.8&#8243; Curvo R1800 FullHD 1080p 165Hz &#8211; 16:9 &#8211; Angulo de Vision 178\u00ba &#8211; Altavoces 6W &#8211; Respuesta 1ms &#8211; HDMI, DisplayPort &#8211; VESA 75x75mm\"}]},{\"@type\":\"WebSite\",\"@id\":\"https:\\\/\\\/canonm5.com\\\/#website\",\"url\":\"https:\\\/\\\/canonm5.com\\\/\",\"name\":\"Canon M5 Madrid | Distribuidor oficial Canon\",\"description\":\"Renting de impresoras para empresas\",\"potentialAction\":[{\"@type\":\"SearchAction\",\"target\":{\"@type\":\"EntryPoint\",\"urlTemplate\":\"https:\\\/\\\/canonm5.com\\\/?s={search_term_string}\"},\"query-input\":{\"@type\":\"PropertyValueSpecification\",\"valueRequired\":true,\"valueName\":\"search_term_string\"}}],\"inLanguage\":\"es\"}]}<\/script>\n<!-- \/ Yoast SEO plugin. -->","yoast_head_json":{"title":"KeepOut Monitor Gaming LED 23.8\" Curvo R1800 FullHD 1080p 165Hz - 16:9 - Angulo de Vision 178\u00ba - Altavoces 6W - Respuesta 1ms - HDMI, DisplayPort - VESA 75x75mm - Canon M5 Madrid | Distribuidor oficial Canon","description":"KeepOut Monitor Gaming LED 23.8\" Curvo R1800 FullHD 1080p 165Hz - 16:9 - Angulo de Vision 178\u00ba - Altavoces 6W - Respuesta 1ms - HDMI, DisplayPort - VESA 75x75mm","robots":{"index":"index","follow":"follow","max-snippet":"max-snippet:-1","max-image-preview":"max-image-preview:large","max-video-preview":"max-video-preview:-1"},"canonical":"https:\/\/canonm5.com\/index.php\/producto\/keepout-monitor-gaming-led-23-8\/","og_locale":"es_ES","og_type":"article","og_title":"KeepOut Monitor Gaming LED 23.8\" Curvo R1800 FullHD 1080p 165Hz - 16:9 - Angulo de Vision 178\u00ba - Altavoces 6W - Respuesta 1ms - HDMI, DisplayPort - VESA 75x75mm - Canon M5 Madrid | Distribuidor oficial Canon","og_description":"KeepOut Monitor Gaming LED 23.8\" Curvo R1800 FullHD 1080p 165Hz - 16:9 - Angulo de Vision 178\u00ba - Altavoces 6W - Respuesta 1ms - HDMI, DisplayPort - VESA 75x75mm","og_url":"https:\/\/canonm5.com\/index.php\/producto\/keepout-monitor-gaming-led-23-8\/","og_site_name":"Canon M5 Madrid | Distribuidor oficial Canon","article_modified_time":"2023-05-22T11:17:17+00:00","og_image":[{"width":600,"height":600,"url":"https:\/\/canonm5.com\/wp-content\/uploads\/2022\/10\/154295_1.jpg","type":"image\/jpeg"}],"twitter_card":"summary_large_image","twitter_misc":{"Tiempo de lectura":"1 minuto"},"schema":{"@context":"https:\/\/schema.org","@graph":[{"@type":"WebPage","@id":"https:\/\/canonm5.com\/index.php\/producto\/keepout-monitor-gaming-led-23-8\/","url":"https:\/\/canonm5.com\/index.php\/producto\/keepout-monitor-gaming-led-23-8\/","name":"KeepOut Monitor Gaming LED 23.8\" Curvo R1800 FullHD 1080p 165Hz - 16:9 - Angulo de Vision 178\u00ba - Altavoces 6W - Respuesta 1ms - HDMI, DisplayPort - VESA 75x75mm - Canon M5 Madrid | Distribuidor oficial Canon","isPartOf":{"@id":"https:\/\/canonm5.com\/#website"},"primaryImageOfPage":{"@id":"https:\/\/canonm5.com\/index.php\/producto\/keepout-monitor-gaming-led-23-8\/#primaryimage"},"image":{"@id":"https:\/\/canonm5.com\/index.php\/producto\/keepout-monitor-gaming-led-23-8\/#primaryimage"},"thumbnailUrl":"https:\/\/canonm5.com\/wp-content\/uploads\/2022\/10\/154295_1.jpg","datePublished":"2022-10-18T11:49:17+00:00","dateModified":"2023-05-22T11:17:17+00:00","description":"KeepOut Monitor Gaming LED 23.8\" Curvo R1800 FullHD 1080p 165Hz - 16:9 - Angulo de Vision 178\u00ba - Altavoces 6W - Respuesta 1ms - HDMI, DisplayPort - VESA 75x75mm","breadcrumb":{"@id":"https:\/\/canonm5.com\/index.php\/producto\/keepout-monitor-gaming-led-23-8\/#breadcrumb"},"inLanguage":"es","potentialAction":[{"@type":"ReadAction","target":["https:\/\/canonm5.com\/index.php\/producto\/keepout-monitor-gaming-led-23-8\/"]}]},{"@type":"ImageObject","inLanguage":"es","@id":"https:\/\/canonm5.com\/index.php\/producto\/keepout-monitor-gaming-led-23-8\/#primaryimage","url":"https:\/\/canonm5.com\/wp-content\/uploads\/2022\/10\/154295_1.jpg","contentUrl":"https:\/\/canonm5.com\/wp-content\/uploads\/2022\/10\/154295_1.jpg","width":600,"height":600},{"@type":"BreadcrumbList","@id":"https:\/\/canonm5.com\/index.php\/producto\/keepout-monitor-gaming-led-23-8\/#breadcrumb","itemListElement":[{"@type":"ListItem","position":1,"name":"Portada","item":"https:\/\/canonm5.com\/"},{"@type":"ListItem","position":2,"name":"Nuestros productos","item":"https:\/\/canonm5.com\/index.php\/productos\/"},{"@type":"ListItem","position":3,"name":"KeepOut Monitor Gaming LED 23.8&#8243; Curvo R1800 FullHD 1080p 165Hz &#8211; 16:9 &#8211; Angulo de Vision 178\u00ba &#8211; Altavoces 6W &#8211; Respuesta 1ms &#8211; HDMI, DisplayPort &#8211; VESA 75x75mm"}]},{"@type":"WebSite","@id":"https:\/\/canonm5.com\/#website","url":"https:\/\/canonm5.com\/","name":"Canon M5 Madrid | Distribuidor oficial Canon","description":"Renting de impresoras para empresas","potentialAction":[{"@type":"SearchAction","target":{"@type":"EntryPoint","urlTemplate":"https:\/\/canonm5.com\/?s={search_term_string}"},"query-input":{"@type":"PropertyValueSpecification","valueRequired":true,"valueName":"search_term_string"}}],"inLanguage":"es"}]}},"_links":{"self":[{"href":"https:\/\/canonm5.com\/index.php\/wp-json\/wp\/v2\/product\/3345","targetHints":{"allow":["GET"]}}],"collection":[{"href":"https:\/\/canonm5.com\/index.php\/wp-json\/wp\/v2\/product"}],"about":[{"href":"https:\/\/canonm5.com\/index.php\/wp-json\/wp\/v2\/types\/product"}],"wp:featuredmedia":[{"embeddable":true,"href":"https:\/\/canonm5.com\/index.php\/wp-json\/wp\/v2\/media\/3343"}],"wp:attachment":[{"href":"https:\/\/canonm5.com\/index.php\/wp-json\/wp\/v2\/media?parent=3345"}],"wp:term":[{"taxonomy":"product_cat","embeddable":true,"href":"https:\/\/canonm5.com\/index.php\/wp-json\/wp\/v2\/product_cat?post=3345"},{"taxonomy":"product_tag","embeddable":true,"href":"https:\/\/canonm5.com\/index.php\/wp-json\/wp\/v2\/product_tag?post=3345"}],"curies":[{"name":"wp","href":"https:\/\/api.w.org\/{rel}","templated":true}]}}