{"id":3342,"date":"2022-10-18T11:42:03","date_gmt":"2022-10-18T11:42:03","guid":{"rendered":"https:\/\/canonm5.com\/?post_type=product&#038;p=3342"},"modified":"2023-05-22T11:16:13","modified_gmt":"2023-05-22T11:16:13","slug":"keepout-monitor-gaming-led-21-5","status":"publish","type":"product","link":"https:\/\/canonm5.com\/index.php\/producto\/keepout-monitor-gaming-led-21-5\/","title":{"rendered":"KeepOut Monitor Gaming LED 21.5&#8243; Full HD 1080p 75Hz &#8211; Respuesta 4ms &#8211; Angulo de Vision 178\u00ba &#8211; Altavoces 6W &#8211; 16:9 &#8211; HDMI, VGA, Jack 3.5mm &#8211; VESA 75x75mm"},"content":{"rendered":"<p>El XGM22B es un monitor Gaming de 21.5\u201d con resoluci\u00f3n ultra FHD, que te ofrece una combinaci\u00f3n de experiencia sin precedentes para disfrutar de tus mejores juegos, con comodidad para tus ojos y gran nitidez de im\u00e1genes. Su pantalla de 75Hz est\u00e1 optimizada para reducir la emisi\u00f3n de ondas de luz azul y minimizar el parpadeo, proteger\u00e1 tus ojos para que puedas estar m\u00e1s tiempo jugando a tus juegos frente a la pantalla. Tus Juegos cobrar\u00e1n vida y ofrece im\u00e1genes m\u00e1s realistas. Si lo tuyo es el Gaming a gran nivel con un tiempo de respuesta de 4ms jugar\u00e1s con mayor fluidez. Incluye altavoces traseros.<\/p>\n<p>Especificaciones:<\/p>\n<p>-Pantalla: 21,5\u201d Grado A Mate<br \/>\n-Tipo: VA<br \/>\n-Resoluci\u00f3n: FHD 1920 x 1080<br \/>\n-Frecuencia: 75Hz<br \/>\n-Tiempo de respuesta: 4ms<br \/>\n-Retroiluminaci\u00f3n: LED<br \/>\n-\u00c1ngulo de visi\u00f3n: H:178\u00b0 V:178\u00b0<br \/>\n-Brillo: 250cd\/m2<br \/>\n-Contraste: 3000:1<br \/>\n-Formato: 16:9<br \/>\n-Entradas: VGA, HDMI, Audio Jack 3.5mm<br \/>\n-Altavoces: 2 x 3W<br \/>\n-Vesa: 75mm x 75mm<\/p>\n<p>&nbsp;<\/p>\n<p>E.O. Madrid Cinco S.L., no se responsabiliza de posibles errores tipogr\u00e1ficos y de precio. Las fotograf\u00edas de los productos pueden sufrir cambios<\/p>\n","protected":false},"excerpt":{"rendered":"<p>Especificaciones:<\/p>\n<p>-Pantalla: 21,5\u201d Grado A Mate<br \/>\n-Tipo: VA<br \/>\n-Resoluci\u00f3n: FHD 1920 x 1080<br \/>\n-Frecuencia: 75Hz<br \/>\n-Tiempo de respuesta: 4ms<br \/>\n-Retroiluminaci\u00f3n: LED<br \/>\n-\u00c1ngulo de visi\u00f3n: H:178\u00b0 V:178\u00b0<br \/>\n-Brillo: 250cd\/m2<br \/>\n-Contraste: 3000:1<br \/>\n-Formato: 16:9<br \/>\n-Entradas: VGA, HDMI, Audio Jack 3.5mm<br \/>\n-Altavoces: 2 x 3W<br \/>\n-Vesa: 75mm x 75mm<\/p>\n","protected":false},"featured_media":3343,"template":"","meta":{"_et_pb_use_builder":"","_et_pb_old_content":"","_et_gb_content_width":"","_joinchat":[]},"product_cat":[801,981],"product_tag":[1124,1122,1123,1052],"class_list":{"0":"post-3342","1":"product","2":"type-product","3":"status-publish","4":"has-post-thumbnail","6":"product_cat-informatica","7":"product_cat-monitores","8":"product_tag-full-hd","9":"product_tag-gaming","10":"product_tag-led","11":"product_tag-monitor","13":"first","14":"instock","15":"taxable","16":"shipping-taxable","17":"purchasable","18":"product-type-simple"},"yoast_head":"<!-- This site is optimized with the Yoast SEO plugin v27.4 - https:\/\/yoast.com\/product\/yoast-seo-wordpress\/ -->\n<title>KeepOut Monitor Gaming LED 21.5&quot; Full HD 1080p 75Hz - Respuesta 4ms - Angulo de Vision 178\u00ba - Altavoces 6W - 16:9 - HDMI, VGA, Jack 3.5mm - VESA 75x75mm - Canon M5 Madrid | Distribuidor oficial Canon<\/title>\n<meta name=\"description\" content=\"KeepOut Monitor Gaming LED 21.5&quot; Full HD 1080p 75Hz - Respuesta 4ms - Angulo de Vision 178\u00ba - Altavoces 6W - 16:9 - HDMI, VGA, Jack 3.5mm - VESA 75x75mm\" \/>\n<meta name=\"robots\" content=\"index, follow, max-snippet:-1, max-image-preview:large, max-video-preview:-1\" \/>\n<link rel=\"canonical\" href=\"https:\/\/canonm5.com\/index.php\/producto\/keepout-monitor-gaming-led-21-5\/\" \/>\n<meta property=\"og:locale\" content=\"es_ES\" \/>\n<meta property=\"og:type\" content=\"article\" \/>\n<meta property=\"og:title\" content=\"KeepOut Monitor Gaming LED 21.5&quot; Full HD 1080p 75Hz - Respuesta 4ms - Angulo de Vision 178\u00ba - Altavoces 6W - 16:9 - HDMI, VGA, Jack 3.5mm - VESA 75x75mm - Canon M5 Madrid | Distribuidor oficial Canon\" \/>\n<meta property=\"og:description\" content=\"KeepOut Monitor Gaming LED 21.5&quot; Full HD 1080p 75Hz - Respuesta 4ms - Angulo de Vision 178\u00ba - Altavoces 6W - 16:9 - HDMI, VGA, Jack 3.5mm - VESA 75x75mm\" \/>\n<meta property=\"og:url\" content=\"https:\/\/canonm5.com\/index.php\/producto\/keepout-monitor-gaming-led-21-5\/\" \/>\n<meta property=\"og:site_name\" content=\"Canon M5 Madrid | Distribuidor oficial Canon\" \/>\n<meta property=\"article:modified_time\" content=\"2023-05-22T11:16:13+00:00\" \/>\n<meta property=\"og:image\" content=\"https:\/\/canonm5.com\/wp-content\/uploads\/2022\/10\/154295_1.jpg\" \/>\n\t<meta property=\"og:image:width\" content=\"600\" \/>\n\t<meta property=\"og:image:height\" content=\"600\" \/>\n\t<meta property=\"og:image:type\" content=\"image\/jpeg\" \/>\n<meta name=\"twitter:card\" content=\"summary_large_image\" \/>\n<meta name=\"twitter:label1\" content=\"Tiempo de lectura\" \/>\n\t<meta name=\"twitter:data1\" content=\"1 minuto\" \/>\n<script type=\"application\/ld+json\" class=\"yoast-schema-graph\">{\"@context\":\"https:\\\/\\\/schema.org\",\"@graph\":[{\"@type\":\"WebPage\",\"@id\":\"https:\\\/\\\/canonm5.com\\\/index.php\\\/producto\\\/keepout-monitor-gaming-led-21-5\\\/\",\"url\":\"https:\\\/\\\/canonm5.com\\\/index.php\\\/producto\\\/keepout-monitor-gaming-led-21-5\\\/\",\"name\":\"KeepOut Monitor Gaming LED 21.5\\\" Full HD 1080p 75Hz - Respuesta 4ms - Angulo de Vision 178\u00ba - Altavoces 6W - 16:9 - HDMI, VGA, Jack 3.5mm - VESA 75x75mm - Canon M5 Madrid | Distribuidor oficial Canon\",\"isPartOf\":{\"@id\":\"https:\\\/\\\/canonm5.com\\\/#website\"},\"primaryImageOfPage\":{\"@id\":\"https:\\\/\\\/canonm5.com\\\/index.php\\\/producto\\\/keepout-monitor-gaming-led-21-5\\\/#primaryimage\"},\"image\":{\"@id\":\"https:\\\/\\\/canonm5.com\\\/index.php\\\/producto\\\/keepout-monitor-gaming-led-21-5\\\/#primaryimage\"},\"thumbnailUrl\":\"https:\\\/\\\/canonm5.com\\\/wp-content\\\/uploads\\\/2022\\\/10\\\/154295_1.jpg\",\"datePublished\":\"2022-10-18T11:42:03+00:00\",\"dateModified\":\"2023-05-22T11:16:13+00:00\",\"description\":\"KeepOut Monitor Gaming LED 21.5\\\" Full HD 1080p 75Hz - Respuesta 4ms - Angulo de Vision 178\u00ba - Altavoces 6W - 16:9 - HDMI, VGA, Jack 3.5mm - VESA 75x75mm\",\"breadcrumb\":{\"@id\":\"https:\\\/\\\/canonm5.com\\\/index.php\\\/producto\\\/keepout-monitor-gaming-led-21-5\\\/#breadcrumb\"},\"inLanguage\":\"es\",\"potentialAction\":[{\"@type\":\"ReadAction\",\"target\":[\"https:\\\/\\\/canonm5.com\\\/index.php\\\/producto\\\/keepout-monitor-gaming-led-21-5\\\/\"]}]},{\"@type\":\"ImageObject\",\"inLanguage\":\"es\",\"@id\":\"https:\\\/\\\/canonm5.com\\\/index.php\\\/producto\\\/keepout-monitor-gaming-led-21-5\\\/#primaryimage\",\"url\":\"https:\\\/\\\/canonm5.com\\\/wp-content\\\/uploads\\\/2022\\\/10\\\/154295_1.jpg\",\"contentUrl\":\"https:\\\/\\\/canonm5.com\\\/wp-content\\\/uploads\\\/2022\\\/10\\\/154295_1.jpg\",\"width\":600,\"height\":600},{\"@type\":\"BreadcrumbList\",\"@id\":\"https:\\\/\\\/canonm5.com\\\/index.php\\\/producto\\\/keepout-monitor-gaming-led-21-5\\\/#breadcrumb\",\"itemListElement\":[{\"@type\":\"ListItem\",\"position\":1,\"name\":\"Portada\",\"item\":\"https:\\\/\\\/canonm5.com\\\/\"},{\"@type\":\"ListItem\",\"position\":2,\"name\":\"Nuestros productos\",\"item\":\"https:\\\/\\\/canonm5.com\\\/index.php\\\/productos\\\/\"},{\"@type\":\"ListItem\",\"position\":3,\"name\":\"KeepOut Monitor Gaming LED 21.5&#8243; Full HD 1080p 75Hz &#8211; Respuesta 4ms &#8211; Angulo de Vision 178\u00ba &#8211; Altavoces 6W &#8211; 16:9 &#8211; HDMI, VGA, Jack 3.5mm &#8211; VESA 75x75mm\"}]},{\"@type\":\"WebSite\",\"@id\":\"https:\\\/\\\/canonm5.com\\\/#website\",\"url\":\"https:\\\/\\\/canonm5.com\\\/\",\"name\":\"Canon M5 Madrid | Distribuidor oficial Canon\",\"description\":\"Renting de impresoras para empresas\",\"potentialAction\":[{\"@type\":\"SearchAction\",\"target\":{\"@type\":\"EntryPoint\",\"urlTemplate\":\"https:\\\/\\\/canonm5.com\\\/?s={search_term_string}\"},\"query-input\":{\"@type\":\"PropertyValueSpecification\",\"valueRequired\":true,\"valueName\":\"search_term_string\"}}],\"inLanguage\":\"es\"}]}<\/script>\n<!-- \/ Yoast SEO plugin. -->","yoast_head_json":{"title":"KeepOut Monitor Gaming LED 21.5\" Full HD 1080p 75Hz - Respuesta 4ms - Angulo de Vision 178\u00ba - Altavoces 6W - 16:9 - HDMI, VGA, Jack 3.5mm - VESA 75x75mm - Canon M5 Madrid | Distribuidor oficial Canon","description":"KeepOut Monitor Gaming LED 21.5\" Full HD 1080p 75Hz - Respuesta 4ms - Angulo de Vision 178\u00ba - Altavoces 6W - 16:9 - HDMI, VGA, Jack 3.5mm - VESA 75x75mm","robots":{"index":"index","follow":"follow","max-snippet":"max-snippet:-1","max-image-preview":"max-image-preview:large","max-video-preview":"max-video-preview:-1"},"canonical":"https:\/\/canonm5.com\/index.php\/producto\/keepout-monitor-gaming-led-21-5\/","og_locale":"es_ES","og_type":"article","og_title":"KeepOut Monitor Gaming LED 21.5\" Full HD 1080p 75Hz - Respuesta 4ms - Angulo de Vision 178\u00ba - Altavoces 6W - 16:9 - HDMI, VGA, Jack 3.5mm - VESA 75x75mm - Canon M5 Madrid | Distribuidor oficial Canon","og_description":"KeepOut Monitor Gaming LED 21.5\" Full HD 1080p 75Hz - Respuesta 4ms - Angulo de Vision 178\u00ba - Altavoces 6W - 16:9 - HDMI, VGA, Jack 3.5mm - VESA 75x75mm","og_url":"https:\/\/canonm5.com\/index.php\/producto\/keepout-monitor-gaming-led-21-5\/","og_site_name":"Canon M5 Madrid | Distribuidor oficial Canon","article_modified_time":"2023-05-22T11:16:13+00:00","og_image":[{"width":600,"height":600,"url":"https:\/\/canonm5.com\/wp-content\/uploads\/2022\/10\/154295_1.jpg","type":"image\/jpeg"}],"twitter_card":"summary_large_image","twitter_misc":{"Tiempo de lectura":"1 minuto"},"schema":{"@context":"https:\/\/schema.org","@graph":[{"@type":"WebPage","@id":"https:\/\/canonm5.com\/index.php\/producto\/keepout-monitor-gaming-led-21-5\/","url":"https:\/\/canonm5.com\/index.php\/producto\/keepout-monitor-gaming-led-21-5\/","name":"KeepOut Monitor Gaming LED 21.5\" Full HD 1080p 75Hz - Respuesta 4ms - Angulo de Vision 178\u00ba - Altavoces 6W - 16:9 - HDMI, VGA, Jack 3.5mm - VESA 75x75mm - Canon M5 Madrid | Distribuidor oficial Canon","isPartOf":{"@id":"https:\/\/canonm5.com\/#website"},"primaryImageOfPage":{"@id":"https:\/\/canonm5.com\/index.php\/producto\/keepout-monitor-gaming-led-21-5\/#primaryimage"},"image":{"@id":"https:\/\/canonm5.com\/index.php\/producto\/keepout-monitor-gaming-led-21-5\/#primaryimage"},"thumbnailUrl":"https:\/\/canonm5.com\/wp-content\/uploads\/2022\/10\/154295_1.jpg","datePublished":"2022-10-18T11:42:03+00:00","dateModified":"2023-05-22T11:16:13+00:00","description":"KeepOut Monitor Gaming LED 21.5\" Full HD 1080p 75Hz - Respuesta 4ms - Angulo de Vision 178\u00ba - Altavoces 6W - 16:9 - HDMI, VGA, Jack 3.5mm - VESA 75x75mm","breadcrumb":{"@id":"https:\/\/canonm5.com\/index.php\/producto\/keepout-monitor-gaming-led-21-5\/#breadcrumb"},"inLanguage":"es","potentialAction":[{"@type":"ReadAction","target":["https:\/\/canonm5.com\/index.php\/producto\/keepout-monitor-gaming-led-21-5\/"]}]},{"@type":"ImageObject","inLanguage":"es","@id":"https:\/\/canonm5.com\/index.php\/producto\/keepout-monitor-gaming-led-21-5\/#primaryimage","url":"https:\/\/canonm5.com\/wp-content\/uploads\/2022\/10\/154295_1.jpg","contentUrl":"https:\/\/canonm5.com\/wp-content\/uploads\/2022\/10\/154295_1.jpg","width":600,"height":600},{"@type":"BreadcrumbList","@id":"https:\/\/canonm5.com\/index.php\/producto\/keepout-monitor-gaming-led-21-5\/#breadcrumb","itemListElement":[{"@type":"ListItem","position":1,"name":"Portada","item":"https:\/\/canonm5.com\/"},{"@type":"ListItem","position":2,"name":"Nuestros productos","item":"https:\/\/canonm5.com\/index.php\/productos\/"},{"@type":"ListItem","position":3,"name":"KeepOut Monitor Gaming LED 21.5&#8243; Full HD 1080p 75Hz &#8211; Respuesta 4ms &#8211; Angulo de Vision 178\u00ba &#8211; Altavoces 6W &#8211; 16:9 &#8211; HDMI, VGA, Jack 3.5mm &#8211; VESA 75x75mm"}]},{"@type":"WebSite","@id":"https:\/\/canonm5.com\/#website","url":"https:\/\/canonm5.com\/","name":"Canon M5 Madrid | Distribuidor oficial Canon","description":"Renting de impresoras para empresas","potentialAction":[{"@type":"SearchAction","target":{"@type":"EntryPoint","urlTemplate":"https:\/\/canonm5.com\/?s={search_term_string}"},"query-input":{"@type":"PropertyValueSpecification","valueRequired":true,"valueName":"search_term_string"}}],"inLanguage":"es"}]}},"_links":{"self":[{"href":"https:\/\/canonm5.com\/index.php\/wp-json\/wp\/v2\/product\/3342","targetHints":{"allow":["GET"]}}],"collection":[{"href":"https:\/\/canonm5.com\/index.php\/wp-json\/wp\/v2\/product"}],"about":[{"href":"https:\/\/canonm5.com\/index.php\/wp-json\/wp\/v2\/types\/product"}],"wp:featuredmedia":[{"embeddable":true,"href":"https:\/\/canonm5.com\/index.php\/wp-json\/wp\/v2\/media\/3343"}],"wp:attachment":[{"href":"https:\/\/canonm5.com\/index.php\/wp-json\/wp\/v2\/media?parent=3342"}],"wp:term":[{"taxonomy":"product_cat","embeddable":true,"href":"https:\/\/canonm5.com\/index.php\/wp-json\/wp\/v2\/product_cat?post=3342"},{"taxonomy":"product_tag","embeddable":true,"href":"https:\/\/canonm5.com\/index.php\/wp-json\/wp\/v2\/product_tag?post=3342"}],"curies":[{"name":"wp","href":"https:\/\/api.w.org\/{rel}","templated":true}]}}