{"id":3333,"date":"2022-10-18T11:25:35","date_gmt":"2022-10-18T11:25:35","guid":{"rendered":"https:\/\/canonm5.com\/?post_type=product&#038;p=3333"},"modified":"2023-05-22T11:10:20","modified_gmt":"2023-05-22T11:10:20","slug":"lg-monitor-led-34-ips-ultrawide-fullhd-1080p-75hz-freesync-respuesta-5ms-angulo-de-vision-178o-219-hdmi-salida-auriculares-vesa-100x100mm","status":"publish","type":"product","link":"https:\/\/canonm5.com\/index.php\/producto\/lg-monitor-led-34-ips-ultrawide-fullhd-1080p-75hz-freesync-respuesta-5ms-angulo-de-vision-178o-219-hdmi-salida-auriculares-vesa-100x100mm\/","title":{"rendered":"LG Monitor LED 34&#8243; IPS UltraWide FullHD 1080p 75Hz FreeSync &#8211; Respuesta 5ms &#8211; Angulo de Vision 178\u00ba &#8211; 21:9 &#8211; HDMI, Salida Auriculares &#8211; VESA 100x100mm"},"content":{"rendered":"<p>Eleve el equipo de su oficina en casa. La resoluci\u00f3n UltraWide \u2122 Full HD (2560 x 1080) ofrece un 33% m\u00e1s de espacio de pantalla en ancho que la pantalla con resoluci\u00f3n FHD (1920 x 1080), lo que proporciona una relaci\u00f3n de aspecto de 21: 9.<\/p>\n<p>Un camino m\u00e1s amplio hacia la productividad.<br \/>\nHaz m\u00e1s cosas. Esto no es solo m\u00e1s espacio para jugar. Es un escritorio extra ancho, lo que hace que sea m\u00e1s f\u00e1cil y r\u00e1pido que nunca realizar m\u00faltiples tareas, expandir su espacio de trabajo y cambiar entre aplicaciones intensivas, incluida la edici\u00f3n, el retoque y el dise\u00f1o.<br \/>\nImagen de visualizaci\u00f3n de hojas de datos y diapositivas una al lado de la otra en la pantalla de la pantalla 21: 9 UltraWide, mientras que la pantalla 16: 9 no lo permite por falta de espacio.<\/p>\n<p>Empezar a ver lado a lado.<br \/>\nLe permite trabajar con informes de un vistazo con hojas de datos y diapositivas una al lado de la otra sin repetir Alt-tab. HDR, que admite niveles espec\u00edficos de color y brillo, en comparaci\u00f3n con SDR con colores dram\u00e1ticos del contenido.<\/p>\n<p>HDR10<br \/>\nContraste detallado. HDR10 eleva la calidad de la imagen para una experiencia de inmersi\u00f3n visual m\u00e1s din\u00e1mica y un color mejorado del contenido HDR. HDR10 es el est\u00e1ndar HDR digital basado en la gama de colores sRGB al 99%. Una verdadera diferencia de color y brillo.<\/p>\n<p>Movimiento fluido y r\u00e1pido.<br \/>\nCon la tecnolog\u00eda AMD FreeSync \u2122, los jugadores pueden experimentar un movimiento fluido y sin interrupciones en juegos de alta resoluci\u00f3n y de ritmo r\u00e1pido. Pr\u00e1cticamente reduce el desgarro y el tartamudeo de la pantalla.<\/p>\n<p>Especificaciones:<\/p>\n<p>Pantalla:<\/p>\n<p>-Diagonal de la pantalla: 86,4 cm (34&#8243;)<br \/>\n-Brillo de la pantalla (t\u00edpico): 250 cd \/ m\u00b2<br \/>\n-Resoluci\u00f3n de la pantalla: 2560 x 1080 Pixeles<br \/>\n-Relaci\u00f3n de aspecto nativa: 21:9<br \/>\n-Tiempo de respuesta: 5 ms<br \/>\n-Tipo HD: UltraWide Full HD<br \/>\n-Tecnolog\u00eda de visualizaci\u00f3n: LED<br \/>\n-Pantalla antirreflectante: Si<br \/>\n-Forma de la pantalla: Plana<br \/>\n-Formatos gr\u00e1ficos soportados: 2560 x 1080<br \/>\n-Relaci\u00f3n de aspecto: 21:9<br \/>\n-Raz\u00f3n de contraste (t\u00edpica): 1000:1<br \/>\n-M\u00e1xima velocidad de actualizaci\u00f3n: 75 Hz<br \/>\n-\u00c1ngulo de visi\u00f3n, horizontal: 178\u00b0<br \/>\n-\u00c1ngulo de visi\u00f3n, vertical: 178\u00b0<br \/>\n-N\u00famero de colores de la pantalla: 16,7 millones de colores<br \/>\n-Tipo de pantalla: IPS<br \/>\n-Tama\u00f1o de pixel: 0,312 x 0,31 mm<br \/>\n-Diagonal de pantalla: 86,7 cm<br \/>\n-Espacio de color RGB: sRGB<br \/>\n-Cobertura sRGB (t\u00edpica): 95%<\/p>\n<p>Desempe\u00f1o:<\/p>\n<p>-AMD FreeSync: Si<br \/>\n-Tecnolog\u00eda Flicker free (reduce el parpadeo de la pantalla): Si<\/p>\n<p>Dise\u00f1o:<\/p>\n<p>-Color del producto: Negro<br \/>\n-Bisel frontal: Negro<br \/>\n-Color de pies: Negro<\/p>\n<p>Puertos e Interfaces:<\/p>\n<p>-Conector USB incorporado: No<br \/>\n-HDMI: Si<br \/>\n-N\u00famero de puertos HDMI: 2<br \/>\n-Salida de auriculares: Si<\/p>\n<p>Ergonom\u00eda:<\/p>\n<p>-Interfaz de panel de montaje: 100 x 100 mm<br \/>\n-Montaje VESA: Si<br \/>\n-Inclinable: Si<br \/>\n-\u00c1ngulo de inclinaci\u00f3n: 5 &#8211; 15\u00b0<\/p>\n<p>Control de energ\u00eda:<\/p>\n<p>-Clase de eficiencia energ\u00e9tica (SDR): F<br \/>\n-Clase de eficiencia energ\u00e9tica (HDR): G<br \/>\n-Consumo de energ\u00eda (SDR) por 1000 horas: 29 kWh<br \/>\n-Consumo de energ\u00eda (HDR) por 1000 horas: 36 kWh<br \/>\n-Consumo energ\u00e9tico: 35 W<br \/>\n-Consumo de energ\u00eda (inactivo): 0,5 W<br \/>\n-Consumo de energ\u00eda (max): 39 W<br \/>\n-Consumo de energ\u00eda (apagado): 0,3 W<br \/>\n-Voltaje de entrada AC: 100 &#8211; 240 V<br \/>\n-Frecuencia de entrada AC: 50\/60 Hz<br \/>\n-Escala de eficiencia energ\u00e9tica: De la A a la G<\/p>\n<p>Peso y dimensiones:<\/p>\n<p>-Ancho del dispositivo (con soporte): 816,7 mm<br \/>\n-Profundidad dispositivo (con soporte): 223,3 mm<br \/>\n-Altura del dispositivo (con soporte): 483,8 mm<br \/>\n-Peso (con soporte): 5,92 kg<br \/>\n-Ancho (sin base): 81,7 cm<br \/>\n-Profundidad (sin base): 6,53 cm<br \/>\n-Altura (sin base): 46,5 cm<br \/>\n-Peso (sin base): 4,94 kg<\/p>\n<p><em>E.O. Madrid Cinco S.L., no se responsabiliza de posibles errores tipogr\u00e1ficos y de precio. Las fotograf\u00edas de los productos pueden sufrir cambios<\/em><\/p>\n","protected":false},"excerpt":{"rendered":"<p>Pantalla:<\/p>\n<p>-Diagonal de la pantalla: 86,4 cm (34&#8243;)<br \/>\n-Brillo de la pantalla (t\u00edpico): 250 cd \/ m\u00b2<br \/>\n-Resoluci\u00f3n de la pantalla: 2560 x 1080 Pixeles<br \/>\n-Relaci\u00f3n de aspecto nativa: 21:9<br \/>\n-Tiempo de respuesta: 5 ms<br \/>\n-Tipo HD: UltraWide Full HD<br \/>\n-Tecnolog\u00eda de visualizaci\u00f3n: LED<br \/>\n-Pantalla antirreflectante: Si<br \/>\n-Forma de la pantalla: Plana<br \/>\n-Formatos gr\u00e1ficos soportados: 2560 x 1080<br \/>\n-Relaci\u00f3n de aspecto: 21:9<br \/>\n-Raz\u00f3n de contraste (t\u00edpica): 1000:1<br \/>\n-M\u00e1xima velocidad de actualizaci\u00f3n: 75 Hz<br \/>\n-\u00c1ngulo de visi\u00f3n, horizontal: 178\u00b0<br \/>\n-\u00c1ngulo de visi\u00f3n, vertical: 178\u00b0<br \/>\n-N\u00famero de colores de la pantalla: 16,7 millones de colores<br \/>\n-Tipo de pantalla: IPS<br \/>\n-Tama\u00f1o de pixel: 0,312 x 0,31 mm<br \/>\n-Diagonal de pantalla: 86,7 cm<br \/>\n-Espacio de color RGB: sRGB<br \/>\n-Cobertura sRGB (t\u00edpica): 95%<\/p>\n","protected":false},"featured_media":3334,"template":"","meta":{"_et_pb_use_builder":"","_et_pb_old_content":"","_et_gb_content_width":"","_joinchat":[]},"product_cat":[801,981],"product_tag":[1117,1118,1052,1116],"class_list":{"0":"post-3333","1":"product","2":"type-product","3":"status-publish","4":"has-post-thumbnail","6":"product_cat-informatica","7":"product_cat-monitores","8":"product_tag-fullhd","9":"product_tag-lg","10":"product_tag-monitor","11":"product_tag-ultrawide","13":"first","14":"instock","15":"taxable","16":"shipping-taxable","17":"purchasable","18":"product-type-simple"},"yoast_head":"<!-- This site is optimized with the Yoast SEO plugin v27.4 - https:\/\/yoast.com\/product\/yoast-seo-wordpress\/ -->\n<title>LG Monitor LED 34&quot; IPS UltraWide FullHD 1080p 75Hz FreeSync - Respuesta 5ms - Angulo de Vision 178\u00ba - 21:9 - HDMI, Salida Auriculares - VESA 100x100mm - Canon M5 Madrid | Distribuidor oficial Canon<\/title>\n<meta name=\"description\" content=\"LG Monitor LED 34&quot; IPS UltraWide FullHD 1080p 75Hz FreeSync - Respuesta 5ms - Angulo de Vision 178\u00ba - 21:9 - HDMI, Salida Auriculares - VESA 100x100mm\" \/>\n<meta name=\"robots\" content=\"index, follow, max-snippet:-1, max-image-preview:large, max-video-preview:-1\" \/>\n<link rel=\"canonical\" href=\"https:\/\/canonm5.com\/index.php\/producto\/lg-monitor-led-34-ips-ultrawide-fullhd-1080p-75hz-freesync-respuesta-5ms-angulo-de-vision-178o-219-hdmi-salida-auriculares-vesa-100x100mm\/\" \/>\n<meta property=\"og:locale\" content=\"es_ES\" \/>\n<meta property=\"og:type\" content=\"article\" \/>\n<meta property=\"og:title\" content=\"LG Monitor LED 34&quot; IPS UltraWide FullHD 1080p 75Hz FreeSync - Respuesta 5ms - Angulo de Vision 178\u00ba - 21:9 - HDMI, Salida Auriculares - VESA 100x100mm - Canon M5 Madrid | Distribuidor oficial Canon\" \/>\n<meta property=\"og:description\" content=\"LG Monitor LED 34&quot; IPS UltraWide FullHD 1080p 75Hz FreeSync - Respuesta 5ms - Angulo de Vision 178\u00ba - 21:9 - HDMI, Salida Auriculares - VESA 100x100mm\" \/>\n<meta property=\"og:url\" content=\"https:\/\/canonm5.com\/index.php\/producto\/lg-monitor-led-34-ips-ultrawide-fullhd-1080p-75hz-freesync-respuesta-5ms-angulo-de-vision-178o-219-hdmi-salida-auriculares-vesa-100x100mm\/\" \/>\n<meta property=\"og:site_name\" content=\"Canon M5 Madrid | Distribuidor oficial Canon\" \/>\n<meta property=\"article:modified_time\" content=\"2023-05-22T11:10:20+00:00\" \/>\n<meta property=\"og:image\" content=\"https:\/\/canonm5.com\/wp-content\/uploads\/2022\/10\/165420_1.jpg\" \/>\n\t<meta property=\"og:image:width\" content=\"1027\" \/>\n\t<meta property=\"og:image:height\" content=\"726\" \/>\n\t<meta property=\"og:image:type\" content=\"image\/jpeg\" \/>\n<meta name=\"twitter:card\" content=\"summary_large_image\" \/>\n<meta name=\"twitter:label1\" content=\"Tiempo de lectura\" \/>\n\t<meta name=\"twitter:data1\" content=\"3 minutos\" \/>\n<script type=\"application\/ld+json\" class=\"yoast-schema-graph\">{\"@context\":\"https:\\\/\\\/schema.org\",\"@graph\":[{\"@type\":\"WebPage\",\"@id\":\"https:\\\/\\\/canonm5.com\\\/index.php\\\/producto\\\/lg-monitor-led-34-ips-ultrawide-fullhd-1080p-75hz-freesync-respuesta-5ms-angulo-de-vision-178o-219-hdmi-salida-auriculares-vesa-100x100mm\\\/\",\"url\":\"https:\\\/\\\/canonm5.com\\\/index.php\\\/producto\\\/lg-monitor-led-34-ips-ultrawide-fullhd-1080p-75hz-freesync-respuesta-5ms-angulo-de-vision-178o-219-hdmi-salida-auriculares-vesa-100x100mm\\\/\",\"name\":\"LG Monitor LED 34\\\" IPS UltraWide FullHD 1080p 75Hz FreeSync - Respuesta 5ms - Angulo de Vision 178\u00ba - 21:9 - HDMI, Salida Auriculares - VESA 100x100mm - Canon M5 Madrid | Distribuidor oficial Canon\",\"isPartOf\":{\"@id\":\"https:\\\/\\\/canonm5.com\\\/#website\"},\"primaryImageOfPage\":{\"@id\":\"https:\\\/\\\/canonm5.com\\\/index.php\\\/producto\\\/lg-monitor-led-34-ips-ultrawide-fullhd-1080p-75hz-freesync-respuesta-5ms-angulo-de-vision-178o-219-hdmi-salida-auriculares-vesa-100x100mm\\\/#primaryimage\"},\"image\":{\"@id\":\"https:\\\/\\\/canonm5.com\\\/index.php\\\/producto\\\/lg-monitor-led-34-ips-ultrawide-fullhd-1080p-75hz-freesync-respuesta-5ms-angulo-de-vision-178o-219-hdmi-salida-auriculares-vesa-100x100mm\\\/#primaryimage\"},\"thumbnailUrl\":\"https:\\\/\\\/canonm5.com\\\/wp-content\\\/uploads\\\/2022\\\/10\\\/165420_1.jpg\",\"datePublished\":\"2022-10-18T11:25:35+00:00\",\"dateModified\":\"2023-05-22T11:10:20+00:00\",\"description\":\"LG Monitor LED 34\\\" IPS UltraWide FullHD 1080p 75Hz FreeSync - Respuesta 5ms - Angulo de Vision 178\u00ba - 21:9 - HDMI, Salida Auriculares - VESA 100x100mm\",\"breadcrumb\":{\"@id\":\"https:\\\/\\\/canonm5.com\\\/index.php\\\/producto\\\/lg-monitor-led-34-ips-ultrawide-fullhd-1080p-75hz-freesync-respuesta-5ms-angulo-de-vision-178o-219-hdmi-salida-auriculares-vesa-100x100mm\\\/#breadcrumb\"},\"inLanguage\":\"es\",\"potentialAction\":[{\"@type\":\"ReadAction\",\"target\":[\"https:\\\/\\\/canonm5.com\\\/index.php\\\/producto\\\/lg-monitor-led-34-ips-ultrawide-fullhd-1080p-75hz-freesync-respuesta-5ms-angulo-de-vision-178o-219-hdmi-salida-auriculares-vesa-100x100mm\\\/\"]}]},{\"@type\":\"ImageObject\",\"inLanguage\":\"es\",\"@id\":\"https:\\\/\\\/canonm5.com\\\/index.php\\\/producto\\\/lg-monitor-led-34-ips-ultrawide-fullhd-1080p-75hz-freesync-respuesta-5ms-angulo-de-vision-178o-219-hdmi-salida-auriculares-vesa-100x100mm\\\/#primaryimage\",\"url\":\"https:\\\/\\\/canonm5.com\\\/wp-content\\\/uploads\\\/2022\\\/10\\\/165420_1.jpg\",\"contentUrl\":\"https:\\\/\\\/canonm5.com\\\/wp-content\\\/uploads\\\/2022\\\/10\\\/165420_1.jpg\",\"width\":1027,\"height\":726},{\"@type\":\"BreadcrumbList\",\"@id\":\"https:\\\/\\\/canonm5.com\\\/index.php\\\/producto\\\/lg-monitor-led-34-ips-ultrawide-fullhd-1080p-75hz-freesync-respuesta-5ms-angulo-de-vision-178o-219-hdmi-salida-auriculares-vesa-100x100mm\\\/#breadcrumb\",\"itemListElement\":[{\"@type\":\"ListItem\",\"position\":1,\"name\":\"Portada\",\"item\":\"https:\\\/\\\/canonm5.com\\\/\"},{\"@type\":\"ListItem\",\"position\":2,\"name\":\"Nuestros productos\",\"item\":\"https:\\\/\\\/canonm5.com\\\/index.php\\\/productos\\\/\"},{\"@type\":\"ListItem\",\"position\":3,\"name\":\"LG Monitor LED 34&#8243; IPS UltraWide FullHD 1080p 75Hz FreeSync &#8211; Respuesta 5ms &#8211; Angulo de Vision 178\u00ba &#8211; 21:9 &#8211; HDMI, Salida Auriculares &#8211; VESA 100x100mm\"}]},{\"@type\":\"WebSite\",\"@id\":\"https:\\\/\\\/canonm5.com\\\/#website\",\"url\":\"https:\\\/\\\/canonm5.com\\\/\",\"name\":\"Canon M5 Madrid | Distribuidor oficial Canon\",\"description\":\"Renting de impresoras para empresas\",\"potentialAction\":[{\"@type\":\"SearchAction\",\"target\":{\"@type\":\"EntryPoint\",\"urlTemplate\":\"https:\\\/\\\/canonm5.com\\\/?s={search_term_string}\"},\"query-input\":{\"@type\":\"PropertyValueSpecification\",\"valueRequired\":true,\"valueName\":\"search_term_string\"}}],\"inLanguage\":\"es\"}]}<\/script>\n<!-- \/ Yoast SEO plugin. -->","yoast_head_json":{"title":"LG Monitor LED 34\" IPS UltraWide FullHD 1080p 75Hz FreeSync - Respuesta 5ms - Angulo de Vision 178\u00ba - 21:9 - HDMI, Salida Auriculares - VESA 100x100mm - Canon M5 Madrid | Distribuidor oficial Canon","description":"LG Monitor LED 34\" IPS UltraWide FullHD 1080p 75Hz FreeSync - Respuesta 5ms - Angulo de Vision 178\u00ba - 21:9 - HDMI, Salida Auriculares - VESA 100x100mm","robots":{"index":"index","follow":"follow","max-snippet":"max-snippet:-1","max-image-preview":"max-image-preview:large","max-video-preview":"max-video-preview:-1"},"canonical":"https:\/\/canonm5.com\/index.php\/producto\/lg-monitor-led-34-ips-ultrawide-fullhd-1080p-75hz-freesync-respuesta-5ms-angulo-de-vision-178o-219-hdmi-salida-auriculares-vesa-100x100mm\/","og_locale":"es_ES","og_type":"article","og_title":"LG Monitor LED 34\" IPS UltraWide FullHD 1080p 75Hz FreeSync - Respuesta 5ms - Angulo de Vision 178\u00ba - 21:9 - HDMI, Salida Auriculares - VESA 100x100mm - Canon M5 Madrid | Distribuidor oficial Canon","og_description":"LG Monitor LED 34\" IPS UltraWide FullHD 1080p 75Hz FreeSync - Respuesta 5ms - Angulo de Vision 178\u00ba - 21:9 - HDMI, Salida Auriculares - VESA 100x100mm","og_url":"https:\/\/canonm5.com\/index.php\/producto\/lg-monitor-led-34-ips-ultrawide-fullhd-1080p-75hz-freesync-respuesta-5ms-angulo-de-vision-178o-219-hdmi-salida-auriculares-vesa-100x100mm\/","og_site_name":"Canon M5 Madrid | Distribuidor oficial Canon","article_modified_time":"2023-05-22T11:10:20+00:00","og_image":[{"width":1027,"height":726,"url":"https:\/\/canonm5.com\/wp-content\/uploads\/2022\/10\/165420_1.jpg","type":"image\/jpeg"}],"twitter_card":"summary_large_image","twitter_misc":{"Tiempo de lectura":"3 minutos"},"schema":{"@context":"https:\/\/schema.org","@graph":[{"@type":"WebPage","@id":"https:\/\/canonm5.com\/index.php\/producto\/lg-monitor-led-34-ips-ultrawide-fullhd-1080p-75hz-freesync-respuesta-5ms-angulo-de-vision-178o-219-hdmi-salida-auriculares-vesa-100x100mm\/","url":"https:\/\/canonm5.com\/index.php\/producto\/lg-monitor-led-34-ips-ultrawide-fullhd-1080p-75hz-freesync-respuesta-5ms-angulo-de-vision-178o-219-hdmi-salida-auriculares-vesa-100x100mm\/","name":"LG Monitor LED 34\" IPS UltraWide FullHD 1080p 75Hz FreeSync - Respuesta 5ms - Angulo de Vision 178\u00ba - 21:9 - HDMI, Salida Auriculares - VESA 100x100mm - Canon M5 Madrid | Distribuidor oficial Canon","isPartOf":{"@id":"https:\/\/canonm5.com\/#website"},"primaryImageOfPage":{"@id":"https:\/\/canonm5.com\/index.php\/producto\/lg-monitor-led-34-ips-ultrawide-fullhd-1080p-75hz-freesync-respuesta-5ms-angulo-de-vision-178o-219-hdmi-salida-auriculares-vesa-100x100mm\/#primaryimage"},"image":{"@id":"https:\/\/canonm5.com\/index.php\/producto\/lg-monitor-led-34-ips-ultrawide-fullhd-1080p-75hz-freesync-respuesta-5ms-angulo-de-vision-178o-219-hdmi-salida-auriculares-vesa-100x100mm\/#primaryimage"},"thumbnailUrl":"https:\/\/canonm5.com\/wp-content\/uploads\/2022\/10\/165420_1.jpg","datePublished":"2022-10-18T11:25:35+00:00","dateModified":"2023-05-22T11:10:20+00:00","description":"LG Monitor LED 34\" IPS UltraWide FullHD 1080p 75Hz FreeSync - Respuesta 5ms - Angulo de Vision 178\u00ba - 21:9 - HDMI, Salida Auriculares - VESA 100x100mm","breadcrumb":{"@id":"https:\/\/canonm5.com\/index.php\/producto\/lg-monitor-led-34-ips-ultrawide-fullhd-1080p-75hz-freesync-respuesta-5ms-angulo-de-vision-178o-219-hdmi-salida-auriculares-vesa-100x100mm\/#breadcrumb"},"inLanguage":"es","potentialAction":[{"@type":"ReadAction","target":["https:\/\/canonm5.com\/index.php\/producto\/lg-monitor-led-34-ips-ultrawide-fullhd-1080p-75hz-freesync-respuesta-5ms-angulo-de-vision-178o-219-hdmi-salida-auriculares-vesa-100x100mm\/"]}]},{"@type":"ImageObject","inLanguage":"es","@id":"https:\/\/canonm5.com\/index.php\/producto\/lg-monitor-led-34-ips-ultrawide-fullhd-1080p-75hz-freesync-respuesta-5ms-angulo-de-vision-178o-219-hdmi-salida-auriculares-vesa-100x100mm\/#primaryimage","url":"https:\/\/canonm5.com\/wp-content\/uploads\/2022\/10\/165420_1.jpg","contentUrl":"https:\/\/canonm5.com\/wp-content\/uploads\/2022\/10\/165420_1.jpg","width":1027,"height":726},{"@type":"BreadcrumbList","@id":"https:\/\/canonm5.com\/index.php\/producto\/lg-monitor-led-34-ips-ultrawide-fullhd-1080p-75hz-freesync-respuesta-5ms-angulo-de-vision-178o-219-hdmi-salida-auriculares-vesa-100x100mm\/#breadcrumb","itemListElement":[{"@type":"ListItem","position":1,"name":"Portada","item":"https:\/\/canonm5.com\/"},{"@type":"ListItem","position":2,"name":"Nuestros productos","item":"https:\/\/canonm5.com\/index.php\/productos\/"},{"@type":"ListItem","position":3,"name":"LG Monitor LED 34&#8243; IPS UltraWide FullHD 1080p 75Hz FreeSync &#8211; Respuesta 5ms &#8211; Angulo de Vision 178\u00ba &#8211; 21:9 &#8211; HDMI, Salida Auriculares &#8211; VESA 100x100mm"}]},{"@type":"WebSite","@id":"https:\/\/canonm5.com\/#website","url":"https:\/\/canonm5.com\/","name":"Canon M5 Madrid | Distribuidor oficial Canon","description":"Renting de impresoras para empresas","potentialAction":[{"@type":"SearchAction","target":{"@type":"EntryPoint","urlTemplate":"https:\/\/canonm5.com\/?s={search_term_string}"},"query-input":{"@type":"PropertyValueSpecification","valueRequired":true,"valueName":"search_term_string"}}],"inLanguage":"es"}]}},"_links":{"self":[{"href":"https:\/\/canonm5.com\/index.php\/wp-json\/wp\/v2\/product\/3333","targetHints":{"allow":["GET"]}}],"collection":[{"href":"https:\/\/canonm5.com\/index.php\/wp-json\/wp\/v2\/product"}],"about":[{"href":"https:\/\/canonm5.com\/index.php\/wp-json\/wp\/v2\/types\/product"}],"wp:featuredmedia":[{"embeddable":true,"href":"https:\/\/canonm5.com\/index.php\/wp-json\/wp\/v2\/media\/3334"}],"wp:attachment":[{"href":"https:\/\/canonm5.com\/index.php\/wp-json\/wp\/v2\/media?parent=3333"}],"wp:term":[{"taxonomy":"product_cat","embeddable":true,"href":"https:\/\/canonm5.com\/index.php\/wp-json\/wp\/v2\/product_cat?post=3333"},{"taxonomy":"product_tag","embeddable":true,"href":"https:\/\/canonm5.com\/index.php\/wp-json\/wp\/v2\/product_tag?post=3333"}],"curies":[{"name":"wp","href":"https:\/\/api.w.org\/{rel}","templated":true}]}}