{"id":5014,"date":"2022-12-17T16:14:38","date_gmt":"2022-12-17T16:14:38","guid":{"rendered":"https:\/\/canonm5.com\/?page_id=5014"},"modified":"2022-12-28T16:20:36","modified_gmt":"2022-12-28T16:20:36","slug":"condiciones-generales","status":"publish","type":"page","link":"https:\/\/canonm5.com\/index.php\/condiciones-generales\/","title":{"rendered":"Condiciones generales"},"content":{"rendered":"<p>[et_pb_section fb_built=\u00bb1&#8243; _builder_version=\u00bb4.17.3&#8243; _module_preset=\u00bbdefault\u00bb global_colors_info=\u00bb{}\u00bb][et_pb_row _builder_version=\u00bb4.17.3&#8243; _module_preset=\u00bbdefault\u00bb global_colors_info=\u00bb{}\u00bb][et_pb_column type=\u00bb4_4&#8243; _builder_version=\u00bb4.17.3&#8243; _module_preset=\u00bbdefault\u00bb global_colors_info=\u00bb{}\u00bb][et_pb_text _builder_version=\u00bb4.17.3&#8243; _module_preset=\u00bbdefault\u00bb text_font=\u00bbPoppins|500|||||||\u00bb text_text_color=\u00bb#000000&#8243; text_font_size=\u00bb34px\u00bb global_colors_info=\u00bb{}\u00bb]<\/p>\n<p style=\"text-align: center;\">Condiciones Generales de venta<\/p>\n<p>[\/et_pb_text][et_pb_text _builder_version=\u00bb4.17.3&#8243; _module_preset=\u00bbdefault\u00bb header_2_font=\u00bbPoppins||||||||\u00bb header_2_font_size=\u00bb14px\u00bb hover_enabled=\u00bb0&#8243; global_colors_info=\u00bb{}\u00bb sticky_enabled=\u00bb0&#8243;]<\/p>\n<p style=\"font-weight: 400;\">Las condiciones de venta se aplicar\u00e1n a operaciones de venta de EQUIPOS DE OFICINA MADRID CINCO S.L, con domicilio en la\u00a0C\/ Ronda de Segovia, 55 28005 \u2013 Madrid. CIF B28879971, Inscrita en el Registro Mercantil de Madrid, Tomo 127, folio 164, hoja61546_1. Inscripci\u00f3n 1\u00aa.<\/p>\n<p style=\"font-weight: 400;\">\n<p style=\"font-weight: 400;\"><span style=\"text-decoration: underline;\"><a href=\"https:\/\/drive.google.com\/drive\/folders\/1vvEbfYQsImudH7KOGkWIqz2Dfbp8hEf5?usp=share_link\">PARA REALIZAR UNA DEVOLUCI\u00d3N DESCARGA EL RMA AQU\u00cd<\/a><\/span><\/p>\n<p style=\"font-weight: 400;\"><strong><u>PEDIDOS Y ENTREGAS<\/u><\/strong><\/p>\n<p style=\"font-weight: 400;\"><strong>\u00a0<\/strong><\/p>\n<p style=\"font-weight: 400;\">MCINCO no est\u00e1 obligado al suministro de ning\u00fan pedido cuando considere que no se cumplen las garant\u00edas de cobro y buen fin<\/p>\n<p style=\"font-weight: 400;\">Las entrega de los productos a los clientes, se encuentran sujetas a la disponibilidad de stock de MCINCO. MCINCO podr\u00e1 realizarsuministros parciales y facturar los mismos, salvo negativa por escrito (fax o correo electr\u00f3nico) del cliente, antes de su env\u00edo.<\/p>\n<p style=\"font-weight: 400;\">Si el cliente cancela total o parcialmente pedidos confirmados MCINCO podr\u00e1 exigir el pago de la indemnizaci\u00f3n que corresponda, incluido los costes de transporte y almacenamiento.<\/p>\n<p style=\"font-weight: 400;\">La posesi\u00f3n y riesgo por p\u00e9rdida o da\u00f1os se transmite al comprador desde el momento en que se produzca la entrega por MCINCO en el lugar estipulado. Cuando la mercanc\u00eda viaje por el medio de transporte elegido por el cliente se considerar\u00e1 este momento cuando se entregue a la agencia indicada por este.<\/p>\n<p style=\"font-weight: 400;\"><strong><u>GARANTIAS<\/u><\/strong><\/p>\n<p style=\"font-weight: 400;\"><strong>\u00a0<\/strong><\/p>\n<p style=\"font-weight: 400;\">MCINCO como mera intermediaria de mercanc\u00eda de los fabricantes de marca originales, sin proceso de producci\u00f3n propio en estal\u00ednea de producto, no ofrece garant\u00eda sobre los productos que comercializa.<\/p>\n<p style=\"font-weight: 400;\">Las garant\u00edas de estos productos ser\u00e1n las ofrecidas por cada fabricante.<\/p>\n<p style=\"font-weight: 400;\"><strong><u>DEVOLUCIONES<\/u><\/strong><strong>.<\/strong><\/p>\n<p style=\"font-weight: 400;\"><strong>\u00a0<\/strong><\/p>\n<p style=\"font-weight: 400;\">Las devoluciones de mercanc\u00eda siempre deber\u00e1n ser autorizadas por MCINCO. El cliente deber\u00e1 respetar las condiciones de servicio yreclamaci\u00f3n de MCINCO.<\/p>\n<p style=\"font-weight: 400;\">En caso de devoluci\u00f3n, <strong>el material debe recibirse sin deterioro y sin marcas o etiquetas adhesivas. <\/strong>Introduciendo la mercanc\u00edaen otro envase adicional que <strong>preserve la presentaci\u00f3n original del producto<\/strong>. <strong>No se aceptar\u00e1n devoluciones trascurridos 20 d\u00edasdesde la compra<\/strong>.<\/p>\n<p style=\"font-weight: 400;\">Para cualquier devoluci\u00f3n de material bien defectuoso o de cualquier otro tipo ser\u00e1 necesario tener realizado el RMA, documentode aceptaci\u00f3n de devoluci\u00f3n.<\/p>\n<p style=\"font-weight: 400;\">Para la devoluci\u00f3n de material en mal estado ser\u00e1 <strong>imprescindible <\/strong>adjuntar una hoja con la copia del error o fallo que produce el producto y<\/p>\n<p style=\"font-weight: 400;\"><strong>todos los embalajes originales<\/strong>, de no adjuntar dicha informaci\u00f3n no ser\u00e1 aceptada la devoluci\u00f3n.<\/p>\n<p style=\"font-weight: 400;\">Los art\u00edculos deber\u00e1n ser <strong>enviados a portes pagados por el cliente <\/strong>por la agencia de su conveniencia o le aplicaremos un cargo d<strong>e 7\u20ac +<\/strong><\/p>\n<h2>I.V.A. en concepto de transporte y es esencial en cualquier caso que venga dentro de una caja bien cerrada y con el documentoaceptado por MCINCO<\/h2>\n<p style=\"font-weight: 400;\"><strong>\u00a0<\/strong><\/p>\n<p style=\"font-weight: 400;\"><strong>De no cumplirse las normas de devoluci\u00f3n MCINCO se reserva el derecho de no abonar la mercanc\u00eda que no est\u00e9 sujeta a estas normas. No se aceptar\u00e1 ninguna devoluci\u00f3n de mercanc\u00eda procedente por error de pedidos transcurridos 24 horas desu recepci\u00f3n. <\/strong><\/p>\n<p style=\"font-weight: 400;\"><strong>Gastos de gesti\u00f3n de RMA 7\u20ac + I.V.A.<\/strong><\/p>\n<h2>No se aceptar\u00e1n devoluciones de mercanc\u00eda transcurridos 20 d\u00edas. No se aceptar\u00e1n devoluciones de mercanc\u00edaconsiderada de baja rotaci\u00f3n<\/h2>\n<p>[\/et_pb_text][\/et_pb_column][\/et_pb_row][\/et_pb_section]<\/p>\n","protected":false},"excerpt":{"rendered":"<p>Condiciones Generales de ventaLas condiciones de venta se aplicar\u00e1n a operaciones de venta de EQUIPOS DE OFICINA MADRID CINCO S.L, con domicilio en la\u00a0C\/ Ronda de Segovia, 55 28005 \u2013 Madrid. CIF B28879971, Inscrita en el Registro Mercantil de Madrid, Tomo 127, folio 164, hoja61546_1. Inscripci\u00f3n 1\u00aa. PARA REALIZAR UNA DEVOLUCI\u00d3N DESCARGA EL RMA AQU\u00cd [&hellip;]<\/p>\n","protected":false},"author":1,"featured_media":0,"parent":0,"menu_order":0,"comment_status":"closed","ping_status":"closed","template":"","meta":{"_et_pb_use_builder":"on","_et_pb_old_content":"","_et_gb_content_width":"","_joinchat":[],"footnotes":""},"class_list":["post-5014","page","type-page","status-publish","hentry"],"yoast_head":"<!-- This site is optimized with the Yoast SEO plugin v27.5 - https:\/\/yoast.com\/product\/yoast-seo-wordpress\/ -->\n<title>Condiciones generales - Canon M5 Madrid | Distribuidor oficial Canon<\/title>\n<meta name=\"robots\" content=\"index, follow, max-snippet:-1, max-image-preview:large, max-video-preview:-1\" \/>\n<link rel=\"canonical\" href=\"https:\/\/canonm5.com\/index.php\/condiciones-generales\/\" \/>\n<meta property=\"og:locale\" content=\"es_ES\" \/>\n<meta property=\"og:type\" content=\"article\" \/>\n<meta property=\"og:title\" content=\"Condiciones generales - Canon M5 Madrid | Distribuidor oficial Canon\" \/>\n<meta property=\"og:description\" content=\"Condiciones Generales de ventaLas condiciones de venta se aplicar\u00e1n a operaciones de venta de EQUIPOS DE OFICINA MADRID CINCO S.L, con domicilio en la\u00a0C\/ Ronda de Segovia, 55 28005 \u2013 Madrid. CIF B28879971, Inscrita en el Registro Mercantil de Madrid, Tomo 127, folio 164, hoja61546_1. Inscripci\u00f3n 1\u00aa. PARA REALIZAR UNA DEVOLUCI\u00d3N DESCARGA EL RMA AQU\u00cd [&hellip;]\" \/>\n<meta property=\"og:url\" content=\"https:\/\/canonm5.com\/index.php\/condiciones-generales\/\" \/>\n<meta property=\"og:site_name\" content=\"Canon M5 Madrid | Distribuidor oficial Canon\" \/>\n<meta property=\"article:modified_time\" content=\"2022-12-28T16:20:36+00:00\" \/>\n<meta name=\"twitter:card\" content=\"summary_large_image\" \/>\n<script type=\"application\/ld+json\" class=\"yoast-schema-graph\">{\"@context\":\"https:\\\/\\\/schema.org\",\"@graph\":[{\"@type\":\"WebPage\",\"@id\":\"https:\\\/\\\/canonm5.com\\\/index.php\\\/condiciones-generales\\\/\",\"url\":\"https:\\\/\\\/canonm5.com\\\/index.php\\\/condiciones-generales\\\/\",\"name\":\"Condiciones generales - Canon M5 Madrid | Distribuidor oficial Canon\",\"isPartOf\":{\"@id\":\"https:\\\/\\\/canonm5.com\\\/#website\"},\"datePublished\":\"2022-12-17T16:14:38+00:00\",\"dateModified\":\"2022-12-28T16:20:36+00:00\",\"breadcrumb\":{\"@id\":\"https:\\\/\\\/canonm5.com\\\/index.php\\\/condiciones-generales\\\/#breadcrumb\"},\"inLanguage\":\"es\",\"potentialAction\":[{\"@type\":\"ReadAction\",\"target\":[\"https:\\\/\\\/canonm5.com\\\/index.php\\\/condiciones-generales\\\/\"]}]},{\"@type\":\"BreadcrumbList\",\"@id\":\"https:\\\/\\\/canonm5.com\\\/index.php\\\/condiciones-generales\\\/#breadcrumb\",\"itemListElement\":[{\"@type\":\"ListItem\",\"position\":1,\"name\":\"Portada\",\"item\":\"https:\\\/\\\/canonm5.com\\\/\"},{\"@type\":\"ListItem\",\"position\":2,\"name\":\"Condiciones generales\"}]},{\"@type\":\"WebSite\",\"@id\":\"https:\\\/\\\/canonm5.com\\\/#website\",\"url\":\"https:\\\/\\\/canonm5.com\\\/\",\"name\":\"Canon M5 Madrid | Distribuidor oficial Canon\",\"description\":\"Renting de impresoras para empresas\",\"potentialAction\":[{\"@type\":\"SearchAction\",\"target\":{\"@type\":\"EntryPoint\",\"urlTemplate\":\"https:\\\/\\\/canonm5.com\\\/?s={search_term_string}\"},\"query-input\":{\"@type\":\"PropertyValueSpecification\",\"valueRequired\":true,\"valueName\":\"search_term_string\"}}],\"inLanguage\":\"es\"}]}<\/script>\n<!-- \/ Yoast SEO plugin. -->","yoast_head_json":{"title":"Condiciones generales - Canon M5 Madrid | Distribuidor oficial Canon","robots":{"index":"index","follow":"follow","max-snippet":"max-snippet:-1","max-image-preview":"max-image-preview:large","max-video-preview":"max-video-preview:-1"},"canonical":"https:\/\/canonm5.com\/index.php\/condiciones-generales\/","og_locale":"es_ES","og_type":"article","og_title":"Condiciones generales - Canon M5 Madrid | Distribuidor oficial Canon","og_description":"Condiciones Generales de ventaLas condiciones de venta se aplicar\u00e1n a operaciones de venta de EQUIPOS DE OFICINA MADRID CINCO S.L, con domicilio en la\u00a0C\/ Ronda de Segovia, 55 28005 \u2013 Madrid. CIF B28879971, Inscrita en el Registro Mercantil de Madrid, Tomo 127, folio 164, hoja61546_1. Inscripci\u00f3n 1\u00aa. PARA REALIZAR UNA DEVOLUCI\u00d3N DESCARGA EL RMA AQU\u00cd [&hellip;]","og_url":"https:\/\/canonm5.com\/index.php\/condiciones-generales\/","og_site_name":"Canon M5 Madrid | Distribuidor oficial Canon","article_modified_time":"2022-12-28T16:20:36+00:00","twitter_card":"summary_large_image","schema":{"@context":"https:\/\/schema.org","@graph":[{"@type":"WebPage","@id":"https:\/\/canonm5.com\/index.php\/condiciones-generales\/","url":"https:\/\/canonm5.com\/index.php\/condiciones-generales\/","name":"Condiciones generales - Canon M5 Madrid | Distribuidor oficial Canon","isPartOf":{"@id":"https:\/\/canonm5.com\/#website"},"datePublished":"2022-12-17T16:14:38+00:00","dateModified":"2022-12-28T16:20:36+00:00","breadcrumb":{"@id":"https:\/\/canonm5.com\/index.php\/condiciones-generales\/#breadcrumb"},"inLanguage":"es","potentialAction":[{"@type":"ReadAction","target":["https:\/\/canonm5.com\/index.php\/condiciones-generales\/"]}]},{"@type":"BreadcrumbList","@id":"https:\/\/canonm5.com\/index.php\/condiciones-generales\/#breadcrumb","itemListElement":[{"@type":"ListItem","position":1,"name":"Portada","item":"https:\/\/canonm5.com\/"},{"@type":"ListItem","position":2,"name":"Condiciones generales"}]},{"@type":"WebSite","@id":"https:\/\/canonm5.com\/#website","url":"https:\/\/canonm5.com\/","name":"Canon M5 Madrid | Distribuidor oficial Canon","description":"Renting de impresoras para empresas","potentialAction":[{"@type":"SearchAction","target":{"@type":"EntryPoint","urlTemplate":"https:\/\/canonm5.com\/?s={search_term_string}"},"query-input":{"@type":"PropertyValueSpecification","valueRequired":true,"valueName":"search_term_string"}}],"inLanguage":"es"}]}},"_links":{"self":[{"href":"https:\/\/canonm5.com\/index.php\/wp-json\/wp\/v2\/pages\/5014","targetHints":{"allow":["GET"]}}],"collection":[{"href":"https:\/\/canonm5.com\/index.php\/wp-json\/wp\/v2\/pages"}],"about":[{"href":"https:\/\/canonm5.com\/index.php\/wp-json\/wp\/v2\/types\/page"}],"author":[{"embeddable":true,"href":"https:\/\/canonm5.com\/index.php\/wp-json\/wp\/v2\/users\/1"}],"replies":[{"embeddable":true,"href":"https:\/\/canonm5.com\/index.php\/wp-json\/wp\/v2\/comments?post=5014"}],"version-history":[{"count":3,"href":"https:\/\/canonm5.com\/index.php\/wp-json\/wp\/v2\/pages\/5014\/revisions"}],"predecessor-version":[{"id":5254,"href":"https:\/\/canonm5.com\/index.php\/wp-json\/wp\/v2\/pages\/5014\/revisions\/5254"}],"wp:attachment":[{"href":"https:\/\/canonm5.com\/index.php\/wp-json\/wp\/v2\/media?parent=5014"}],"curies":[{"name":"wp","href":"https:\/\/api.w.org\/{rel}","templated":true}]}}