{"id":3017,"date":"2022-07-13T12:57:50","date_gmt":"2022-07-13T12:57:50","guid":{"rendered":"https:\/\/test.canonm5.com\/?page_id=3017"},"modified":"2023-06-28T10:11:01","modified_gmt":"2023-06-28T10:11:01","slug":"privacidad-2","status":"publish","type":"page","link":"https:\/\/canonm5.com\/index.php\/privacidad-2\/","title":{"rendered":"Privacidad"},"content":{"rendered":"<p>[et_pb_section fb_built=\u00bb1&#8243; _builder_version=\u00bb4.17.3&#8243; _module_preset=\u00bbdefault\u00bb global_colors_info=\u00bb{}\u00bb][et_pb_row _builder_version=\u00bb4.17.3&#8243; _module_preset=\u00bbdefault\u00bb global_colors_info=\u00bb{}\u00bb][et_pb_column type=\u00bb4_4&#8243; _builder_version=\u00bb4.17.3&#8243; _module_preset=\u00bbdefault\u00bb global_colors_info=\u00bb{}\u00bb][et_pb_text _builder_version=\u00bb4.17.3&#8243; _module_preset=\u00bbdefault\u00bb text_font=\u00bbPoppins|500|||||||\u00bb text_text_color=\u00bb#000000&#8243; text_font_size=\u00bb34px\u00bb hover_enabled=\u00bb0&#8243; global_colors_info=\u00bb{}\u00bb sticky_enabled=\u00bb0&#8243;]<\/p>\n<p style=\"text-align: center;\">Privacidad<\/p>\n<p>[\/et_pb_text][et_pb_text _builder_version=\u00bb4.17.3&#8243; _module_preset=\u00bbdefault\u00bb header_2_font=\u00bbPoppins||||||||\u00bb header_2_font_size=\u00bb14px\u00bb global_colors_info=\u00bb{}\u00bb]<\/p>\n<p style=\"font-weight: 400;\">\n<p><strong>POL\u00cdTICA DE PRIVACIDAD<\/strong><\/p>\n<p style=\"font-weight: 400;\">Siguiendo los principios de licitud, lealtad y transparencia, ponemos a su disposici\u00f3n la presente Pol\u00edtica de Privacidad.<\/p>\n<p>\u00a0\u00bfQui\u00e9n es el Responsable del tratamiento de sus datos?<\/p>\n<p>&nbsp;<\/p>\n<table width=\"1078\" height=\"206\">\n<tbody>\n<tr>\n<td style=\"width: 213.875px;\">\n<p><strong>RESPONSABLE<\/strong><\/p>\n<\/td>\n<td colspan=\"2\" style=\"width: 865.458px;\">\n<p><strong>Equipos de Oficina Madrid Cinco S.L.<\/strong><\/p>\n<\/td>\n<\/tr>\n<tr>\n<td style=\"width: 213.875px;\">\n<p><strong>NIF<\/strong><\/p>\n<\/td>\n<td colspan=\"2\" style=\"width: 865.458px;\">\n<p>ESB28879971<\/p>\n<\/td>\n<\/tr>\n<tr>\n<td style=\"width: 213.875px;\">\n<p><strong>DOMICILIO SOCIAL<\/strong><\/p>\n<\/td>\n<td colspan=\"2\" style=\"width: 865.458px;\">\n<p><strong>Ronda de Segovia 55 local, 28005, Madrid<\/strong><\/p>\n<\/td>\n<\/tr>\n<tr>\n<td rowspan=\"2\" style=\"width: 213.875px;\">\n<p><strong>CONTACTO<\/strong><\/p>\n<\/td>\n<td style=\"width: 364.865px;\">\n<p>Email<\/p>\n<\/td>\n<td style=\"width: 500.594px;\">\n<p>&nbsp;<\/p>\n<\/td>\n<\/tr>\n<tr>\n<td style=\"width: 364.865px;\">\n<p><a href=\"mailto:administracion@canonm5.com\">administracion@canonm5.com<\/a><\/p>\n<p>Tel\u00e9fono<\/p>\n<\/td>\n<td style=\"width: 500.594px;\">\n<p><strong>913643860<\/strong><\/p>\n<\/td>\n<\/tr>\n<\/tbody>\n<\/table>\n<p>&nbsp;<\/p>\n<p>\u00bfCon qu\u00e9 finalidad tratamos sus datos personales?<\/p>\n<p>\u00a0En<strong> Equipos de Oficina Madrid Cinco S.L.<\/strong>, dependiendo de la categor\u00eda de interesado de que se trate, tratamos la informaci\u00f3n que nos facilita con las siguientes finalidades:<\/p>\n<p>&nbsp;<\/p>\n<table>\n<tbody>\n<tr>\n<td width=\"140\">\n<p><strong>INTERESADOS<\/strong><\/p>\n<\/td>\n<td width=\"435\">\n<p><strong>FINALIDADES DEL TRATAMIENTO<\/strong><\/p>\n<\/td>\n<\/tr>\n<tr>\n<td width=\"140\">\n<p><strong>POTENCIALES CLIENTES<\/strong><\/p>\n<\/td>\n<td width=\"435\">\n<p>Gestionar la potencial relaci\u00f3n comercial y\/o profesional, gestionar el env\u00edo de informaci\u00f3n solicitada y\/o resolver las consultas planteadas, facilitar ofertas de nuestros servicios y\/o productos de su inter\u00e9s.<\/p>\n<\/td>\n<\/tr>\n<tr>\n<td width=\"140\">\n<p><strong>CLIENTES<\/strong><\/p>\n<\/td>\n<td width=\"435\">\n<p>Gestionar la relaci\u00f3n comercial y\/o profesional, facilitar ofertas de nuestros servicios y\/o productos de su inter\u00e9s.<\/p>\n<\/td>\n<\/tr>\n<tr>\n<td width=\"140\">\n<p><strong>PROVEEDORES<\/strong><\/p>\n<\/td>\n<td width=\"435\">\n<p>Gestionar la relaci\u00f3n comercial y\/o profesional.<\/p>\n<\/td>\n<\/tr>\n<tr>\n<td width=\"140\">\n<p><strong>CANDIDATOS<\/strong><\/p>\n<\/td>\n<td width=\"435\">\n<p>Gestionar el proceso de selecci\u00f3n de personal.<\/p>\n<\/td>\n<\/tr>\n<tr>\n<td width=\"140\">\n<p><strong>USUARIOS WEB<\/strong><\/p>\n<\/td>\n<td width=\"435\">\n<p>Gestionar el an\u00e1lisis de sus datos de navegaci\u00f3n.<\/p>\n<\/td>\n<\/tr>\n<\/tbody>\n<\/table>\n<p>&nbsp;<\/p>\n<p>\u00bfCu\u00e1l es la legitimaci\u00f3n para el tratamiento de sus datos?<\/p>\n<p>\u00a0La base legal para el tratamiento de sus datos personales, dependiendo de la categor\u00eda de interesado de que se trate, puede ser:<\/p>\n<p>&nbsp;<\/p>\n<table>\n<tbody>\n<tr>\n<td width=\"140\">\n<p><strong>INTERESADOS<\/strong><\/p>\n<\/td>\n<td width=\"435\">\n<p><strong>BASE LEGAL<\/strong><\/p>\n<\/td>\n<\/tr>\n<tr>\n<td rowspan=\"3\" width=\"140\">\n<p><strong>POTENCIALES CLIENTES<\/strong><\/p>\n<\/td>\n<td width=\"435\">\n<p>Art. 6.1.b RGPD: aplicaci\u00f3n, a petici\u00f3n del interesado, de medidas precontractuales (presupuestos, hojas de encargo, ofertas de servicios\u2026).<\/p>\n<\/td>\n<\/tr>\n<tr>\n<td width=\"435\">\n<p>Art. 6.1.f RGPD: Inter\u00e9s leg\u00edtimo (enviar informaci\u00f3n solicitada, responder a las consultas planteadas\u2026).<\/p>\n<\/td>\n<\/tr>\n<tr>\n<td width=\"435\">\n<p>Art. 6.1.a RGPD: consentimiento del propio interesado (facilitar ofertas de nuestros servicios y\/o productos).<\/p>\n<\/td>\n<\/tr>\n<tr>\n<td width=\"140\">\n<p><strong>CLIENTES<\/strong><\/p>\n<\/td>\n<td width=\"435\">\n<p>Art. 6.1.b RGPD: ejecuci\u00f3n de un contrato en el que el interesado es parte.<\/p>\n<\/td>\n<\/tr>\n<tr>\n<td width=\"140\">\n<p><strong>PROVEEDORES<\/strong><\/p>\n<\/td>\n<td width=\"435\">\n<p>Art. 6.1.b RGPD: ejecuci\u00f3n de un contrato en el que el interesado es parte.<\/p>\n<\/td>\n<\/tr>\n<tr>\n<td width=\"140\">\n<p><strong>CANDIDATOS<\/strong><\/p>\n<\/td>\n<td width=\"435\">\n<p>Art. 6.1.a RGPD: consentimiento del propio interesado.<\/p>\n<\/td>\n<\/tr>\n<tr>\n<td width=\"140\">\n<p><strong>USUARIOS WEB <\/strong><\/p>\n<\/td>\n<td width=\"435\">\n<p>Art. 6.1.a RGPD: consentimiento del propio interesado.<\/p>\n<p>&nbsp;<\/p>\n<\/td>\n<\/tr>\n<\/tbody>\n<\/table>\n<p>Los datos que le solicitamos son adecuados, pertinentes y estrictamente necesarios y en ning\u00fan caso est\u00e1 obligado a facilit\u00e1rnoslos, pero su no comunicaci\u00f3n podr\u00e1 afectar a la finalidad del servicio o la imposibilidad de prestarlo.<\/p>\n<p><strong>\u00a0<em>\u00bfPor cu\u00e1nto tiempo conservaremos sus datos personales?<\/em><\/strong><\/p>\n<p>\u00a0Sus datos, ser\u00e1n conservados el tiempo m\u00ednimo necesario para la correcta prestaci\u00f3n del servicio ofrecido as\u00ed como para atender las responsabilidades que se pudieran derivar del mismo y de cualquier otra exigencia legal.<\/p>\n<p>\u00a0<strong><em>\u00bfA qu\u00e9 destinatarios se comunicar\u00e1n sus datos?<\/em><\/strong><\/p>\n<p><em>\u00a0<\/em><strong style=\"font-size: 14px;\">Equipos de Oficina Madrid Cinco S.L.<\/strong><span style=\"font-size: 14px;\"> no comunicar\u00e1 sus datos a ning\u00fan tercero, salvo que se informe de ello expresamente.<\/span><\/p>\n<p>\u00a0Adicionalmente le informamos que determinados datos, en virtud de la normativa vigente o de la relaci\u00f3n contractual que mantenga con<strong> Equipos de Oficina Madrid Cinco S.L.<\/strong>, podr\u00e1n ser comunicados a:<\/p>\n<p>\u00a0<span style=\"font-size: 14px;\">Los bancos y entidades financieras para el cobro de los servicios contratados y\/o productos comprados.<\/span><\/p>\n<ul>\n<li>Administraciones p\u00fablicas con competencia en los sectores de la actividad de<strong> Equipos de Oficina Madrid Cinco S.L.<\/strong>, cuando as\u00ed lo establezca la normativa vigente.<\/li>\n<\/ul>\n<p>\u00a0<strong>\u00bfCu\u00e1les son sus derechos cuando nos facilita sus datos?<\/strong><\/p>\n<p>\u00a0Los derechos de protecci\u00f3n de datos que podr\u00e1n ejercer los interesados, cuando procedan, son:<\/p>\n<p>\u00a0<span style=\"font-size: 14px;\">Derecho a solicitar el acceso a los datos personales relativos al interesado.<\/span><\/p>\n<ul>\n<li>Derecho de rectificaci\u00f3n o supresi\u00f3n.<\/li>\n<li>Derecho de oposici\u00f3n.<\/li>\n<li>Derecho a solicitar la limitaci\u00f3n de su tratamiento.<\/li>\n<li>Derecho a la portabilidad de los datos.<\/li>\n<li>Derecho a no ser objeto de decisiones basadas \u00fanicamente en el tratamiento automatizado de datos.<\/li>\n<\/ul>\n<p>&nbsp;<\/p>\n<p>Los titulares de los datos personales obtenidos, podr\u00e1n ejercer sus derechos de protecci\u00f3n de datos personales dirigiendo una comunicaci\u00f3n por escrito al domicilio social de <strong>Equipos de Oficina Madrid Cinco S.L.<\/strong> o al correo electr\u00f3nico habilitado a tal efecto. administracion@canonm5.com<\/p>\n<p>\u00a0Modelos, formularios y m\u00e1s informaci\u00f3n disponible sobre sus derechos en la p\u00e1gina web de la autoridad de control nacional, Agencia Espa\u00f1ola de Protecci\u00f3n de Datos, en adelante, AEPD, <a href=\"http:\/\/www.aepd.es\">www.aepd.es<\/a>\u00a0<\/p>\n<p><strong>\u00bfPuedo retirar el consentimiento?<\/strong><\/p>\n<p>\u00a0Usted tiene la posibilidad y el derecho a retirar el consentimiento para cualquier finalidad espec\u00edfica otorgada en su momento, sin que ello afecte a la licitud del tratamiento basado en el consentimiento previo a su retirada.<\/p>\n<p>\u00a0<strong>\u00bfD\u00f3nde puedo reclamar en caso de que considere que no se tratan mis datos correctamente?<\/strong><\/p>\n<p>\u00a0Si alg\u00fan interesado considera que sus datos no son tratados correctamente por <strong>Equipos de Oficina Madrid Cinco S.L.<\/strong> o que las solicitudes de ejercicio de derechos no han sido atendidas de forma satisfactoria, puede interponer una reclamaci\u00f3n ante a la autoridad de protecci\u00f3n de datos que corresponda, siendo la AEPD la indicada en el territorio nacional, <a href=\"http:\/\/www.aepd.es\">www.aepd.es<\/a>.<\/p>\n<p>\u00a0<strong>Seguridad y actualizaci\u00f3n de sus datos personales<\/strong><\/p>\n<p>\u00a0Con el objetivo de salvaguardar la seguridad de sus datos personales, le informamos que ha adoptado todas las medidas de \u00edndole t\u00e9cnica y organizativa necesarias para garantizar la seguridad de los datos personales suministrados. Todo ello para evitar su alteraci\u00f3n, p\u00e9rdida, y\/o tratamientos o accesos no autorizados, tal como exige la normativa, si bien la seguridad absoluta no existe.<\/p>\n<p>\u00a0Es importante que, para que podamos mantener sus datos personales actualizados, nos informe siempre que se produzca una modificaci\u00f3n de los mismos.<\/p>\n<p>\u00a0Confidencialidad<\/p>\n<p>\u00a0<strong>Equipos de Oficina Madrid Cinco S.L.<\/strong><strong>\u00a0 <\/strong>le informa que sus datos ser\u00e1n tratados con el m\u00e1ximo celo y confidencialidad por todo el personal que intervenga en cualquiera de las fases del tratamiento. No cederemos ni comunicaremos a ning\u00fan tercero sus datos, excepto en los casos legalmente previstos, o salvo que el interesado nos hubiera autorizado expresamente.<\/p>\n<p>\u00a0<strong>Confidencialidad<\/strong><\/p>\n<p>\u00a0<strong>Equipos de Oficina Madrid Cinco S.L.<\/strong><strong>\u00a0 <\/strong>le informa que sus datos ser\u00e1n tratados con el m\u00e1ximo celo y confidencialidad por todo el personal que intervenga en cualquiera de las fases del tratamiento. No cederemos ni comunicaremos a ning\u00fan tercero sus datos, excepto en los casos legalmente previstos, o salvo que el interesado nos hubiera autorizado expresamente.<\/p>\n<p>&nbsp;<\/p>\n<p>&nbsp;<\/p>\n<p>&nbsp;<\/p>\n<h2><\/h2>\n<p>[\/et_pb_text][\/et_pb_column][\/et_pb_row][\/et_pb_section]<\/p>\n","protected":false},"excerpt":{"rendered":"<p>Privacidad POL\u00cdTICA DE PRIVACIDAD Siguiendo los principios de licitud, lealtad y transparencia, ponemos a su disposici\u00f3n la presente Pol\u00edtica de Privacidad. \u00a0\u00bfQui\u00e9n es el Responsable del tratamiento de sus datos? &nbsp; RESPONSABLE Equipos de Oficina Madrid Cinco S.L. NIF ESB28879971 DOMICILIO SOCIAL Ronda de Segovia 55 local, 28005, Madrid CONTACTO Email &nbsp; administracion@canonm5.com Tel\u00e9fono 913643860 [&hellip;]<\/p>\n","protected":false},"author":1,"featured_media":0,"parent":0,"menu_order":0,"comment_status":"closed","ping_status":"closed","template":"","meta":{"_et_pb_use_builder":"on","_et_pb_old_content":"","_et_gb_content_width":"","_joinchat":[],"footnotes":""},"class_list":["post-3017","page","type-page","status-publish","hentry"],"yoast_head":"<!-- This site is optimized with the Yoast SEO plugin v27.5 - https:\/\/yoast.com\/product\/yoast-seo-wordpress\/ -->\n<title>Privacidad - Canon M5 Madrid | Distribuidor oficial Canon<\/title>\n<meta name=\"robots\" content=\"index, follow, max-snippet:-1, max-image-preview:large, max-video-preview:-1\" \/>\n<link rel=\"canonical\" href=\"https:\/\/canonm5.com\/index.php\/privacidad-2\/\" \/>\n<meta property=\"og:locale\" content=\"es_ES\" \/>\n<meta property=\"og:type\" content=\"article\" \/>\n<meta property=\"og:title\" content=\"Privacidad - Canon M5 Madrid | Distribuidor oficial Canon\" \/>\n<meta property=\"og:description\" content=\"Privacidad POL\u00cdTICA DE PRIVACIDAD Siguiendo los principios de licitud, lealtad y transparencia, ponemos a su disposici\u00f3n la presente Pol\u00edtica de Privacidad. \u00a0\u00bfQui\u00e9n es el Responsable del tratamiento de sus datos? &nbsp; RESPONSABLE Equipos de Oficina Madrid Cinco S.L. NIF ESB28879971 DOMICILIO SOCIAL Ronda de Segovia 55 local, 28005, Madrid CONTACTO Email &nbsp; administracion@canonm5.com Tel\u00e9fono 913643860 [&hellip;]\" \/>\n<meta property=\"og:url\" content=\"https:\/\/canonm5.com\/index.php\/privacidad-2\/\" \/>\n<meta property=\"og:site_name\" content=\"Canon M5 Madrid | Distribuidor oficial Canon\" \/>\n<meta property=\"article:modified_time\" content=\"2023-06-28T10:11:01+00:00\" \/>\n<meta name=\"twitter:card\" content=\"summary_large_image\" \/>\n<script type=\"application\/ld+json\" class=\"yoast-schema-graph\">{\"@context\":\"https:\\\/\\\/schema.org\",\"@graph\":[{\"@type\":\"WebPage\",\"@id\":\"https:\\\/\\\/canonm5.com\\\/index.php\\\/privacidad-2\\\/\",\"url\":\"https:\\\/\\\/canonm5.com\\\/index.php\\\/privacidad-2\\\/\",\"name\":\"Privacidad - Canon M5 Madrid | Distribuidor oficial Canon\",\"isPartOf\":{\"@id\":\"https:\\\/\\\/canonm5.com\\\/#website\"},\"datePublished\":\"2022-07-13T12:57:50+00:00\",\"dateModified\":\"2023-06-28T10:11:01+00:00\",\"breadcrumb\":{\"@id\":\"https:\\\/\\\/canonm5.com\\\/index.php\\\/privacidad-2\\\/#breadcrumb\"},\"inLanguage\":\"es\",\"potentialAction\":[{\"@type\":\"ReadAction\",\"target\":[\"https:\\\/\\\/canonm5.com\\\/index.php\\\/privacidad-2\\\/\"]}]},{\"@type\":\"BreadcrumbList\",\"@id\":\"https:\\\/\\\/canonm5.com\\\/index.php\\\/privacidad-2\\\/#breadcrumb\",\"itemListElement\":[{\"@type\":\"ListItem\",\"position\":1,\"name\":\"Portada\",\"item\":\"https:\\\/\\\/canonm5.com\\\/\"},{\"@type\":\"ListItem\",\"position\":2,\"name\":\"Privacidad\"}]},{\"@type\":\"WebSite\",\"@id\":\"https:\\\/\\\/canonm5.com\\\/#website\",\"url\":\"https:\\\/\\\/canonm5.com\\\/\",\"name\":\"Canon M5 Madrid | Distribuidor oficial Canon\",\"description\":\"Renting de impresoras para empresas\",\"potentialAction\":[{\"@type\":\"SearchAction\",\"target\":{\"@type\":\"EntryPoint\",\"urlTemplate\":\"https:\\\/\\\/canonm5.com\\\/?s={search_term_string}\"},\"query-input\":{\"@type\":\"PropertyValueSpecification\",\"valueRequired\":true,\"valueName\":\"search_term_string\"}}],\"inLanguage\":\"es\"}]}<\/script>\n<!-- \/ Yoast SEO plugin. -->","yoast_head_json":{"title":"Privacidad - Canon M5 Madrid | Distribuidor oficial Canon","robots":{"index":"index","follow":"follow","max-snippet":"max-snippet:-1","max-image-preview":"max-image-preview:large","max-video-preview":"max-video-preview:-1"},"canonical":"https:\/\/canonm5.com\/index.php\/privacidad-2\/","og_locale":"es_ES","og_type":"article","og_title":"Privacidad - Canon M5 Madrid | Distribuidor oficial Canon","og_description":"Privacidad POL\u00cdTICA DE PRIVACIDAD Siguiendo los principios de licitud, lealtad y transparencia, ponemos a su disposici\u00f3n la presente Pol\u00edtica de Privacidad. \u00a0\u00bfQui\u00e9n es el Responsable del tratamiento de sus datos? &nbsp; RESPONSABLE Equipos de Oficina Madrid Cinco S.L. NIF ESB28879971 DOMICILIO SOCIAL Ronda de Segovia 55 local, 28005, Madrid CONTACTO Email &nbsp; administracion@canonm5.com Tel\u00e9fono 913643860 [&hellip;]","og_url":"https:\/\/canonm5.com\/index.php\/privacidad-2\/","og_site_name":"Canon M5 Madrid | Distribuidor oficial Canon","article_modified_time":"2023-06-28T10:11:01+00:00","twitter_card":"summary_large_image","schema":{"@context":"https:\/\/schema.org","@graph":[{"@type":"WebPage","@id":"https:\/\/canonm5.com\/index.php\/privacidad-2\/","url":"https:\/\/canonm5.com\/index.php\/privacidad-2\/","name":"Privacidad - Canon M5 Madrid | Distribuidor oficial Canon","isPartOf":{"@id":"https:\/\/canonm5.com\/#website"},"datePublished":"2022-07-13T12:57:50+00:00","dateModified":"2023-06-28T10:11:01+00:00","breadcrumb":{"@id":"https:\/\/canonm5.com\/index.php\/privacidad-2\/#breadcrumb"},"inLanguage":"es","potentialAction":[{"@type":"ReadAction","target":["https:\/\/canonm5.com\/index.php\/privacidad-2\/"]}]},{"@type":"BreadcrumbList","@id":"https:\/\/canonm5.com\/index.php\/privacidad-2\/#breadcrumb","itemListElement":[{"@type":"ListItem","position":1,"name":"Portada","item":"https:\/\/canonm5.com\/"},{"@type":"ListItem","position":2,"name":"Privacidad"}]},{"@type":"WebSite","@id":"https:\/\/canonm5.com\/#website","url":"https:\/\/canonm5.com\/","name":"Canon M5 Madrid | Distribuidor oficial Canon","description":"Renting de impresoras para empresas","potentialAction":[{"@type":"SearchAction","target":{"@type":"EntryPoint","urlTemplate":"https:\/\/canonm5.com\/?s={search_term_string}"},"query-input":{"@type":"PropertyValueSpecification","valueRequired":true,"valueName":"search_term_string"}}],"inLanguage":"es"}]}},"_links":{"self":[{"href":"https:\/\/canonm5.com\/index.php\/wp-json\/wp\/v2\/pages\/3017","targetHints":{"allow":["GET"]}}],"collection":[{"href":"https:\/\/canonm5.com\/index.php\/wp-json\/wp\/v2\/pages"}],"about":[{"href":"https:\/\/canonm5.com\/index.php\/wp-json\/wp\/v2\/types\/page"}],"author":[{"embeddable":true,"href":"https:\/\/canonm5.com\/index.php\/wp-json\/wp\/v2\/users\/1"}],"replies":[{"embeddable":true,"href":"https:\/\/canonm5.com\/index.php\/wp-json\/wp\/v2\/comments?post=3017"}],"version-history":[{"count":6,"href":"https:\/\/canonm5.com\/index.php\/wp-json\/wp\/v2\/pages\/3017\/revisions"}],"predecessor-version":[{"id":7399,"href":"https:\/\/canonm5.com\/index.php\/wp-json\/wp\/v2\/pages\/3017\/revisions\/7399"}],"wp:attachment":[{"href":"https:\/\/canonm5.com\/index.php\/wp-json\/wp\/v2\/media?parent=3017"}],"curies":[{"name":"wp","href":"https:\/\/api.w.org\/{rel}","templated":true}]}}